{"id":844,"date":"2023-02-06T09:33:29","date_gmt":"2023-02-06T09:33:29","guid":{"rendered":"https:\/\/api.visittrogir.hr\/?page_id=844"},"modified":"2023-05-17T09:49:01","modified_gmt":"2023-05-17T09:49:01","slug":"agenda","status":"publish","type":"page","link":"https:\/\/api.visittrogir.hr\/en\/documents-and-info\/agenda\/","title":{"rendered":"Agenda"},"content":{"rendered":"","protected":false},"excerpt":{"rendered":"","protected":false},"author":1,"featured_media":0,"parent":802,"menu_order":0,"comment_status":"closed","ping_status":"closed","template":"\/var\/www\/api.visittrogir.hr\/source\/wordpress\/wp-content\/plugins\/tz-trogir-endpoint-customization\/inc\/inc\/templates\/documents-page-template.php","meta":{"footnotes":""},"class_list":["post-844","page","type-page","status-publish","hentry"],"acf":{"title":"Agenda","files":[{"image":{"ID":2093,"id":2093,"title":"5","filename":"5.png","filesize":24485,"url":"https:\/\/api.visittrogir.hr\/wp-content\/uploads\/2023\/05\/5.png","link":"https:\/\/api.visittrogir.hr\/en\/documents-and-info\/legal-documents\/5-2\/","alt":"","author":"1","description":"","caption":"","name":"5-2","status":"inherit","uploaded_to":841,"date":"2023-05-03 12:39:04","modified":"2023-05-05 07:55:41","menu_order":0,"mime_type":"image\/png","type":"image","subtype":"png","icon":"https:\/\/api.visittrogir.hr\/wp-includes\/images\/media\/default.png","width":1000,"height":1000,"sizes":{"thumbnail":"https:\/\/api.visittrogir.hr\/wp-content\/uploads\/2023\/05\/5-150x150.png","thumbnail-width":150,"thumbnail-height":150,"medium":"https:\/\/api.visittrogir.hr\/wp-content\/uploads\/2023\/05\/5-300x300.png","medium-width":300,"medium-height":300,"medium_large":"https:\/\/api.visittrogir.hr\/wp-content\/uploads\/2023\/05\/5-768x768.png","medium_large-width":768,"medium_large-height":768,"large":"https:\/\/api.visittrogir.hr\/wp-content\/uploads\/2023\/05\/5.png","large-width":1000,"large-height":1000,"1536x1536":"https:\/\/api.visittrogir.hr\/wp-content\/uploads\/2023\/05\/5.png","1536x1536-width":1000,"1536x1536-height":1000,"2048x2048":"https:\/\/api.visittrogir.hr\/wp-content\/uploads\/2023\/05\/5.png","2048x2048-width":1000,"2048x2048-height":1000}},"title":"Program rada za 2022. godinu","description":"Program rada za 2022. godinu","file_type":"upload","file":"https:\/\/api.visittrogir.hr\/wp-content\/uploads\/2023\/05\/Program-rada-Turisticke-zajednice-grada-Trogira-za-2022.-godinu-1.pdf","link":""},{"image":{"ID":2093,"id":2093,"title":"5","filename":"5.png","filesize":24485,"url":"https:\/\/api.visittrogir.hr\/wp-content\/uploads\/2023\/05\/5.png","link":"https:\/\/api.visittrogir.hr\/en\/documents-and-info\/legal-documents\/5-2\/","alt":"","author":"1","description":"","caption":"","name":"5-2","status":"inherit","uploaded_to":841,"date":"2023-05-03 12:39:04","modified":"2023-05-05 07:55:41","menu_order":0,"mime_type":"image\/png","type":"image","subtype":"png","icon":"https:\/\/api.visittrogir.hr\/wp-includes\/images\/media\/default.png","width":1000,"height":1000,"sizes":{"thumbnail":"https:\/\/api.visittrogir.hr\/wp-content\/uploads\/2023\/05\/5-150x150.png","thumbnail-width":150,"thumbnail-height":150,"medium":"https:\/\/api.visittrogir.hr\/wp-content\/uploads\/2023\/05\/5-300x300.png","medium-width":300,"medium-height":300,"medium_large":"https:\/\/api.visittrogir.hr\/wp-content\/uploads\/2023\/05\/5-768x768.png","medium_large-width":768,"medium_large-height":768,"large":"https:\/\/api.visittrogir.hr\/wp-content\/uploads\/2023\/05\/5.png","large-width":1000,"large-height":1000,"1536x1536":"https:\/\/api.visittrogir.hr\/wp-content\/uploads\/2023\/05\/5.png","1536x1536-width":1000,"1536x1536-height":1000,"2048x2048":"https:\/\/api.visittrogir.hr\/wp-content\/uploads\/2023\/05\/5.png","2048x2048-width":1000,"2048x2048-height":1000}},"title":"Izmjene i dopune programa rada za 2022. godinu","description":"Izmjene i dopune programa rada za 2022. godinu","file_type":"upload","file":"https:\/\/api.visittrogir.hr\/wp-content\/uploads\/2023\/05\/Izmjene-i-dopune-Program-rada-Turisticke-zajednice-grada-Trogira-za-2022.-godinu-1-1-1.pdf","link":""},{"image":{"ID":2093,"id":2093,"title":"5","filename":"5.png","filesize":24485,"url":"https:\/\/api.visittrogir.hr\/wp-content\/uploads\/2023\/05\/5.png","link":"https:\/\/api.visittrogir.hr\/en\/documents-and-info\/legal-documents\/5-2\/","alt":"","author":"1","description":"","caption":"","name":"5-2","status":"inherit","uploaded_to":841,"date":"2023-05-03 12:39:04","modified":"2023-05-05 07:55:41","menu_order":0,"mime_type":"image\/png","type":"image","subtype":"png","icon":"https:\/\/api.visittrogir.hr\/wp-includes\/images\/media\/default.png","width":1000,"height":1000,"sizes":{"thumbnail":"https:\/\/api.visittrogir.hr\/wp-content\/uploads\/2023\/05\/5-150x150.png","thumbnail-width":150,"thumbnail-height":150,"medium":"https:\/\/api.visittrogir.hr\/wp-content\/uploads\/2023\/05\/5-300x300.png","medium-width":300,"medium-height":300,"medium_large":"https:\/\/api.visittrogir.hr\/wp-content\/uploads\/2023\/05\/5-768x768.png","medium_large-width":768,"medium_large-height":768,"large":"https:\/\/api.visittrogir.hr\/wp-content\/uploads\/2023\/05\/5.png","large-width":1000,"large-height":1000,"1536x1536":"https:\/\/api.visittrogir.hr\/wp-content\/uploads\/2023\/05\/5.png","1536x1536-width":1000,"1536x1536-height":1000,"2048x2048":"https:\/\/api.visittrogir.hr\/wp-content\/uploads\/2023\/05\/5.png","2048x2048-width":1000,"2048x2048-height":1000}},"title":"Izvje\u0161\u0107e o izvr\u0161enju Godi\u0161njeg programa rada za 2022. godinu","description":"Izvje\u0161\u0107e o izvr\u0161enju Godi\u0161njeg programa rada za 2022. godinu","file_type":"upload","file":"https:\/\/api.visittrogir.hr\/wp-content\/uploads\/2023\/05\/Izvjesce-o-izvrsenju-Godisnjeg-programa-rada-i-financijskog-plana-TZG-Trogir-2022.-dopunjeno-1.pdf","link":""},{"image":{"ID":2093,"id":2093,"title":"5","filename":"5.png","filesize":24485,"url":"https:\/\/api.visittrogir.hr\/wp-content\/uploads\/2023\/05\/5.png","link":"https:\/\/api.visittrogir.hr\/en\/documents-and-info\/legal-documents\/5-2\/","alt":"","author":"1","description":"","caption":"","name":"5-2","status":"inherit","uploaded_to":841,"date":"2023-05-03 12:39:04","modified":"2023-05-05 07:55:41","menu_order":0,"mime_type":"image\/png","type":"image","subtype":"png","icon":"https:\/\/api.visittrogir.hr\/wp-includes\/images\/media\/default.png","width":1000,"height":1000,"sizes":{"thumbnail":"https:\/\/api.visittrogir.hr\/wp-content\/uploads\/2023\/05\/5-150x150.png","thumbnail-width":150,"thumbnail-height":150,"medium":"https:\/\/api.visittrogir.hr\/wp-content\/uploads\/2023\/05\/5-300x300.png","medium-width":300,"medium-height":300,"medium_large":"https:\/\/api.visittrogir.hr\/wp-content\/uploads\/2023\/05\/5-768x768.png","medium_large-width":768,"medium_large-height":768,"large":"https:\/\/api.visittrogir.hr\/wp-content\/uploads\/2023\/05\/5.png","large-width":1000,"large-height":1000,"1536x1536":"https:\/\/api.visittrogir.hr\/wp-content\/uploads\/2023\/05\/5.png","1536x1536-width":1000,"1536x1536-height":1000,"2048x2048":"https:\/\/api.visittrogir.hr\/wp-content\/uploads\/2023\/05\/5.png","2048x2048-width":1000,"2048x2048-height":1000}},"title":"Program rada za 2023. godinu","description":"Program rada za 2023. godinu","file_type":"upload","file":"https:\/\/api.visittrogir.hr\/wp-content\/uploads\/2023\/05\/Prijedlog-Programa-rada-Turisticke-zajednice-grada-Trogira-za-2023.-godinu-4.-tocka.pdf","link":""}]},"translations":{"en":"agenda","hr":"agenda"},"yoast_head":"<!-- This site is optimized with the Yoast SEO plugin v20.5 - https:\/\/yoast.com\/wordpress\/plugins\/seo\/ -->\n<title>Agenda - Tourist Board Trogir<\/title>\n<meta name=\"robots\" content=\"noindex, follow, max-snippet:-1, max-image-preview:large, max-video-preview:-1\" \/>\n<meta property=\"og:locale\" content=\"en_US\" \/>\n<meta property=\"og:type\" content=\"article\" \/>\n<meta property=\"og:title\" content=\"Agenda - Tourist Board Trogir\" \/>\n<meta property=\"og:url\" content=\"https:\/\/api.visittrogir.hr\/en\/documents-and-info\/agenda\/\" \/>\n<meta property=\"og:site_name\" content=\"Tourist Board Trogir\" \/>\n<meta property=\"article:publisher\" content=\"https:\/\/www.facebook.com\/visit.trogir\" \/>\n<meta property=\"article:modified_time\" content=\"2023-05-17T09:49:01+00:00\" \/>\n<meta name=\"twitter:card\" content=\"summary_large_image\" \/>\n<meta name=\"twitter:site\" content=\"@visit_trogir\" \/>\n<script type=\"application\/ld+json\" class=\"yoast-schema-graph\">{\"@context\":\"https:\/\/schema.org\",\"@graph\":[{\"@type\":\"WebPage\",\"@id\":\"https:\/\/api.visittrogir.hr\/en\/documents-and-info\/agenda\/\",\"url\":\"https:\/\/api.visittrogir.hr\/en\/documents-and-info\/agenda\/\",\"name\":\"Agenda - Tourist Board Trogir\",\"isPartOf\":{\"@id\":\"https:\/\/api.visittrogir.hr\/hr\/#website\"},\"datePublished\":\"2023-02-06T09:33:29+00:00\",\"dateModified\":\"2023-05-17T09:49:01+00:00\",\"breadcrumb\":{\"@id\":\"https:\/\/api.visittrogir.hr\/en\/documents-and-info\/agenda\/#breadcrumb\"},\"inLanguage\":\"en-US\",\"potentialAction\":[{\"@type\":\"ReadAction\",\"target\":[\"https:\/\/api.visittrogir.hr\/en\/documents-and-info\/agenda\/\"]}]},{\"@type\":\"BreadcrumbList\",\"@id\":\"https:\/\/api.visittrogir.hr\/en\/documents-and-info\/agenda\/#breadcrumb\",\"itemListElement\":[{\"@type\":\"ListItem\",\"position\":1,\"name\":\"Home\",\"item\":\"https:\/\/api.visittrogir.hr\/hr\/\"},{\"@type\":\"ListItem\",\"position\":2,\"name\":\"Documents and Info\",\"item\":\"https:\/\/api.visittrogir.hr\/en\/documents-and-info\/\"},{\"@type\":\"ListItem\",\"position\":3,\"name\":\"Agenda\"}]},{\"@type\":\"WebSite\",\"@id\":\"https:\/\/api.visittrogir.hr\/hr\/#website\",\"url\":\"https:\/\/api.visittrogir.hr\/hr\/\",\"name\":\"Tourist Board Trogir\",\"description\":\"\",\"publisher\":{\"@id\":\"https:\/\/api.visittrogir.hr\/hr\/#organization\"},\"potentialAction\":[{\"@type\":\"SearchAction\",\"target\":{\"@type\":\"EntryPoint\",\"urlTemplate\":\"https:\/\/api.visittrogir.hr\/hr\/?s={search_term_string}\"},\"query-input\":\"required name=search_term_string\"}],\"inLanguage\":\"en-US\"},{\"@type\":\"Organization\",\"@id\":\"https:\/\/api.visittrogir.hr\/hr\/#organization\",\"name\":\"Tourist Board Trogir\",\"url\":\"https:\/\/api.visittrogir.hr\/hr\/\",\"logo\":{\"@type\":\"ImageObject\",\"inLanguage\":\"en-US\",\"@id\":\"https:\/\/api.visittrogir.hr\/hr\/#\/schema\/logo\/image\/\",\"url\":\"https:\/\/api.visittrogir.hr\/wp-content\/uploads\/2023\/03\/tzgt.jpg\",\"contentUrl\":\"https:\/\/api.visittrogir.hr\/wp-content\/uploads\/2023\/03\/tzgt.jpg\",\"width\":627,\"height\":636,\"caption\":\"Tourist Board Trogir\"},\"image\":{\"@id\":\"https:\/\/api.visittrogir.hr\/hr\/#\/schema\/logo\/image\/\"},\"sameAs\":[\"https:\/\/www.facebook.com\/visit.trogir\",\"https:\/\/twitter.com\/visit_trogir\"]}]}<\/script>\n<!-- \/ Yoast SEO plugin. -->","yoast_head_json":{"title":"Agenda - Tourist Board Trogir","robots":{"index":"noindex","follow":"follow","max-snippet":"max-snippet:-1","max-image-preview":"max-image-preview:large","max-video-preview":"max-video-preview:-1"},"og_locale":"en_US","og_type":"article","og_title":"Agenda - Tourist Board Trogir","og_url":"https:\/\/api.visittrogir.hr\/en\/documents-and-info\/agenda\/","og_site_name":"Tourist Board Trogir","article_publisher":"https:\/\/www.facebook.com\/visit.trogir","article_modified_time":"2023-05-17T09:49:01+00:00","twitter_card":"summary_large_image","twitter_site":"@visit_trogir","schema":{"@context":"https:\/\/schema.org","@graph":[{"@type":"WebPage","@id":"https:\/\/api.visittrogir.hr\/en\/documents-and-info\/agenda\/","url":"https:\/\/api.visittrogir.hr\/en\/documents-and-info\/agenda\/","name":"Agenda - Tourist Board Trogir","isPartOf":{"@id":"https:\/\/api.visittrogir.hr\/hr\/#website"},"datePublished":"2023-02-06T09:33:29+00:00","dateModified":"2023-05-17T09:49:01+00:00","breadcrumb":{"@id":"https:\/\/api.visittrogir.hr\/en\/documents-and-info\/agenda\/#breadcrumb"},"inLanguage":"en-US","potentialAction":[{"@type":"ReadAction","target":["https:\/\/api.visittrogir.hr\/en\/documents-and-info\/agenda\/"]}]},{"@type":"BreadcrumbList","@id":"https:\/\/api.visittrogir.hr\/en\/documents-and-info\/agenda\/#breadcrumb","itemListElement":[{"@type":"ListItem","position":1,"name":"Home","item":"https:\/\/api.visittrogir.hr\/hr\/"},{"@type":"ListItem","position":2,"name":"Documents and Info","item":"https:\/\/api.visittrogir.hr\/en\/documents-and-info\/"},{"@type":"ListItem","position":3,"name":"Agenda"}]},{"@type":"WebSite","@id":"https:\/\/api.visittrogir.hr\/hr\/#website","url":"https:\/\/api.visittrogir.hr\/hr\/","name":"Tourist Board Trogir","description":"","publisher":{"@id":"https:\/\/api.visittrogir.hr\/hr\/#organization"},"potentialAction":[{"@type":"SearchAction","target":{"@type":"EntryPoint","urlTemplate":"https:\/\/api.visittrogir.hr\/hr\/?s={search_term_string}"},"query-input":"required name=search_term_string"}],"inLanguage":"en-US"},{"@type":"Organization","@id":"https:\/\/api.visittrogir.hr\/hr\/#organization","name":"Tourist Board Trogir","url":"https:\/\/api.visittrogir.hr\/hr\/","logo":{"@type":"ImageObject","inLanguage":"en-US","@id":"https:\/\/api.visittrogir.hr\/hr\/#\/schema\/logo\/image\/","url":"https:\/\/api.visittrogir.hr\/wp-content\/uploads\/2023\/03\/tzgt.jpg","contentUrl":"https:\/\/api.visittrogir.hr\/wp-content\/uploads\/2023\/03\/tzgt.jpg","width":627,"height":636,"caption":"Tourist Board Trogir"},"image":{"@id":"https:\/\/api.visittrogir.hr\/hr\/#\/schema\/logo\/image\/"},"sameAs":["https:\/\/www.facebook.com\/visit.trogir","https:\/\/twitter.com\/visit_trogir"]}]}},"_links":{"self":[{"href":"https:\/\/api.visittrogir.hr\/en\/wp-json\/wp\/v2\/pages\/844","targetHints":{"allow":["GET"]}}],"collection":[{"href":"https:\/\/api.visittrogir.hr\/en\/wp-json\/wp\/v2\/pages"}],"about":[{"href":"https:\/\/api.visittrogir.hr\/en\/wp-json\/wp\/v2\/types\/page"}],"author":[{"embeddable":true,"href":"https:\/\/api.visittrogir.hr\/en\/wp-json\/wp\/v2\/users\/1"}],"replies":[{"embeddable":true,"href":"https:\/\/api.visittrogir.hr\/en\/wp-json\/wp\/v2\/comments?post=844"}],"version-history":[{"count":7,"href":"https:\/\/api.visittrogir.hr\/en\/wp-json\/wp\/v2\/pages\/844\/revisions"}],"predecessor-version":[{"id":2672,"href":"https:\/\/api.visittrogir.hr\/en\/wp-json\/wp\/v2\/pages\/844\/revisions\/2672"}],"up":[{"embeddable":true,"href":"https:\/\/api.visittrogir.hr\/en\/wp-json\/wp\/v2\/pages\/802"}],"wp:attachment":[{"href":"https:\/\/api.visittrogir.hr\/en\/wp-json\/wp\/v2\/media?parent=844"}],"curies":[{"name":"wp","href":"https:\/\/api.w.org\/{rel}","templated":true}]}}