{"id":915,"date":"2023-03-09T12:30:58","date_gmt":"2023-03-09T12:30:58","guid":{"rendered":"https:\/\/api.visittrogir.hr\/tourist\/"},"modified":"2023-07-25T10:11:40","modified_gmt":"2023-07-25T10:11:40","slug":"tourist","status":"publish","type":"page","link":"https:\/\/api.visittrogir.hr\/en\/tourist\/","title":{"rendered":"Tourist"},"content":{"rendered":"","protected":false},"excerpt":{"rendered":"","protected":false},"author":1,"featured_media":0,"parent":0,"menu_order":0,"comment_status":"closed","ping_status":"closed","template":"\/var\/www\/api.visittrogir.hr\/source\/wordpress\/wp-content\/plugins\/tz-trogir-endpoint-customization\/inc\/inc\/templates\/tourist-page-template.php","meta":{"footnotes":""},"class_list":["post-915","page","type-page","status-publish","hentry"],"acf":{"hero_msg":"Welcome to the City of Masters","events":"Events","events_empty":"There are currently no active events","blogs":"Blog","blogs_empty":"There are currently no blogs","master":{"title_gold":"masters","title_gray":"Marked","content":"<p style=\"text-align: center;\">Due to its geographical position, Trogir has always been a perfect place for living. With its naturally protected port, many springs of drinking water, fertile soil in the hinterland and stone from local quarries, Trogir has been inhabited for more than 3.600 years. This inspiring Mediterranean city has attracted many great masters ever since the time of the ancient Greeks. These masters lived in Trogir and created some of their most famous masterpieces here.<\/p>\n<p style=\"text-align: center;\">Trogir is the City of Masters, the city which slowly, but convincingly pulls us into an enchanted labyrinth of beauty, into narrow stone streets made of yellow smooth stone that remind us of the colours of the warm afternoon sun. This City of Masters began its master story with the portal of Master Radovan, Andrija Ale\u0161i, Bla\u017e Jurjev Trogiranin, Nikola Firentinac and Duknovi\u0107. These masters marked a turning point in the history of Trogir, placing it at the very top of the art world.<\/p>\n"},"walk_banner":{"title":"Virtual tour","text":"Explore Trogir, unique sights and hidden picturesque streets with virtual tour.","btn":"360\u00b0 tour"},"outdoor_banner":{"title":"Trogir Outdoor Festival","text":"Experience active holidays in Trogir during May, featuring the Trogir Outdoor Festival with diverse races, triathlon, and sailing events.","btn":"Visit page"},"social":{"title":"Connect via social networks","text":"Share your favourite memory and tag us #markedbymasters.","instagram_btn":"Visit instagram","facebook_btn":"Visit facebook"}},"translations":{"en":"tourist","hr":"tourist"},"yoast_head":"<!-- This site is optimized with the Yoast SEO plugin v20.5 - https:\/\/yoast.com\/wordpress\/plugins\/seo\/ -->\n<title>Tourist - Tourist Board Trogir<\/title>\n<meta name=\"description\" content=\"Trogir is the City of Masters, the city which slowly, but convincingly pulls us into an enchanted labyrinth of beauty, into narrow stone streets.\" \/>\n<meta name=\"robots\" content=\"noindex, follow, max-snippet:-1, max-image-preview:large, max-video-preview:-1\" \/>\n<meta property=\"og:locale\" content=\"en_US\" \/>\n<meta property=\"og:type\" content=\"article\" \/>\n<meta property=\"og:title\" content=\"Tourist - Tourist Board Trogir\" \/>\n<meta property=\"og:description\" content=\"Trogir is the City of Masters, the city which slowly, but convincingly pulls us into an enchanted labyrinth of beauty, into narrow stone streets.\" \/>\n<meta property=\"og:url\" content=\"https:\/\/api.visittrogir.hr\/en\/tourist\/\" \/>\n<meta property=\"og:site_name\" content=\"Tourist Board Trogir\" \/>\n<meta property=\"article:publisher\" content=\"https:\/\/www.facebook.com\/visit.trogir\" \/>\n<meta property=\"article:modified_time\" content=\"2023-07-25T10:11:40+00:00\" \/>\n<meta name=\"twitter:card\" content=\"summary_large_image\" \/>\n<meta name=\"twitter:site\" content=\"@visit_trogir\" \/>\n<script type=\"application\/ld+json\" class=\"yoast-schema-graph\">{\"@context\":\"https:\/\/schema.org\",\"@graph\":[{\"@type\":\"WebPage\",\"@id\":\"https:\/\/api.visittrogir.hr\/en\/tourist\/\",\"url\":\"https:\/\/api.visittrogir.hr\/en\/tourist\/\",\"name\":\"Tourist - Tourist Board Trogir\",\"isPartOf\":{\"@id\":\"https:\/\/api.visittrogir.hr\/hr\/#website\"},\"datePublished\":\"2023-03-09T12:30:58+00:00\",\"dateModified\":\"2023-07-25T10:11:40+00:00\",\"description\":\"Trogir is the City of Masters, the city which slowly, but convincingly pulls us into an enchanted labyrinth of beauty, into narrow stone streets.\",\"breadcrumb\":{\"@id\":\"https:\/\/api.visittrogir.hr\/en\/tourist\/#breadcrumb\"},\"inLanguage\":\"en-US\",\"potentialAction\":[{\"@type\":\"ReadAction\",\"target\":[\"https:\/\/api.visittrogir.hr\/en\/tourist\/\"]}]},{\"@type\":\"BreadcrumbList\",\"@id\":\"https:\/\/api.visittrogir.hr\/en\/tourist\/#breadcrumb\",\"itemListElement\":[{\"@type\":\"ListItem\",\"position\":1,\"name\":\"Home\",\"item\":\"https:\/\/api.visittrogir.hr\/hr\/\"},{\"@type\":\"ListItem\",\"position\":2,\"name\":\"Tourist\"}]},{\"@type\":\"WebSite\",\"@id\":\"https:\/\/api.visittrogir.hr\/hr\/#website\",\"url\":\"https:\/\/api.visittrogir.hr\/hr\/\",\"name\":\"Tourist Board Trogir\",\"description\":\"\",\"publisher\":{\"@id\":\"https:\/\/api.visittrogir.hr\/hr\/#organization\"},\"potentialAction\":[{\"@type\":\"SearchAction\",\"target\":{\"@type\":\"EntryPoint\",\"urlTemplate\":\"https:\/\/api.visittrogir.hr\/hr\/?s={search_term_string}\"},\"query-input\":\"required name=search_term_string\"}],\"inLanguage\":\"en-US\"},{\"@type\":\"Organization\",\"@id\":\"https:\/\/api.visittrogir.hr\/hr\/#organization\",\"name\":\"Tourist Board Trogir\",\"url\":\"https:\/\/api.visittrogir.hr\/hr\/\",\"logo\":{\"@type\":\"ImageObject\",\"inLanguage\":\"en-US\",\"@id\":\"https:\/\/api.visittrogir.hr\/hr\/#\/schema\/logo\/image\/\",\"url\":\"https:\/\/api.visittrogir.hr\/wp-content\/uploads\/2023\/03\/tzgt.jpg\",\"contentUrl\":\"https:\/\/api.visittrogir.hr\/wp-content\/uploads\/2023\/03\/tzgt.jpg\",\"width\":627,\"height\":636,\"caption\":\"Tourist Board Trogir\"},\"image\":{\"@id\":\"https:\/\/api.visittrogir.hr\/hr\/#\/schema\/logo\/image\/\"},\"sameAs\":[\"https:\/\/www.facebook.com\/visit.trogir\",\"https:\/\/twitter.com\/visit_trogir\"]}]}<\/script>\n<!-- \/ Yoast SEO plugin. -->","yoast_head_json":{"title":"Tourist - Tourist Board Trogir","description":"Trogir is the City of Masters, the city which slowly, but convincingly pulls us into an enchanted labyrinth of beauty, into narrow stone streets.","robots":{"index":"noindex","follow":"follow","max-snippet":"max-snippet:-1","max-image-preview":"max-image-preview:large","max-video-preview":"max-video-preview:-1"},"og_locale":"en_US","og_type":"article","og_title":"Tourist - Tourist Board Trogir","og_description":"Trogir is the City of Masters, the city which slowly, but convincingly pulls us into an enchanted labyrinth of beauty, into narrow stone streets.","og_url":"https:\/\/api.visittrogir.hr\/en\/tourist\/","og_site_name":"Tourist Board Trogir","article_publisher":"https:\/\/www.facebook.com\/visit.trogir","article_modified_time":"2023-07-25T10:11:40+00:00","twitter_card":"summary_large_image","twitter_site":"@visit_trogir","schema":{"@context":"https:\/\/schema.org","@graph":[{"@type":"WebPage","@id":"https:\/\/api.visittrogir.hr\/en\/tourist\/","url":"https:\/\/api.visittrogir.hr\/en\/tourist\/","name":"Tourist - Tourist Board Trogir","isPartOf":{"@id":"https:\/\/api.visittrogir.hr\/hr\/#website"},"datePublished":"2023-03-09T12:30:58+00:00","dateModified":"2023-07-25T10:11:40+00:00","description":"Trogir is the City of Masters, the city which slowly, but convincingly pulls us into an enchanted labyrinth of beauty, into narrow stone streets.","breadcrumb":{"@id":"https:\/\/api.visittrogir.hr\/en\/tourist\/#breadcrumb"},"inLanguage":"en-US","potentialAction":[{"@type":"ReadAction","target":["https:\/\/api.visittrogir.hr\/en\/tourist\/"]}]},{"@type":"BreadcrumbList","@id":"https:\/\/api.visittrogir.hr\/en\/tourist\/#breadcrumb","itemListElement":[{"@type":"ListItem","position":1,"name":"Home","item":"https:\/\/api.visittrogir.hr\/hr\/"},{"@type":"ListItem","position":2,"name":"Tourist"}]},{"@type":"WebSite","@id":"https:\/\/api.visittrogir.hr\/hr\/#website","url":"https:\/\/api.visittrogir.hr\/hr\/","name":"Tourist Board Trogir","description":"","publisher":{"@id":"https:\/\/api.visittrogir.hr\/hr\/#organization"},"potentialAction":[{"@type":"SearchAction","target":{"@type":"EntryPoint","urlTemplate":"https:\/\/api.visittrogir.hr\/hr\/?s={search_term_string}"},"query-input":"required name=search_term_string"}],"inLanguage":"en-US"},{"@type":"Organization","@id":"https:\/\/api.visittrogir.hr\/hr\/#organization","name":"Tourist Board Trogir","url":"https:\/\/api.visittrogir.hr\/hr\/","logo":{"@type":"ImageObject","inLanguage":"en-US","@id":"https:\/\/api.visittrogir.hr\/hr\/#\/schema\/logo\/image\/","url":"https:\/\/api.visittrogir.hr\/wp-content\/uploads\/2023\/03\/tzgt.jpg","contentUrl":"https:\/\/api.visittrogir.hr\/wp-content\/uploads\/2023\/03\/tzgt.jpg","width":627,"height":636,"caption":"Tourist Board Trogir"},"image":{"@id":"https:\/\/api.visittrogir.hr\/hr\/#\/schema\/logo\/image\/"},"sameAs":["https:\/\/www.facebook.com\/visit.trogir","https:\/\/twitter.com\/visit_trogir"]}]}},"_links":{"self":[{"href":"https:\/\/api.visittrogir.hr\/en\/wp-json\/wp\/v2\/pages\/915","targetHints":{"allow":["GET"]}}],"collection":[{"href":"https:\/\/api.visittrogir.hr\/en\/wp-json\/wp\/v2\/pages"}],"about":[{"href":"https:\/\/api.visittrogir.hr\/en\/wp-json\/wp\/v2\/types\/page"}],"author":[{"embeddable":true,"href":"https:\/\/api.visittrogir.hr\/en\/wp-json\/wp\/v2\/users\/1"}],"replies":[{"embeddable":true,"href":"https:\/\/api.visittrogir.hr\/en\/wp-json\/wp\/v2\/comments?post=915"}],"version-history":[{"count":4,"href":"https:\/\/api.visittrogir.hr\/en\/wp-json\/wp\/v2\/pages\/915\/revisions"}],"predecessor-version":[{"id":4761,"href":"https:\/\/api.visittrogir.hr\/en\/wp-json\/wp\/v2\/pages\/915\/revisions\/4761"}],"wp:attachment":[{"href":"https:\/\/api.visittrogir.hr\/en\/wp-json\/wp\/v2\/media?parent=915"}],"curies":[{"name":"wp","href":"https:\/\/api.w.org\/{rel}","templated":true}]}}