{"id":921,"date":"2023-03-15T11:45:53","date_gmt":"2023-03-15T11:45:53","guid":{"rendered":"https:\/\/api.visittrogir.hr\/?page_id=921"},"modified":"2023-06-13T19:32:17","modified_gmt":"2023-06-13T19:32:17","slug":"masters","status":"publish","type":"page","link":"https:\/\/api.visittrogir.hr\/en\/masters\/","title":{"rendered":"Following the masters&#8217; marks"},"content":{"rendered":"","protected":false},"excerpt":{"rendered":"","protected":false},"author":1,"featured_media":0,"parent":0,"menu_order":0,"comment_status":"closed","ping_status":"closed","template":"\/var\/www\/api.visittrogir.hr\/source\/wordpress\/wp-content\/plugins\/tz-trogir-endpoint-customization\/inc\/inc\/templates\/masters-page-template.php","meta":{"footnotes":""},"class_list":["post-921","page","type-page","status-publish","hentry"],"acf":{"page_title":"Welcome to Trogir - the city of Masters!","page_sections":[{"title":"<p style=\"text-align: center;\">Welcome to Trogir &#8211; the city of Masters!<\/p>\n","content":"<p style=\"text-align: center;\">In its cobbled streets, Trogir preserves numerous traces of local and foreign masters that are just waiting to be discovered. Skilfully carved into the stone facades of the city, seemingly insignificant notches, dents, dashes, crescents, flowers, leaves and twigs, axes, blueprints and Mill are revealed only to the keen eye of a curious observer. In these marks one can see all the richness of art and the joys of everyday life in Trogir.<\/p>\n<p style=\"text-align: center;\">Signs or marks that the masters have left will never be forgotten. They bear witness to the fact that these people were not only creating here, as can be seen in their numerous works, but also that they were enjoying life here, as shown by various games carved around the Church of St. John Baptist and at the entrance of the Cathedral.<\/p>\n"},{"title":"<p style=\"text-align: center;\">Once we visit Trogir, we create the memories that will always be cherished in our hearts.<\/p>\n","content":"<p style=\"text-align: center;\">Trogir is a unique example in the history of European architecture and it is the city with the largest number of such stone signs or marks in Europe. Each mark carries its own meaning. Some of them mark the end of the construction, some of them represent the personal signature of the master and some are engraved votive prayers. The masters also carved games into stone, like chess and Mills, that were used for entertainment during the construction break.<\/p>\n<p style=\"text-align: center;\">Discrete, but yet so powerful, these marks in stone can be seen on the facades and interior walls of the Cathedral of Saint Lawrence and Church of Saint John the Baptist.<\/p>\n"},{"title":"<p style=\"text-align: center;\">The marks of contemporary masters<\/p>\n","content":"<p style=\"text-align: center;\">The great tradition of mastery in Trogir is still preserved by contemporary masters of art, crafts and gastronomy. Their workshops reveal a completely different world, one that arouses curiosity and fills you with a sense of happiness and contentment.<\/p>\n<p style=\"text-align: center;\">Contemporary painters, sculptors and stonemasons produce art that will be engraved in your heart forever. The masters who make rafiol, carob products of olive oil will offer you a unique tasting experience, while the masters of leather, tailors and masters who make coral jewellery convey the spirit of the city all over the world.<\/p>\n<p style=\"text-align: center;\">Visit numerous taverns and restaurants with a diverse and imaginative gastronomic offer. Don&#8217;t forget to try traditional specialties, such as pa\u0161ticada and rafiol. The masters of rafiol create true artwork in this delicious dessert and you will fall in love with its unique taste.<\/p>\n"}],"story_section":[{"info":"3d B.C.","text":"Trogir was founded by the Greek colonists"},{"info":"1064.","text":"Monastery of St. Nicholas was founded; it is the only female monastery in Trogir that is still in use."},{"info":"1240.","text":"Radovan's portal, monumental and unique work of the great Croatian artist was completed."},{"info":"1271.","text":"The first pharmacy in Europe was established in one of the houses on the main city square."},{"info":"End of 13th century","text":"City loggia was built, one of the most famous cultural sights in Trogir."},{"info":"1322.","text":"The first statute book of the city of Trogir was written"},{"info":"15th century","text":"Fortress Kamerlengo was built."},{"info":"1938.","text":"Relief of Petar Berislavi\u0107 in the town lodge, work of Ivan Me\u0161trovi\u0107 was completed."},{"info":"1997.","text":"Trogir was inscribed to the list of UNESCO\u2019s World Heritage Sites."}]},"translations":{"en":"masters","hr":"masters"},"yoast_head":"<!-- This site is optimized with the Yoast SEO plugin v20.5 - https:\/\/yoast.com\/wordpress\/plugins\/seo\/ -->\n<title>Following the masters&#039; marks - Tourist Board Trogir<\/title>\n<meta name=\"description\" content=\"Welcome to Trogir - the city of Masters!Trogir is a unique example in the history of European architecture with the largest number of stone signs or marks in Europe.\" \/>\n<meta name=\"robots\" content=\"noindex, follow, max-snippet:-1, max-image-preview:large, max-video-preview:-1\" \/>\n<meta property=\"og:locale\" content=\"en_US\" \/>\n<meta property=\"og:type\" content=\"article\" \/>\n<meta property=\"og:title\" content=\"Following the masters&#039; marks - Tourist Board Trogir\" \/>\n<meta property=\"og:description\" content=\"Welcome to Trogir - the city of Masters!Trogir is a unique example in the history of European architecture with the largest number of stone signs or marks in Europe.\" \/>\n<meta property=\"og:url\" content=\"https:\/\/api.visittrogir.hr\/en\/masters\/\" \/>\n<meta property=\"og:site_name\" content=\"Tourist Board Trogir\" \/>\n<meta property=\"article:publisher\" content=\"https:\/\/www.facebook.com\/visit.trogir\" \/>\n<meta property=\"article:modified_time\" content=\"2023-06-13T19:32:17+00:00\" \/>\n<meta name=\"twitter:card\" content=\"summary_large_image\" \/>\n<meta name=\"twitter:site\" content=\"@visit_trogir\" \/>\n<script type=\"application\/ld+json\" class=\"yoast-schema-graph\">{\"@context\":\"https:\/\/schema.org\",\"@graph\":[{\"@type\":\"WebPage\",\"@id\":\"https:\/\/api.visittrogir.hr\/en\/masters\/\",\"url\":\"https:\/\/api.visittrogir.hr\/en\/masters\/\",\"name\":\"Following the masters' marks - Tourist Board Trogir\",\"isPartOf\":{\"@id\":\"https:\/\/api.visittrogir.hr\/hr\/#website\"},\"datePublished\":\"2023-03-15T11:45:53+00:00\",\"dateModified\":\"2023-06-13T19:32:17+00:00\",\"description\":\"Welcome to Trogir - the city of Masters!Trogir is a unique example in the history of European architecture with the largest number of stone signs or marks in Europe.\",\"breadcrumb\":{\"@id\":\"https:\/\/api.visittrogir.hr\/en\/masters\/#breadcrumb\"},\"inLanguage\":\"en-US\",\"potentialAction\":[{\"@type\":\"ReadAction\",\"target\":[\"https:\/\/api.visittrogir.hr\/en\/masters\/\"]}]},{\"@type\":\"BreadcrumbList\",\"@id\":\"https:\/\/api.visittrogir.hr\/en\/masters\/#breadcrumb\",\"itemListElement\":[{\"@type\":\"ListItem\",\"position\":1,\"name\":\"Home\",\"item\":\"https:\/\/api.visittrogir.hr\/hr\/\"},{\"@type\":\"ListItem\",\"position\":2,\"name\":\"Following the masters&#8217; marks\"}]},{\"@type\":\"WebSite\",\"@id\":\"https:\/\/api.visittrogir.hr\/hr\/#website\",\"url\":\"https:\/\/api.visittrogir.hr\/hr\/\",\"name\":\"Tourist Board Trogir\",\"description\":\"\",\"publisher\":{\"@id\":\"https:\/\/api.visittrogir.hr\/hr\/#organization\"},\"potentialAction\":[{\"@type\":\"SearchAction\",\"target\":{\"@type\":\"EntryPoint\",\"urlTemplate\":\"https:\/\/api.visittrogir.hr\/hr\/?s={search_term_string}\"},\"query-input\":\"required name=search_term_string\"}],\"inLanguage\":\"en-US\"},{\"@type\":\"Organization\",\"@id\":\"https:\/\/api.visittrogir.hr\/hr\/#organization\",\"name\":\"Tourist Board Trogir\",\"url\":\"https:\/\/api.visittrogir.hr\/hr\/\",\"logo\":{\"@type\":\"ImageObject\",\"inLanguage\":\"en-US\",\"@id\":\"https:\/\/api.visittrogir.hr\/hr\/#\/schema\/logo\/image\/\",\"url\":\"https:\/\/api.visittrogir.hr\/wp-content\/uploads\/2023\/03\/tzgt.jpg\",\"contentUrl\":\"https:\/\/api.visittrogir.hr\/wp-content\/uploads\/2023\/03\/tzgt.jpg\",\"width\":627,\"height\":636,\"caption\":\"Tourist Board Trogir\"},\"image\":{\"@id\":\"https:\/\/api.visittrogir.hr\/hr\/#\/schema\/logo\/image\/\"},\"sameAs\":[\"https:\/\/www.facebook.com\/visit.trogir\",\"https:\/\/twitter.com\/visit_trogir\"]}]}<\/script>\n<!-- \/ Yoast SEO plugin. -->","yoast_head_json":{"title":"Following the masters' marks - Tourist Board Trogir","description":"Welcome to Trogir - the city of Masters!Trogir is a unique example in the history of European architecture with the largest number of stone signs or marks in Europe.","robots":{"index":"noindex","follow":"follow","max-snippet":"max-snippet:-1","max-image-preview":"max-image-preview:large","max-video-preview":"max-video-preview:-1"},"og_locale":"en_US","og_type":"article","og_title":"Following the masters' marks - Tourist Board Trogir","og_description":"Welcome to Trogir - the city of Masters!Trogir is a unique example in the history of European architecture with the largest number of stone signs or marks in Europe.","og_url":"https:\/\/api.visittrogir.hr\/en\/masters\/","og_site_name":"Tourist Board Trogir","article_publisher":"https:\/\/www.facebook.com\/visit.trogir","article_modified_time":"2023-06-13T19:32:17+00:00","twitter_card":"summary_large_image","twitter_site":"@visit_trogir","schema":{"@context":"https:\/\/schema.org","@graph":[{"@type":"WebPage","@id":"https:\/\/api.visittrogir.hr\/en\/masters\/","url":"https:\/\/api.visittrogir.hr\/en\/masters\/","name":"Following the masters' marks - Tourist Board Trogir","isPartOf":{"@id":"https:\/\/api.visittrogir.hr\/hr\/#website"},"datePublished":"2023-03-15T11:45:53+00:00","dateModified":"2023-06-13T19:32:17+00:00","description":"Welcome to Trogir - the city of Masters!Trogir is a unique example in the history of European architecture with the largest number of stone signs or marks in Europe.","breadcrumb":{"@id":"https:\/\/api.visittrogir.hr\/en\/masters\/#breadcrumb"},"inLanguage":"en-US","potentialAction":[{"@type":"ReadAction","target":["https:\/\/api.visittrogir.hr\/en\/masters\/"]}]},{"@type":"BreadcrumbList","@id":"https:\/\/api.visittrogir.hr\/en\/masters\/#breadcrumb","itemListElement":[{"@type":"ListItem","position":1,"name":"Home","item":"https:\/\/api.visittrogir.hr\/hr\/"},{"@type":"ListItem","position":2,"name":"Following the masters&#8217; marks"}]},{"@type":"WebSite","@id":"https:\/\/api.visittrogir.hr\/hr\/#website","url":"https:\/\/api.visittrogir.hr\/hr\/","name":"Tourist Board Trogir","description":"","publisher":{"@id":"https:\/\/api.visittrogir.hr\/hr\/#organization"},"potentialAction":[{"@type":"SearchAction","target":{"@type":"EntryPoint","urlTemplate":"https:\/\/api.visittrogir.hr\/hr\/?s={search_term_string}"},"query-input":"required name=search_term_string"}],"inLanguage":"en-US"},{"@type":"Organization","@id":"https:\/\/api.visittrogir.hr\/hr\/#organization","name":"Tourist Board Trogir","url":"https:\/\/api.visittrogir.hr\/hr\/","logo":{"@type":"ImageObject","inLanguage":"en-US","@id":"https:\/\/api.visittrogir.hr\/hr\/#\/schema\/logo\/image\/","url":"https:\/\/api.visittrogir.hr\/wp-content\/uploads\/2023\/03\/tzgt.jpg","contentUrl":"https:\/\/api.visittrogir.hr\/wp-content\/uploads\/2023\/03\/tzgt.jpg","width":627,"height":636,"caption":"Tourist Board Trogir"},"image":{"@id":"https:\/\/api.visittrogir.hr\/hr\/#\/schema\/logo\/image\/"},"sameAs":["https:\/\/www.facebook.com\/visit.trogir","https:\/\/twitter.com\/visit_trogir"]}]}},"_links":{"self":[{"href":"https:\/\/api.visittrogir.hr\/en\/wp-json\/wp\/v2\/pages\/921","targetHints":{"allow":["GET"]}}],"collection":[{"href":"https:\/\/api.visittrogir.hr\/en\/wp-json\/wp\/v2\/pages"}],"about":[{"href":"https:\/\/api.visittrogir.hr\/en\/wp-json\/wp\/v2\/types\/page"}],"author":[{"embeddable":true,"href":"https:\/\/api.visittrogir.hr\/en\/wp-json\/wp\/v2\/users\/1"}],"replies":[{"embeddable":true,"href":"https:\/\/api.visittrogir.hr\/en\/wp-json\/wp\/v2\/comments?post=921"}],"version-history":[{"count":6,"href":"https:\/\/api.visittrogir.hr\/en\/wp-json\/wp\/v2\/pages\/921\/revisions"}],"predecessor-version":[{"id":1909,"href":"https:\/\/api.visittrogir.hr\/en\/wp-json\/wp\/v2\/pages\/921\/revisions\/1909"}],"wp:attachment":[{"href":"https:\/\/api.visittrogir.hr\/en\/wp-json\/wp\/v2\/media?parent=921"}],"curies":[{"name":"wp","href":"https:\/\/api.w.org\/{rel}","templated":true}]}}