{"id":1891,"date":"2023-04-27T11:53:50","date_gmt":"2023-04-27T11:53:50","guid":{"rendered":"https:\/\/api.visittrogir.hr\/?page_id=1891"},"modified":"2023-04-27T11:54:50","modified_gmt":"2023-04-27T11:54:50","slug":"info-rights","status":"publish","type":"page","link":"https:\/\/api.visittrogir.hr\/hr\/info-rights\/","title":{"rendered":"Pravo na pristup informacijama"},"content":{"rendered":"","protected":false},"excerpt":{"rendered":"","protected":false},"author":1,"featured_media":0,"parent":0,"menu_order":0,"comment_status":"closed","ping_status":"closed","template":"\/var\/www\/api.visittrogir.hr\/source\/wordpress\/wp-content\/plugins\/tz-trogir-endpoint-customization\/inc\/inc\/templates\/info-rights-page-template.php","meta":{"footnotes":""},"class_list":["post-1891","page","type-page","status-publish","hentry"],"acf":{"title":"Pravo na pristup informacijama","content":"<p>Pravo na pristup informacijama ure\u0111eno je Zakonom o pravu na pristup informacijama (NN 25\/13, NN69\/22) kao i kriteriji za odre\u0111ivanje visine naknade stvarnih materijalnih tro\u0161kova i tro\u0161kova dostave informacije (NN 12\/14, NN 15\/14).<\/p>\n<p>Zakonom se propisuju i na\u010dela prava na pristup, izuzeci od prava na pristup te postupak za ostvarivanje i za\u0161titu prava na pristup informacijama. Cilj zakona je omogu\u0107iti i osigurati informaciju fizi\u010dkim i pravnim osobama putem otvorenosti i javnosti djelovanja tijela javne vlasti, sukladno zakonu.<\/p>\n<p>Pravo na informaciju ostvaruje se podno\u0161enjem obrasca Turisti\u010dkoj zajednica Grada Trogira, Trg Ivana Pavla II\/1, Trogir. Ukoliko se zahtjev podnosi pisanim putem, potrebno je ispuniti Obrazac zahtjeva za pristup informacijama kojeg mo\u017eete poslati:<br \/>\n&#8211; na adresu, TZ Grada Trogira, Trg Ivana Pavla II\/1, 21 220 Trogir,<br \/>\n&#8211; elektroni\u010dkom po\u0161tom slu\u017ebeniku za informiranje: info@visittrogir.hr,<br \/>\n&#8211; donijeti osobno u TZ Grada Trogira, Trg Ivana Pavla II\/1 , radnim danom od 8:00 do 16:00 sati.<\/p>\n<p>Prilikom podno\u0161enja zahtjeva nije potrebno platiti dodatnu naknadu uz obrazac:<\/p>\n","documents":[{"title":"Zahtjev za pristup informacijama","description":"","file":"https:\/\/api.visittrogir.hr\/wp-content\/uploads\/2023\/04\/info-rights-file-2.docx"}]},"translations":{"en":"info-rights","hr":"info-rights"},"yoast_head":"<!-- This site is optimized with the Yoast SEO plugin v20.5 - https:\/\/yoast.com\/wordpress\/plugins\/seo\/ -->\n<title>Pravo na pristup informacijama - Turisti\u010dka zajednica grada Trogira<\/title>\n<meta name=\"robots\" content=\"noindex, follow, max-snippet:-1, max-image-preview:large, max-video-preview:-1\" \/>\n<meta property=\"og:locale\" content=\"hr_HR\" \/>\n<meta property=\"og:type\" content=\"article\" \/>\n<meta property=\"og:title\" content=\"Pravo na pristup informacijama - Turisti\u010dka zajednica grada Trogira\" \/>\n<meta property=\"og:url\" content=\"https:\/\/api.visittrogir.hr\/hr\/info-rights\/\" \/>\n<meta property=\"og:site_name\" content=\"Turisti\u010dka zajednica grada Trogira\" \/>\n<meta property=\"article:publisher\" content=\"https:\/\/www.facebook.com\/visit.trogir\" \/>\n<meta property=\"article:modified_time\" content=\"2023-04-27T11:54:50+00:00\" \/>\n<meta name=\"twitter:card\" content=\"summary_large_image\" \/>\n<meta name=\"twitter:site\" content=\"@visit_trogir\" \/>\n<script type=\"application\/ld+json\" class=\"yoast-schema-graph\">{\"@context\":\"https:\/\/schema.org\",\"@graph\":[{\"@type\":\"WebPage\",\"@id\":\"https:\/\/api.visittrogir.hr\/hr\/info-rights\/\",\"url\":\"https:\/\/api.visittrogir.hr\/hr\/info-rights\/\",\"name\":\"Pravo na pristup informacijama - Turisti\u010dka zajednica grada Trogira\",\"isPartOf\":{\"@id\":\"https:\/\/api.visittrogir.hr\/hr\/#website\"},\"datePublished\":\"2023-04-27T11:53:50+00:00\",\"dateModified\":\"2023-04-27T11:54:50+00:00\",\"breadcrumb\":{\"@id\":\"https:\/\/api.visittrogir.hr\/hr\/info-rights\/#breadcrumb\"},\"inLanguage\":\"hr\",\"potentialAction\":[{\"@type\":\"ReadAction\",\"target\":[\"https:\/\/api.visittrogir.hr\/hr\/info-rights\/\"]}]},{\"@type\":\"BreadcrumbList\",\"@id\":\"https:\/\/api.visittrogir.hr\/hr\/info-rights\/#breadcrumb\",\"itemListElement\":[{\"@type\":\"ListItem\",\"position\":1,\"name\":\"Home\",\"item\":\"https:\/\/api.visittrogir.hr\/hr\/\"},{\"@type\":\"ListItem\",\"position\":2,\"name\":\"Pravo na pristup informacijama\"}]},{\"@type\":\"WebSite\",\"@id\":\"https:\/\/api.visittrogir.hr\/hr\/#website\",\"url\":\"https:\/\/api.visittrogir.hr\/hr\/\",\"name\":\"Turisti\u010dka zajednica grada Trogira\",\"description\":\"\",\"publisher\":{\"@id\":\"https:\/\/api.visittrogir.hr\/hr\/#organization\"},\"potentialAction\":[{\"@type\":\"SearchAction\",\"target\":{\"@type\":\"EntryPoint\",\"urlTemplate\":\"https:\/\/api.visittrogir.hr\/hr\/?s={search_term_string}\"},\"query-input\":\"required name=search_term_string\"}],\"inLanguage\":\"hr\"},{\"@type\":\"Organization\",\"@id\":\"https:\/\/api.visittrogir.hr\/hr\/#organization\",\"name\":\"Turisti\u010dka zajednica grada Trogira\",\"url\":\"https:\/\/api.visittrogir.hr\/hr\/\",\"logo\":{\"@type\":\"ImageObject\",\"inLanguage\":\"hr\",\"@id\":\"https:\/\/api.visittrogir.hr\/hr\/#\/schema\/logo\/image\/\",\"url\":\"https:\/\/api.visittrogir.hr\/wp-content\/uploads\/2023\/03\/tzgt.jpg\",\"contentUrl\":\"https:\/\/api.visittrogir.hr\/wp-content\/uploads\/2023\/03\/tzgt.jpg\",\"width\":627,\"height\":636,\"caption\":\"Turisti\u010dka zajednica grada Trogira\"},\"image\":{\"@id\":\"https:\/\/api.visittrogir.hr\/hr\/#\/schema\/logo\/image\/\"},\"sameAs\":[\"https:\/\/www.facebook.com\/visit.trogir\",\"https:\/\/twitter.com\/visit_trogir\"]}]}<\/script>\n<!-- \/ Yoast SEO plugin. -->","yoast_head_json":{"title":"Pravo na pristup informacijama - Turisti\u010dka zajednica grada Trogira","robots":{"index":"noindex","follow":"follow","max-snippet":"max-snippet:-1","max-image-preview":"max-image-preview:large","max-video-preview":"max-video-preview:-1"},"og_locale":"hr_HR","og_type":"article","og_title":"Pravo na pristup informacijama - Turisti\u010dka zajednica grada Trogira","og_url":"https:\/\/api.visittrogir.hr\/hr\/info-rights\/","og_site_name":"Turisti\u010dka zajednica grada Trogira","article_publisher":"https:\/\/www.facebook.com\/visit.trogir","article_modified_time":"2023-04-27T11:54:50+00:00","twitter_card":"summary_large_image","twitter_site":"@visit_trogir","schema":{"@context":"https:\/\/schema.org","@graph":[{"@type":"WebPage","@id":"https:\/\/api.visittrogir.hr\/hr\/info-rights\/","url":"https:\/\/api.visittrogir.hr\/hr\/info-rights\/","name":"Pravo na pristup informacijama - Turisti\u010dka zajednica grada Trogira","isPartOf":{"@id":"https:\/\/api.visittrogir.hr\/hr\/#website"},"datePublished":"2023-04-27T11:53:50+00:00","dateModified":"2023-04-27T11:54:50+00:00","breadcrumb":{"@id":"https:\/\/api.visittrogir.hr\/hr\/info-rights\/#breadcrumb"},"inLanguage":"hr","potentialAction":[{"@type":"ReadAction","target":["https:\/\/api.visittrogir.hr\/hr\/info-rights\/"]}]},{"@type":"BreadcrumbList","@id":"https:\/\/api.visittrogir.hr\/hr\/info-rights\/#breadcrumb","itemListElement":[{"@type":"ListItem","position":1,"name":"Home","item":"https:\/\/api.visittrogir.hr\/hr\/"},{"@type":"ListItem","position":2,"name":"Pravo na pristup informacijama"}]},{"@type":"WebSite","@id":"https:\/\/api.visittrogir.hr\/hr\/#website","url":"https:\/\/api.visittrogir.hr\/hr\/","name":"Turisti\u010dka zajednica grada Trogira","description":"","publisher":{"@id":"https:\/\/api.visittrogir.hr\/hr\/#organization"},"potentialAction":[{"@type":"SearchAction","target":{"@type":"EntryPoint","urlTemplate":"https:\/\/api.visittrogir.hr\/hr\/?s={search_term_string}"},"query-input":"required name=search_term_string"}],"inLanguage":"hr"},{"@type":"Organization","@id":"https:\/\/api.visittrogir.hr\/hr\/#organization","name":"Turisti\u010dka zajednica grada Trogira","url":"https:\/\/api.visittrogir.hr\/hr\/","logo":{"@type":"ImageObject","inLanguage":"hr","@id":"https:\/\/api.visittrogir.hr\/hr\/#\/schema\/logo\/image\/","url":"https:\/\/api.visittrogir.hr\/wp-content\/uploads\/2023\/03\/tzgt.jpg","contentUrl":"https:\/\/api.visittrogir.hr\/wp-content\/uploads\/2023\/03\/tzgt.jpg","width":627,"height":636,"caption":"Turisti\u010dka zajednica grada Trogira"},"image":{"@id":"https:\/\/api.visittrogir.hr\/hr\/#\/schema\/logo\/image\/"},"sameAs":["https:\/\/www.facebook.com\/visit.trogir","https:\/\/twitter.com\/visit_trogir"]}]}},"_links":{"self":[{"href":"https:\/\/api.visittrogir.hr\/hr\/wp-json\/wp\/v2\/pages\/1891","targetHints":{"allow":["GET"]}}],"collection":[{"href":"https:\/\/api.visittrogir.hr\/hr\/wp-json\/wp\/v2\/pages"}],"about":[{"href":"https:\/\/api.visittrogir.hr\/hr\/wp-json\/wp\/v2\/types\/page"}],"author":[{"embeddable":true,"href":"https:\/\/api.visittrogir.hr\/hr\/wp-json\/wp\/v2\/users\/1"}],"replies":[{"embeddable":true,"href":"https:\/\/api.visittrogir.hr\/hr\/wp-json\/wp\/v2\/comments?post=1891"}],"version-history":[{"count":2,"href":"https:\/\/api.visittrogir.hr\/hr\/wp-json\/wp\/v2\/pages\/1891\/revisions"}],"predecessor-version":[{"id":1895,"href":"https:\/\/api.visittrogir.hr\/hr\/wp-json\/wp\/v2\/pages\/1891\/revisions\/1895"}],"wp:attachment":[{"href":"https:\/\/api.visittrogir.hr\/hr\/wp-json\/wp\/v2\/media?parent=1891"}],"curies":[{"name":"wp","href":"https:\/\/api.w.org\/{rel}","templated":true}]}}