{"id":4768,"date":"2023-07-25T10:17:22","date_gmt":"2023-07-25T10:17:22","guid":{"rendered":"https:\/\/api.visittrogir.hr\/?page_id=4768"},"modified":"2023-08-14T10:19:17","modified_gmt":"2023-08-14T10:19:17","slug":"nautics","status":"publish","type":"page","link":"https:\/\/api.visittrogir.hr\/hr\/activities\/nautics\/","title":{"rendered":"Nautika"},"content":{"rendered":"\n<h2 class=\"wp-block-heading\" style=\"font-style:italic;font-weight:100\"><strong>Trogir je destinacija koju karakterizira niz prirodnih, kulturnih i povijesnih znamenitosti.<\/strong><\/h2>\n\n\n\n<p style=\"font-style:italic;font-weight:100;line-height:1.9\">Mirne uvale, netaknuti otoci i oto\u010di\u0107i u trogirskom arhipelagu privla\u010de brojne nauti\u010dare i ljubitelje jedrenja koji su zadivljeni spojem kulturnih znamenitosti, profinjenih gastro do\u017eivljaja i prirodnih ljepota. Zbog svog jedinstvenog polo\u017eaja i razvijene nauti\u010dke infrastrukture, Trogir je pravi nauti\u010dki raj, te od 2022. godine nosi titulu&nbsp;<strong>\u201cNajbolja hrvatska nauti\u010dka destinacija<\/strong>\u201c.<\/p>\n\n\n\n<div class=\"wp-block-columns is-layout-flex wp-container-core-columns-is-layout-28f84493 wp-block-columns-is-layout-flex\">\n<div class=\"wp-block-column is-layout-flow wp-block-column-is-layout-flow\">\n<figure class=\"wp-block-image size-large is-resized\"><img loading=\"lazy\" decoding=\"async\" src=\"https:\/\/api.visittrogir.hr\/wp-content\/uploads\/2023\/04\/20190614_Trogir1544-1024x675.jpg\" alt=\"\" class=\"wp-image-1691\" style=\"width:483px;height:318px\" width=\"483\" height=\"318\" srcset=\"https:\/\/api.visittrogir.hr\/wp-content\/uploads\/2023\/04\/20190614_Trogir1544-1024x675.jpg 1024w, https:\/\/api.visittrogir.hr\/wp-content\/uploads\/2023\/04\/20190614_Trogir1544-300x198.jpg 300w, https:\/\/api.visittrogir.hr\/wp-content\/uploads\/2023\/04\/20190614_Trogir1544-768x507.jpg 768w, https:\/\/api.visittrogir.hr\/wp-content\/uploads\/2023\/04\/20190614_Trogir1544-1536x1013.jpg 1536w, https:\/\/api.visittrogir.hr\/wp-content\/uploads\/2023\/04\/20190614_Trogir1544-2048x1351.jpg 2048w\" sizes=\"auto, (max-width: 483px) 100vw, 483px\" \/><\/figure>\n<\/div>\n\n\n\n<div class=\"wp-block-column is-layout-flow wp-block-column-is-layout-flow\">\n<figure class=\"wp-block-image size-full is-resized\"><img loading=\"lazy\" decoding=\"async\" src=\"https:\/\/api.visittrogir.hr\/wp-content\/uploads\/2023\/04\/20190614_Trogir1535-1536x995-1-1024x663-1.jpg\" alt=\"\" class=\"wp-image-1689\" style=\"width:491px;height:318px\" width=\"491\" height=\"318\" srcset=\"https:\/\/api.visittrogir.hr\/wp-content\/uploads\/2023\/04\/20190614_Trogir1535-1536x995-1-1024x663-1.jpg 1024w, https:\/\/api.visittrogir.hr\/wp-content\/uploads\/2023\/04\/20190614_Trogir1535-1536x995-1-1024x663-1-300x194.jpg 300w, https:\/\/api.visittrogir.hr\/wp-content\/uploads\/2023\/04\/20190614_Trogir1535-1536x995-1-1024x663-1-768x497.jpg 768w\" sizes=\"auto, (max-width: 491px) 100vw, 491px\" \/><\/figure>\n<\/div>\n<\/div>\n\n\n\n<p style=\"line-height:1.9\">Zahvaljuju\u0107i mediteranskoj vegetaciji, blagoj klimi i prekrasnim pla\u017eama u skrovitim uvalama, otok \u010ciovo pru\u017ea pregr\u0161t mogu\u0107nosti za jedrenje, rekreaciju, zabavu i odmor.<\/p>\n\n\n\n<p style=\"line-height:1.9\">Na \u010ciovu se nalazi&nbsp;<strong><a href=\"https:\/\/aci-marinas.com\/hr\/marina\/aci-trogir\/\">ACI marina Trogir<\/a>&nbsp;<\/strong>koja je otvorena tijekom cijele godine i mostom povezana sa starom povijesnom jezgrom. U sklopu marine nalaze se<em>&nbsp;kafi\u0107i, restorani, charter agencije i fitness centar<\/em>, \u0161to je \u010dini idealnim mjestom za po\u010detak&nbsp;<strong>Va\u0161eg putovanja idili\u010dnim trogirskim arhipelagom.<\/strong><\/p>\n\n\n\n<figure class=\"wp-block-image size-large\"><img loading=\"lazy\" decoding=\"async\" width=\"1024\" height=\"682\" src=\"https:\/\/api.visittrogir.hr\/wp-content\/uploads\/2023\/05\/DJI_0398-HDR-1024x682.jpg\" alt=\"\" class=\"wp-image-2486\" srcset=\"https:\/\/api.visittrogir.hr\/wp-content\/uploads\/2023\/05\/DJI_0398-HDR-1024x682.jpg 1024w, https:\/\/api.visittrogir.hr\/wp-content\/uploads\/2023\/05\/DJI_0398-HDR-300x200.jpg 300w, https:\/\/api.visittrogir.hr\/wp-content\/uploads\/2023\/05\/DJI_0398-HDR-768x512.jpg 768w, https:\/\/api.visittrogir.hr\/wp-content\/uploads\/2023\/05\/DJI_0398-HDR-1536x1023.jpg 1536w, https:\/\/api.visittrogir.hr\/wp-content\/uploads\/2023\/05\/DJI_0398-HDR-2048x1364.jpg 2048w\" sizes=\"auto, (max-width: 1024px) 100vw, 1024px\" \/><\/figure>\n\n\n\n<p style=\"line-height:1.9\">Otoci&nbsp;<strong>Drvenik Veliki<\/strong>&nbsp;i&nbsp;<strong>Drvenik Mali<\/strong>&nbsp;posebno su privla\u010dni i zanimljivi turistima zbog svoje netaknute prirode, prekrasnih uvala i pla\u017ea. Ukoliko trebate pobje\u0107i od u\u017eurbane svakodnevice, izlet na ove otoke obnovit \u0107e va\u0161 duh i tijelo. Usidrite se u jednoj od uvala i u\u017eivajte u mirisima prirode i pogledu na kristalno plavo more.<\/p>\n\n\n\n<h2 class=\"wp-block-heading\"><strong>Drvenik Veliki udaljen je samo 8 nauti\u010dkih milja od Trogira i okru\u017een je s nekoliko manjih oto\u010di\u0107a.<\/strong><\/h2>\n\n\n\n<p style=\"line-height:1.9\"><strong>Drvenik Veliki<\/strong>&nbsp;je jedino naseljeno mjesto na otoku u kojemu se nalazi marina za nauti\u010dare. Druga pogodna sidri\u0161ta su u uvali&nbsp;<em>Grabula<\/em>&nbsp;i&nbsp;<em>Solinska<\/em>&nbsp;na jugu. Najposje\u0107enija pla\u017ea nalazi se kod otoka&nbsp;<em>Krknja\u0161i<\/em>, poznata i kao<strong>&nbsp;Plava laguna<\/strong>. Na pla\u017ei se nalazi i nekoliko restorana u kojima mo\u017eete ku\u0161ati svje\u017ee pripremljene riblje specijalitete.<\/p>\n\n\n\n<figure class=\"wp-block-image aligncenter size-large is-resized\"><img loading=\"lazy\" decoding=\"async\" src=\"https:\/\/api.visittrogir.hr\/wp-content\/uploads\/2023\/04\/20190614_Drvenik1631-1536x974-1-1024x649.jpg\" alt=\"\" class=\"wp-image-1524\" style=\"width:629px;height:398px\" width=\"629\" height=\"398\" srcset=\"https:\/\/api.visittrogir.hr\/wp-content\/uploads\/2023\/04\/20190614_Drvenik1631-1536x974-1-1024x649.jpg 1024w, https:\/\/api.visittrogir.hr\/wp-content\/uploads\/2023\/04\/20190614_Drvenik1631-1536x974-1-300x190.jpg 300w, https:\/\/api.visittrogir.hr\/wp-content\/uploads\/2023\/04\/20190614_Drvenik1631-1536x974-1-768x487.jpg 768w, https:\/\/api.visittrogir.hr\/wp-content\/uploads\/2023\/04\/20190614_Drvenik1631-1536x974-1.jpg 1536w\" sizes=\"auto, (max-width: 629px) 100vw, 629px\" \/><\/figure>\n\n\n\n<p style=\"line-height:1.9\"><strong>Drvenik Mali<\/strong>&nbsp;je otok razvedene obale, a plitko more \u010dini ga vrlo pogodnim za ribolov. Netaknuta priroda, prekrasne pla\u017ee i mirno okru\u017eenje idealni su za&nbsp;<em>miran i intiman odmor.<\/em><\/p>\n","protected":false},"excerpt":{"rendered":"<p>Trogir je destinacija koju karakterizira niz prirodnih, kulturnih i povijesnih znamenitosti. Mirne uvale, netaknuti otoci i oto\u010di\u0107i u trogirskom arhipelagu privla\u010de brojne nauti\u010dare i ljubitelje jedrenja koji su zadivljeni spojem kulturnih znamenitosti, profinjenih gastro do\u017eivljaja i prirodnih ljepota. Zbog svog jedinstvenog polo\u017eaja i razvijene nauti\u010dke infrastrukture, Trogir je pravi nauti\u010dki raj, te od 2022. godine [&hellip;]<\/p>\n","protected":false},"author":1,"featured_media":1452,"parent":4764,"menu_order":0,"comment_status":"closed","ping_status":"closed","template":"\/var\/www\/api.visittrogir.hr\/source\/wordpress\/wp-content\/plugins\/tz-trogir-endpoint-customization\/inc\/inc\/templates\/activities-page-template.php","meta":{"footnotes":""},"class_list":["post-4768","page","type-page","status-publish","has-post-thumbnail","hentry"],"acf":{"files":false},"translations":{"en":"nautics","hr":"nautics"},"yoast_head":"<!-- This site is optimized with the Yoast SEO plugin v20.5 - https:\/\/yoast.com\/wordpress\/plugins\/seo\/ -->\n<title>Nautika - Turisti\u010dka zajednica grada Trogira<\/title>\n<meta name=\"description\" content=\"Mirne uvale, netaknuti otoci i oto\u010di\u0107i u trogirskom arhipelagu privla\u010de brojne nauti\u010dare i ljubitelje jedrenja koji su zadivljeni spojem kulturnih\" \/>\n<meta name=\"robots\" content=\"noindex, follow, max-snippet:-1, max-image-preview:large, max-video-preview:-1\" \/>\n<meta property=\"og:locale\" content=\"hr_HR\" \/>\n<meta property=\"og:type\" content=\"article\" \/>\n<meta property=\"og:title\" content=\"Nautika - Turisti\u010dka zajednica grada Trogira\" \/>\n<meta property=\"og:description\" content=\"Mirne uvale, netaknuti otoci i oto\u010di\u0107i u trogirskom arhipelagu privla\u010de brojne nauti\u010dare i ljubitelje jedrenja koji su zadivljeni spojem kulturnih\" \/>\n<meta property=\"og:url\" content=\"https:\/\/api.visittrogir.hr\/hr\/activities\/nautics\/\" \/>\n<meta property=\"og:site_name\" content=\"Turisti\u010dka zajednica grada Trogira\" \/>\n<meta property=\"article:publisher\" content=\"https:\/\/www.facebook.com\/visit.trogir\" \/>\n<meta property=\"article:modified_time\" content=\"2023-08-14T10:19:17+00:00\" \/>\n<meta property=\"og:image\" content=\"https:\/\/api.visittrogir.hr\/wp-content\/uploads\/2023\/04\/1220f0_b1f8149c8c1f402fb9e61633034c2147mv2-1.webp\" \/>\n\t<meta property=\"og:image:width\" content=\"740\" \/>\n\t<meta property=\"og:image:height\" content=\"431\" \/>\n\t<meta property=\"og:image:type\" content=\"image\/webp\" \/>\n<meta name=\"twitter:card\" content=\"summary_large_image\" \/>\n<meta name=\"twitter:site\" content=\"@visit_trogir\" \/>\n<meta name=\"twitter:label1\" content=\"Procijenjeno vrijeme \u010ditanja\" \/>\n\t<meta name=\"twitter:data1\" content=\"3 minute\" \/>\n<script type=\"application\/ld+json\" class=\"yoast-schema-graph\">{\"@context\":\"https:\/\/schema.org\",\"@graph\":[{\"@type\":\"WebPage\",\"@id\":\"https:\/\/api.visittrogir.hr\/hr\/activities\/nautics\/\",\"url\":\"https:\/\/api.visittrogir.hr\/hr\/activities\/nautics\/\",\"name\":\"Nautika - Turisti\u010dka zajednica grada Trogira\",\"isPartOf\":{\"@id\":\"https:\/\/api.visittrogir.hr\/hr\/#website\"},\"datePublished\":\"2023-07-25T10:17:22+00:00\",\"dateModified\":\"2023-08-14T10:19:17+00:00\",\"description\":\"Mirne uvale, netaknuti otoci i oto\u010di\u0107i u trogirskom arhipelagu privla\u010de brojne nauti\u010dare i ljubitelje jedrenja koji su zadivljeni spojem kulturnih\",\"breadcrumb\":{\"@id\":\"https:\/\/api.visittrogir.hr\/hr\/activities\/nautics\/#breadcrumb\"},\"inLanguage\":\"hr\",\"potentialAction\":[{\"@type\":\"ReadAction\",\"target\":[\"https:\/\/api.visittrogir.hr\/hr\/activities\/nautics\/\"]}]},{\"@type\":\"BreadcrumbList\",\"@id\":\"https:\/\/api.visittrogir.hr\/hr\/activities\/nautics\/#breadcrumb\",\"itemListElement\":[{\"@type\":\"ListItem\",\"position\":1,\"name\":\"Home\",\"item\":\"https:\/\/api.visittrogir.hr\/hr\/\"},{\"@type\":\"ListItem\",\"position\":2,\"name\":\"Aktivnosti\",\"item\":\"https:\/\/api.visittrogir.hr\/hr\/activities\/\"},{\"@type\":\"ListItem\",\"position\":3,\"name\":\"Nautika\"}]},{\"@type\":\"WebSite\",\"@id\":\"https:\/\/api.visittrogir.hr\/hr\/#website\",\"url\":\"https:\/\/api.visittrogir.hr\/hr\/\",\"name\":\"Turisti\u010dka zajednica grada Trogira\",\"description\":\"\",\"publisher\":{\"@id\":\"https:\/\/api.visittrogir.hr\/hr\/#organization\"},\"potentialAction\":[{\"@type\":\"SearchAction\",\"target\":{\"@type\":\"EntryPoint\",\"urlTemplate\":\"https:\/\/api.visittrogir.hr\/hr\/?s={search_term_string}\"},\"query-input\":\"required name=search_term_string\"}],\"inLanguage\":\"hr\"},{\"@type\":\"Organization\",\"@id\":\"https:\/\/api.visittrogir.hr\/hr\/#organization\",\"name\":\"Turisti\u010dka zajednica grada Trogira\",\"url\":\"https:\/\/api.visittrogir.hr\/hr\/\",\"logo\":{\"@type\":\"ImageObject\",\"inLanguage\":\"hr\",\"@id\":\"https:\/\/api.visittrogir.hr\/hr\/#\/schema\/logo\/image\/\",\"url\":\"https:\/\/api.visittrogir.hr\/wp-content\/uploads\/2023\/03\/tzgt.jpg\",\"contentUrl\":\"https:\/\/api.visittrogir.hr\/wp-content\/uploads\/2023\/03\/tzgt.jpg\",\"width\":627,\"height\":636,\"caption\":\"Turisti\u010dka zajednica grada Trogira\"},\"image\":{\"@id\":\"https:\/\/api.visittrogir.hr\/hr\/#\/schema\/logo\/image\/\"},\"sameAs\":[\"https:\/\/www.facebook.com\/visit.trogir\",\"https:\/\/twitter.com\/visit_trogir\"]}]}<\/script>\n<!-- \/ Yoast SEO plugin. -->","yoast_head_json":{"title":"Nautika - Turisti\u010dka zajednica grada Trogira","description":"Mirne uvale, netaknuti otoci i oto\u010di\u0107i u trogirskom arhipelagu privla\u010de brojne nauti\u010dare i ljubitelje jedrenja koji su zadivljeni spojem kulturnih","robots":{"index":"noindex","follow":"follow","max-snippet":"max-snippet:-1","max-image-preview":"max-image-preview:large","max-video-preview":"max-video-preview:-1"},"og_locale":"hr_HR","og_type":"article","og_title":"Nautika - Turisti\u010dka zajednica grada Trogira","og_description":"Mirne uvale, netaknuti otoci i oto\u010di\u0107i u trogirskom arhipelagu privla\u010de brojne nauti\u010dare i ljubitelje jedrenja koji su zadivljeni spojem kulturnih","og_url":"https:\/\/api.visittrogir.hr\/hr\/activities\/nautics\/","og_site_name":"Turisti\u010dka zajednica grada Trogira","article_publisher":"https:\/\/www.facebook.com\/visit.trogir","article_modified_time":"2023-08-14T10:19:17+00:00","og_image":[{"width":740,"height":431,"url":"https:\/\/api.visittrogir.hr\/wp-content\/uploads\/2023\/04\/1220f0_b1f8149c8c1f402fb9e61633034c2147mv2-1.webp","type":"image\/webp"}],"twitter_card":"summary_large_image","twitter_site":"@visit_trogir","twitter_misc":{"Procijenjeno vrijeme \u010ditanja":"3 minute"},"schema":{"@context":"https:\/\/schema.org","@graph":[{"@type":"WebPage","@id":"https:\/\/api.visittrogir.hr\/hr\/activities\/nautics\/","url":"https:\/\/api.visittrogir.hr\/hr\/activities\/nautics\/","name":"Nautika - Turisti\u010dka zajednica grada Trogira","isPartOf":{"@id":"https:\/\/api.visittrogir.hr\/hr\/#website"},"datePublished":"2023-07-25T10:17:22+00:00","dateModified":"2023-08-14T10:19:17+00:00","description":"Mirne uvale, netaknuti otoci i oto\u010di\u0107i u trogirskom arhipelagu privla\u010de brojne nauti\u010dare i ljubitelje jedrenja koji su zadivljeni spojem kulturnih","breadcrumb":{"@id":"https:\/\/api.visittrogir.hr\/hr\/activities\/nautics\/#breadcrumb"},"inLanguage":"hr","potentialAction":[{"@type":"ReadAction","target":["https:\/\/api.visittrogir.hr\/hr\/activities\/nautics\/"]}]},{"@type":"BreadcrumbList","@id":"https:\/\/api.visittrogir.hr\/hr\/activities\/nautics\/#breadcrumb","itemListElement":[{"@type":"ListItem","position":1,"name":"Home","item":"https:\/\/api.visittrogir.hr\/hr\/"},{"@type":"ListItem","position":2,"name":"Aktivnosti","item":"https:\/\/api.visittrogir.hr\/hr\/activities\/"},{"@type":"ListItem","position":3,"name":"Nautika"}]},{"@type":"WebSite","@id":"https:\/\/api.visittrogir.hr\/hr\/#website","url":"https:\/\/api.visittrogir.hr\/hr\/","name":"Turisti\u010dka zajednica grada Trogira","description":"","publisher":{"@id":"https:\/\/api.visittrogir.hr\/hr\/#organization"},"potentialAction":[{"@type":"SearchAction","target":{"@type":"EntryPoint","urlTemplate":"https:\/\/api.visittrogir.hr\/hr\/?s={search_term_string}"},"query-input":"required name=search_term_string"}],"inLanguage":"hr"},{"@type":"Organization","@id":"https:\/\/api.visittrogir.hr\/hr\/#organization","name":"Turisti\u010dka zajednica grada Trogira","url":"https:\/\/api.visittrogir.hr\/hr\/","logo":{"@type":"ImageObject","inLanguage":"hr","@id":"https:\/\/api.visittrogir.hr\/hr\/#\/schema\/logo\/image\/","url":"https:\/\/api.visittrogir.hr\/wp-content\/uploads\/2023\/03\/tzgt.jpg","contentUrl":"https:\/\/api.visittrogir.hr\/wp-content\/uploads\/2023\/03\/tzgt.jpg","width":627,"height":636,"caption":"Turisti\u010dka zajednica grada Trogira"},"image":{"@id":"https:\/\/api.visittrogir.hr\/hr\/#\/schema\/logo\/image\/"},"sameAs":["https:\/\/www.facebook.com\/visit.trogir","https:\/\/twitter.com\/visit_trogir"]}]}},"_links":{"self":[{"href":"https:\/\/api.visittrogir.hr\/hr\/wp-json\/wp\/v2\/pages\/4768","targetHints":{"allow":["GET"]}}],"collection":[{"href":"https:\/\/api.visittrogir.hr\/hr\/wp-json\/wp\/v2\/pages"}],"about":[{"href":"https:\/\/api.visittrogir.hr\/hr\/wp-json\/wp\/v2\/types\/page"}],"author":[{"embeddable":true,"href":"https:\/\/api.visittrogir.hr\/hr\/wp-json\/wp\/v2\/users\/1"}],"replies":[{"embeddable":true,"href":"https:\/\/api.visittrogir.hr\/hr\/wp-json\/wp\/v2\/comments?post=4768"}],"version-history":[{"count":7,"href":"https:\/\/api.visittrogir.hr\/hr\/wp-json\/wp\/v2\/pages\/4768\/revisions"}],"predecessor-version":[{"id":5331,"href":"https:\/\/api.visittrogir.hr\/hr\/wp-json\/wp\/v2\/pages\/4768\/revisions\/5331"}],"up":[{"embeddable":true,"href":"https:\/\/api.visittrogir.hr\/hr\/wp-json\/wp\/v2\/pages\/4764"}],"wp:featuredmedia":[{"embeddable":true,"href":"https:\/\/api.visittrogir.hr\/hr\/wp-json\/wp\/v2\/media\/1452"}],"wp:attachment":[{"href":"https:\/\/api.visittrogir.hr\/hr\/wp-json\/wp\/v2\/media?parent=4768"}],"curies":[{"name":"wp","href":"https:\/\/api.w.org\/{rel}","templated":true}]}}