{"id":4771,"date":"2023-07-25T10:17:50","date_gmt":"2023-07-25T10:17:50","guid":{"rendered":"https:\/\/api.visittrogir.hr\/?page_id=4771"},"modified":"2025-04-15T12:15:30","modified_gmt":"2025-04-15T12:15:30","slug":"outdoor-festival","status":"publish","type":"page","link":"https:\/\/api.visittrogir.hr\/hr\/activities\/outdoor-festival\/","title":{"rendered":"TROGIR OUTDOOR FESTIVAL 2025. &#8211; SPORT, PRIRODA I ADRENALIN U SRCU DALMACIJE!"},"content":{"rendered":"\n<figure class=\"wp-block-image alignwide size-large\"><img loading=\"lazy\" decoding=\"async\" width=\"1024\" height=\"341\" src=\"https:\/\/api.visittrogir.hr\/wp-content\/uploads\/2025\/03\/TZ-BANNER-OUTDOOR-2025-HR-1200X400-01-1024x341.png\" alt=\"\" class=\"wp-image-12796\" srcset=\"https:\/\/api.visittrogir.hr\/wp-content\/uploads\/2025\/03\/TZ-BANNER-OUTDOOR-2025-HR-1200X400-01-1024x341.png 1024w, https:\/\/api.visittrogir.hr\/wp-content\/uploads\/2025\/03\/TZ-BANNER-OUTDOOR-2025-HR-1200X400-01-300x100.png 300w, https:\/\/api.visittrogir.hr\/wp-content\/uploads\/2025\/03\/TZ-BANNER-OUTDOOR-2025-HR-1200X400-01-768x256.png 768w, https:\/\/api.visittrogir.hr\/wp-content\/uploads\/2025\/03\/TZ-BANNER-OUTDOOR-2025-HR-1200X400-01.png 1200w\" sizes=\"auto, (max-width: 1024px) 100vw, 1024px\" \/><\/figure>\n\n\n\n<p class=\"has-source-serif-pro-font-family\" style=\"font-style:normal;font-weight:400;line-height:2\">Stari grad Trogir i otok \u010ciovo ve\u0107 godinama su doma\u0107ini jedne od najprepoznatljivijih outdoor sportskih manifestacija u srednjoj Dalmaciji! <strong>Trogir Outdoor Festival<\/strong>, koji se tradicionalno odr\u017eava u svibnju, oboga\u0107uje turisti\u010dku ponudu predsezone i nastavlja njegovati trogirsku tradiciju majstorstva.<\/p>\n\n\n\n<h3 class=\"wp-block-heading has-source-serif-pro-font-family\" style=\"font-style:normal;font-weight:400;line-height:2\"><strong>Svake godine festival privla\u010di stotine sporta\u0161a i rekreativaca \u017eeljnih izazova, koji imaju priliku pokazati svoje vje\u0161tine i pridru\u017eiti se listi trogirskih majstora sporta. <\/strong><\/h3>\n\n\n\n<h3 class=\"wp-block-heading has-text-align-center\"><strong>JEDRENJE 2.-4. SVIBNJA 2025.<\/strong><\/h3>\n\n\n\n<figure class=\"wp-block-gallery has-nested-images columns-default is-cropped wp-block-gallery-1 is-layout-flex wp-block-gallery-is-layout-flex\">\n<figure class=\"wp-block-image size-large\"><img loading=\"lazy\" decoding=\"async\" width=\"1024\" height=\"684\" data-id=\"12367\" src=\"https:\/\/api.visittrogir.hr\/wp-content\/uploads\/2025\/03\/a2-min-\u2013-kopija-1024x684.jpg\" alt=\"\" class=\"wp-image-12367\" srcset=\"https:\/\/api.visittrogir.hr\/wp-content\/uploads\/2025\/03\/a2-min-\u2013-kopija-1024x684.jpg 1024w, https:\/\/api.visittrogir.hr\/wp-content\/uploads\/2025\/03\/a2-min-\u2013-kopija-300x200.jpg 300w, https:\/\/api.visittrogir.hr\/wp-content\/uploads\/2025\/03\/a2-min-\u2013-kopija-768x513.jpg 768w, https:\/\/api.visittrogir.hr\/wp-content\/uploads\/2025\/03\/a2-min-\u2013-kopija-1536x1025.jpg 1536w, https:\/\/api.visittrogir.hr\/wp-content\/uploads\/2025\/03\/a2-min-\u2013-kopija-2048x1367.jpg 2048w\" sizes=\"auto, (max-width: 1024px) 100vw, 1024px\" \/><\/figure>\n\n\n\n<figure class=\"wp-block-image size-large\"><img loading=\"lazy\" decoding=\"async\" width=\"1024\" height=\"684\" data-id=\"12365\" src=\"https:\/\/api.visittrogir.hr\/wp-content\/uploads\/2025\/03\/a1-min-\u2013-kopija-1024x684.jpg\" alt=\"\" class=\"wp-image-12365\" srcset=\"https:\/\/api.visittrogir.hr\/wp-content\/uploads\/2025\/03\/a1-min-\u2013-kopija-1024x684.jpg 1024w, https:\/\/api.visittrogir.hr\/wp-content\/uploads\/2025\/03\/a1-min-\u2013-kopija-300x200.jpg 300w, https:\/\/api.visittrogir.hr\/wp-content\/uploads\/2025\/03\/a1-min-\u2013-kopija-768x513.jpg 768w, https:\/\/api.visittrogir.hr\/wp-content\/uploads\/2025\/03\/a1-min-\u2013-kopija-1536x1025.jpg 1536w, https:\/\/api.visittrogir.hr\/wp-content\/uploads\/2025\/03\/a1-min-\u2013-kopija-2048x1367.jpg 2048w\" sizes=\"auto, (max-width: 1024px) 100vw, 1024px\" \/><\/figure>\n\n\n\n<figure class=\"wp-block-image size-large\"><img loading=\"lazy\" decoding=\"async\" width=\"1024\" height=\"684\" data-id=\"12371\" src=\"https:\/\/api.visittrogir.hr\/wp-content\/uploads\/2025\/03\/a6-min-\u2013-kopija-1024x684.jpg\" alt=\"\" class=\"wp-image-12371\" srcset=\"https:\/\/api.visittrogir.hr\/wp-content\/uploads\/2025\/03\/a6-min-\u2013-kopija-1024x684.jpg 1024w, https:\/\/api.visittrogir.hr\/wp-content\/uploads\/2025\/03\/a6-min-\u2013-kopija-300x200.jpg 300w, https:\/\/api.visittrogir.hr\/wp-content\/uploads\/2025\/03\/a6-min-\u2013-kopija-768x513.jpg 768w, https:\/\/api.visittrogir.hr\/wp-content\/uploads\/2025\/03\/a6-min-\u2013-kopija-1536x1025.jpg 1536w, https:\/\/api.visittrogir.hr\/wp-content\/uploads\/2025\/03\/a6-min-\u2013-kopija-2048x1367.jpg 2048w\" sizes=\"auto, (max-width: 1024px) 100vw, 1024px\" \/><\/figure>\n<\/figure>\n\n\n\n<p class=\"has-source-serif-pro-font-family\" style=\"font-style:normal;font-weight:400;line-height:2\">Festival zapo\u010dinje podno zidina <strong>Kamerlenga<\/strong>, gdje \u0107e <strong>&#8220;Majstori pod jedrima&#8221;<\/strong> prirediti spektakularnu regatu klase <strong>Melges 24 Cup<\/strong>. Vrhunsko jedrenje, adrenalinski dvoboji na moru i nezaboravni prizori garantiraju pravi sportski spektakl!<\/p>\n\n\n\n<p><a href=\"https:\/\/cromelges24.hr\/kalendar\/trogir-cro-melges-24-cup\/\">www.cromelges24.hr<\/a><\/p>\n\n\n\n<p><em>Detaljan program bit \u0107e uskoro objavljen.<\/em><\/p>\n\n\n\n<h3 class=\"wp-block-heading has-text-align-center\"><strong>TRAIL 24. SVIBNJA 2025.<\/strong><\/h3>\n\n\n\n<figure class=\"wp-block-gallery has-nested-images columns-default is-cropped wp-block-gallery-2 is-layout-flex wp-block-gallery-is-layout-flex\">\n<figure class=\"wp-block-image size-large\"><img loading=\"lazy\" decoding=\"async\" width=\"1024\" height=\"684\" data-id=\"9668\" src=\"https:\/\/api.visittrogir.hr\/wp-content\/uploads\/2024\/05\/outhdoor-2024-36-of-91-1024x684.jpg\" alt=\"\" class=\"wp-image-9668\" srcset=\"https:\/\/api.visittrogir.hr\/wp-content\/uploads\/2024\/05\/outhdoor-2024-36-of-91-1024x684.jpg 1024w, https:\/\/api.visittrogir.hr\/wp-content\/uploads\/2024\/05\/outhdoor-2024-36-of-91-300x200.jpg 300w, https:\/\/api.visittrogir.hr\/wp-content\/uploads\/2024\/05\/outhdoor-2024-36-of-91-768x513.jpg 768w, https:\/\/api.visittrogir.hr\/wp-content\/uploads\/2024\/05\/outhdoor-2024-36-of-91-1536x1025.jpg 1536w, https:\/\/api.visittrogir.hr\/wp-content\/uploads\/2024\/05\/outhdoor-2024-36-of-91-2048x1367.jpg 2048w\" sizes=\"auto, (max-width: 1024px) 100vw, 1024px\" \/><\/figure>\n\n\n\n<figure class=\"wp-block-image size-large\"><img loading=\"lazy\" decoding=\"async\" width=\"1024\" height=\"681\" data-id=\"9662\" src=\"https:\/\/api.visittrogir.hr\/wp-content\/uploads\/2024\/05\/outhdoor-2024-39-of-91-1024x681.jpg\" alt=\"\" class=\"wp-image-9662\" srcset=\"https:\/\/api.visittrogir.hr\/wp-content\/uploads\/2024\/05\/outhdoor-2024-39-of-91-1024x681.jpg 1024w, https:\/\/api.visittrogir.hr\/wp-content\/uploads\/2024\/05\/outhdoor-2024-39-of-91-300x200.jpg 300w, https:\/\/api.visittrogir.hr\/wp-content\/uploads\/2024\/05\/outhdoor-2024-39-of-91-768x511.jpg 768w, https:\/\/api.visittrogir.hr\/wp-content\/uploads\/2024\/05\/outhdoor-2024-39-of-91-1536x1022.jpg 1536w, https:\/\/api.visittrogir.hr\/wp-content\/uploads\/2024\/05\/outhdoor-2024-39-of-91-2048x1363.jpg 2048w\" sizes=\"auto, (max-width: 1024px) 100vw, 1024px\" \/><\/figure>\n\n\n\n<figure class=\"wp-block-image size-large\"><img loading=\"lazy\" decoding=\"async\" width=\"1024\" height=\"683\" data-id=\"9664\" src=\"https:\/\/api.visittrogir.hr\/wp-content\/uploads\/2024\/05\/3M1A6602-1024x683.jpg\" alt=\"\" class=\"wp-image-9664\" srcset=\"https:\/\/api.visittrogir.hr\/wp-content\/uploads\/2024\/05\/3M1A6602-1024x683.jpg 1024w, https:\/\/api.visittrogir.hr\/wp-content\/uploads\/2024\/05\/3M1A6602-300x200.jpg 300w, https:\/\/api.visittrogir.hr\/wp-content\/uploads\/2024\/05\/3M1A6602-768x512.jpg 768w, https:\/\/api.visittrogir.hr\/wp-content\/uploads\/2024\/05\/3M1A6602-1536x1024.jpg 1536w, https:\/\/api.visittrogir.hr\/wp-content\/uploads\/2024\/05\/3M1A6602.jpg 2048w\" sizes=\"auto, (max-width: 1024px) 100vw, 1024px\" \/><\/figure>\n\n\n\n<figure class=\"wp-block-image size-large\"><img loading=\"lazy\" decoding=\"async\" width=\"1024\" height=\"684\" data-id=\"9660\" src=\"https:\/\/api.visittrogir.hr\/wp-content\/uploads\/2024\/05\/outhdoor-2024-63-of-91-1024x684.jpg\" alt=\"\" class=\"wp-image-9660\" srcset=\"https:\/\/api.visittrogir.hr\/wp-content\/uploads\/2024\/05\/outhdoor-2024-63-of-91-1024x684.jpg 1024w, https:\/\/api.visittrogir.hr\/wp-content\/uploads\/2024\/05\/outhdoor-2024-63-of-91-300x200.jpg 300w, https:\/\/api.visittrogir.hr\/wp-content\/uploads\/2024\/05\/outhdoor-2024-63-of-91-768x513.jpg 768w, https:\/\/api.visittrogir.hr\/wp-content\/uploads\/2024\/05\/outhdoor-2024-63-of-91-1536x1025.jpg 1536w, https:\/\/api.visittrogir.hr\/wp-content\/uploads\/2024\/05\/outhdoor-2024-63-of-91-2048x1367.jpg 2048w\" sizes=\"auto, (max-width: 1024px) 100vw, 1024px\" \/><\/figure>\n\n\n\n<figure class=\"wp-block-image size-large\"><img loading=\"lazy\" decoding=\"async\" width=\"1024\" height=\"683\" data-id=\"9658\" src=\"https:\/\/api.visittrogir.hr\/wp-content\/uploads\/2024\/05\/3M1A6991-1024x683.jpg\" alt=\"\" class=\"wp-image-9658\" srcset=\"https:\/\/api.visittrogir.hr\/wp-content\/uploads\/2024\/05\/3M1A6991-1024x683.jpg 1024w, https:\/\/api.visittrogir.hr\/wp-content\/uploads\/2024\/05\/3M1A6991-300x200.jpg 300w, https:\/\/api.visittrogir.hr\/wp-content\/uploads\/2024\/05\/3M1A6991-768x512.jpg 768w, https:\/\/api.visittrogir.hr\/wp-content\/uploads\/2024\/05\/3M1A6991-1536x1024.jpg 1536w, https:\/\/api.visittrogir.hr\/wp-content\/uploads\/2024\/05\/3M1A6991.jpg 2048w\" sizes=\"auto, (max-width: 1024px) 100vw, 1024px\" \/><\/figure>\n<\/figure>\n\n\n\n<h4 class=\"wp-block-heading has-text-align-center\"><strong><a href=\"https:\/\/www.stotinka.hr\/hrv\/dogadjaj\/2604\">PRIJAVE NA TRAIL: STOTINKA.HR (LINK)<\/a><\/strong><\/h4>\n\n\n\n<p class=\"has-source-serif-pro-font-family\" style=\"font-style:normal;font-weight:400;line-height:2\">Festival se nastavlja uz utrku <strong>&#8220;Majstori traila&#8221;<\/strong>, koju organiziraju <strong>Turisti\u010dka zajednica grada Trogira<\/strong> i <strong>Trail i trekking klub STrka<\/strong>.<\/p>\n\n\n\n<p class=\"has-source-serif-pro-font-family\" style=\"font-style:normal;font-weight:400;line-height:2\">Trail tr\u010danje sve je popularnije u svijetu, a otok <strong>\u010ciovo<\/strong> idealna je destinacija za ovaj tip natjecanja \u2013 prirodne staze, skriveni putevi i fantasti\u010dni pogledi na more \u010dine ga savr\u0161enim za sve ljubitelje aktivnog odmora. \ud83c\udf3f\ud83c\udfc3\u200d\u2642\ufe0f\ud83c\udfc3\u200d\u2640\ufe0f<\/p>\n\n\n\n<p class=\"has-source-serif-pro-font-family\" style=\"font-style:normal;font-weight:400;line-height:2\">Sudionike i gledatelje o\u010dekuje zanimljiv popratni program, a po zavr\u0161etku utrka slijedi progla\u0161enje pobjednika u mu\u0161koj i \u017eenskoj kategoriji te dodjela medalja i vrijednih nagrada.<\/p>\n\n\n\n<div class=\"wp-block-columns alignfull has-text-color has-background is-layout-flex wp-container-core-columns-is-layout-28f84493 wp-block-columns-is-layout-flex\" style=\"color:#000000;background-color:#ffffff\">\n<div class=\"wp-block-column is-layout-flow wp-block-column-is-layout-flow\">\n<h3 class=\"wp-block-heading\" style=\"font-size:clamp(15.747px, 0.984rem + ((1vw - 3.2px) * 0.938), 24px);line-height:1.3\"><strong><a href=\"http:\/\/wordpress.org\">Fire<\/a><\/strong><\/h3>\n\n\n\n<ul class=\"wp-block-list\">\n<li class=\"has-source-serif-pro-font-family\" style=\"font-style:normal;font-weight:400;line-height:2\">Najzahtjevnija staza Fire duga je 23km i prikladna za naprednije natjecatelje.<\/li>\n\n\n\n<li class=\"has-source-serif-pro-font-family\" style=\"font-style:normal;font-weight:400;line-height:2\">Starta u <strong>16:00 h<\/strong> na <strong>trogirskoj rivi<\/strong> i povezuje trogirsko zale\u0111e s zanimljivim malim selima, <strong>Baradi\u0107i i Milati<\/strong> te se preko novog mosta prebacuje na otok \u010ciovo gdje se preko <strong>\u017dednog<\/strong> i <strong>Sv. Mavra<\/strong> vra\u0107a na <strong>trogirsku rivu<\/strong>.<\/li>\n\n\n\n<li class=\"has-source-serif-pro-font-family\" style=\"font-style:normal;font-weight:400;line-height:2\"><strong>Limit za zavr\u0161iti utrku je 5 sati (do 21:00). Tako\u0111er je limit na stazi na na novom mostu (12 km) 2:15 (do 18:15)<\/strong>.<\/li>\n\n\n\n<li><strong>Obvezna oprema: mobitel s punom baterijom i \u010deona lampu.<\/strong> Bez obvezne opreme&nbsp; ne\u0107e biti mogu\u0107 start.<\/li>\n<\/ul>\n<\/div>\n\n\n\n<div class=\"wp-block-column is-layout-flow wp-block-column-is-layout-flow\">\n<h3 class=\"wp-block-heading\" style=\"font-size:clamp(15.747px, 0.984rem + ((1vw - 3.2px) * 0.938), 24px);line-height:1.3\"><strong><a href=\"https:\/\/wordpress.org\">Earth<\/a><\/strong><\/h3>\n\n\n\n<ul class=\"wp-block-list\">\n<li class=\"has-source-serif-pro-font-family\" style=\"font-style:normal;font-weight:400;line-height:2\"><strong>EARTH<\/strong>&nbsp;je staza duga&nbsp; <strong>11 km<\/strong> i prikladna je za rekreativce i naprednije natjecatelje.<\/li>\n\n\n\n<li class=\"has-source-serif-pro-font-family\" style=\"font-style:normal;font-weight:400;line-height:2\">Starta u <strong>17:30 h<\/strong> na <strong>trogirskoj rivi,&nbsp;<\/strong> ide na<strong> \u017dedno<\/strong>, preko crkve Sv. Mavra i zavr\u0161ava u <strong>Trogiru na rivi.<\/strong><\/li>\n\n\n\n<li class=\"has-source-serif-pro-font-family\" style=\"font-style:normal;font-weight:400;line-height:2\"><strong>Limit za zavr\u0161iti utrku je 3 i pol sata (do 21:00h).<\/strong><\/li>\n\n\n\n<li class=\"has-source-serif-pro-font-family\" style=\"font-style:normal;font-weight:400;line-height:2\"><strong>Obvezna oprema: mobitel s punom baterijom i \u010deona lampu.<\/strong> Bez obvezne opreme&nbsp; ne\u0107e biti mogu\u0107 start.<\/li>\n<\/ul>\n<\/div>\n\n\n\n<div class=\"wp-block-column is-layout-flow wp-block-column-is-layout-flow\">\n<h3 class=\"wp-block-heading\" style=\"font-size:clamp(15.747px, 0.984rem + ((1vw - 3.2px) * 0.938), 24px);line-height:1.3\"><strong><a href=\"https:\/\/wordpress.org\">Water<\/a><\/strong><\/h3>\n\n\n\n<ul class=\"wp-block-list\">\n<li class=\"has-source-serif-pro-font-family\" style=\"font-style:normal;font-weight:400;line-height:2\"><strong>WATER<\/strong>&nbsp;je staza duga <strong>5 km<\/strong> i prikladna je&nbsp; za po\u010detnike, \u0161eta\u010de, rekreativce i djecu (ne mla\u0111u od 7 god.).<\/li>\n\n\n\n<li class=\"has-source-serif-pro-font-family\" style=\"font-style:normal;font-weight:400;line-height:2\">Start je u <strong>17:30 h<\/strong> na <strong>trogirskoj rivi<\/strong>, ide preko samostana sv. Ante i zavr\u0161ava opet u na trogirskoj rivi.<\/li>\n\n\n\n<li class=\"has-source-serif-pro-font-family\" style=\"font-style:normal;font-weight:400;line-height:2\"><strong>Limit za zavr\u0161iti utrku&nbsp;je 2 sata (do 19:30h).<\/strong><\/li>\n\n\n\n<li class=\"has-source-serif-pro-font-family\" style=\"font-style:normal;font-weight:400;line-height:2\"><strong>Obvezna oprema: mobitel s punom baterijom.<\/strong> Bez obvezne opreme&nbsp; ne\u0107e biti mogu\u0107 start.<\/li>\n<\/ul>\n<\/div>\n<\/div>\n\n\n\n<p class=\"has-source-serif-pro-font-family\" style=\"font-style:normal;font-weight:400;line-height:2\"><\/p>\n\n\n\n<h2 class=\"wp-block-heading has-source-serif-pro-font-family\" style=\"font-style:normal;font-weight:400;line-height:2\"><strong>Pripremite se za nezaboravan sportski spektakl u srcu Dalmacije!<\/strong><\/h2>\n\n\n\n<figure class=\"wp-block-image aligncenter size-full\"><img loading=\"lazy\" decoding=\"async\" width=\"300\" height=\"300\" src=\"https:\/\/api.visittrogir.hr\/wp-content\/uploads\/2025\/03\/WhatsApp-Image-2025-03-03-at-12.42.27.jpeg\" alt=\"\" class=\"wp-image-12377\" srcset=\"https:\/\/api.visittrogir.hr\/wp-content\/uploads\/2025\/03\/WhatsApp-Image-2025-03-03-at-12.42.27.jpeg 300w, https:\/\/api.visittrogir.hr\/wp-content\/uploads\/2025\/03\/WhatsApp-Image-2025-03-03-at-12.42.27-150x150.jpeg 150w\" sizes=\"auto, (max-width: 300px) 100vw, 300px\" \/><\/figure>\n","protected":false},"excerpt":{"rendered":"<p>Stari grad Trogir i otok \u010ciovo ve\u0107 godinama su doma\u0107ini jedne od najprepoznatljivijih outdoor sportskih manifestacija u srednjoj Dalmaciji! Trogir Outdoor Festival, koji se tradicionalno odr\u017eava u svibnju, oboga\u0107uje turisti\u010dku ponudu predsezone i nastavlja njegovati trogirsku tradiciju majstorstva. Svake godine festival privla\u010di stotine sporta\u0161a i rekreativaca \u017eeljnih izazova, koji imaju priliku pokazati svoje vje\u0161tine i [&hellip;]<\/p>\n","protected":false},"author":1,"featured_media":12798,"parent":4764,"menu_order":0,"comment_status":"closed","ping_status":"closed","template":"\/var\/www\/api.visittrogir.hr\/source\/wordpress\/wp-content\/plugins\/tz-trogir-endpoint-customization\/inc\/inc\/templates\/activities-page-template.php","meta":{"footnotes":""},"class_list":["post-4771","page","type-page","status-publish","has-post-thumbnail","hentry"],"acf":{"files":false},"translations":{"en":"outdoor-festival","hr":"outdoor-festival"},"yoast_head":"<!-- This site is optimized with the Yoast SEO plugin v20.5 - https:\/\/yoast.com\/wordpress\/plugins\/seo\/ -->\n<title>TROGIR OUTDOOR FESTIVAL 2025. - SPORT, PRIRODA I ADRENALIN U SRCU DALMACIJE! - Turisti\u010dka zajednica grada Trogira<\/title>\n<meta name=\"description\" content=\"Ljubitelj ste aktivnog odmora? Odli\u010dno! Onda nas obavezno posjetite tijekom svibnja i sudjelujte uz Trogir Outdoor Festival.\" \/>\n<meta name=\"robots\" content=\"noindex, follow, max-snippet:-1, max-image-preview:large, max-video-preview:-1\" \/>\n<meta property=\"og:locale\" content=\"hr_HR\" \/>\n<meta property=\"og:type\" content=\"article\" \/>\n<meta property=\"og:title\" content=\"TROGIR OUTDOOR FESTIVAL 2025. - SPORT, PRIRODA I ADRENALIN U SRCU DALMACIJE! - Turisti\u010dka zajednica grada Trogira\" \/>\n<meta property=\"og:description\" content=\"Ljubitelj ste aktivnog odmora? Odli\u010dno! Onda nas obavezno posjetite tijekom svibnja i sudjelujte uz Trogir Outdoor Festival.\" \/>\n<meta property=\"og:url\" content=\"https:\/\/api.visittrogir.hr\/hr\/activities\/outdoor-festival\/\" \/>\n<meta property=\"og:site_name\" content=\"Turisti\u010dka zajednica grada Trogira\" \/>\n<meta property=\"article:publisher\" content=\"https:\/\/www.facebook.com\/visit.trogir\" \/>\n<meta property=\"article:modified_time\" content=\"2025-04-15T12:15:30+00:00\" \/>\n<meta property=\"og:image\" content=\"https:\/\/api.visittrogir.hr\/wp-content\/uploads\/2025\/03\/TZ-BANNER-OUTDOOR-2025-HR-1280X800-01-1.png\" \/>\n\t<meta property=\"og:image:width\" content=\"1280\" \/>\n\t<meta property=\"og:image:height\" content=\"800\" \/>\n\t<meta property=\"og:image:type\" content=\"image\/png\" \/>\n<meta name=\"twitter:card\" content=\"summary_large_image\" \/>\n<meta name=\"twitter:site\" content=\"@visit_trogir\" \/>\n<meta name=\"twitter:label1\" content=\"Procijenjeno vrijeme \u010ditanja\" \/>\n\t<meta name=\"twitter:data1\" content=\"4 minute\" \/>\n<script type=\"application\/ld+json\" class=\"yoast-schema-graph\">{\"@context\":\"https:\/\/schema.org\",\"@graph\":[{\"@type\":\"WebPage\",\"@id\":\"https:\/\/api.visittrogir.hr\/hr\/activities\/outdoor-festival\/\",\"url\":\"https:\/\/api.visittrogir.hr\/hr\/activities\/outdoor-festival\/\",\"name\":\"TROGIR OUTDOOR FESTIVAL 2025. - SPORT, PRIRODA I ADRENALIN U SRCU DALMACIJE! - Turisti\u010dka zajednica grada Trogira\",\"isPartOf\":{\"@id\":\"https:\/\/api.visittrogir.hr\/hr\/#website\"},\"datePublished\":\"2023-07-25T10:17:50+00:00\",\"dateModified\":\"2025-04-15T12:15:30+00:00\",\"description\":\"Ljubitelj ste aktivnog odmora? Odli\u010dno! Onda nas obavezno posjetite tijekom svibnja i sudjelujte uz Trogir Outdoor Festival.\",\"breadcrumb\":{\"@id\":\"https:\/\/api.visittrogir.hr\/hr\/activities\/outdoor-festival\/#breadcrumb\"},\"inLanguage\":\"hr\",\"potentialAction\":[{\"@type\":\"ReadAction\",\"target\":[\"https:\/\/api.visittrogir.hr\/hr\/activities\/outdoor-festival\/\"]}]},{\"@type\":\"BreadcrumbList\",\"@id\":\"https:\/\/api.visittrogir.hr\/hr\/activities\/outdoor-festival\/#breadcrumb\",\"itemListElement\":[{\"@type\":\"ListItem\",\"position\":1,\"name\":\"Home\",\"item\":\"https:\/\/api.visittrogir.hr\/hr\/\"},{\"@type\":\"ListItem\",\"position\":2,\"name\":\"Aktivnosti\",\"item\":\"https:\/\/api.visittrogir.hr\/hr\/activities\/\"},{\"@type\":\"ListItem\",\"position\":3,\"name\":\"TROGIR OUTDOOR FESTIVAL 2025. &#8211; SPORT, PRIRODA I ADRENALIN U SRCU DALMACIJE!\"}]},{\"@type\":\"WebSite\",\"@id\":\"https:\/\/api.visittrogir.hr\/hr\/#website\",\"url\":\"https:\/\/api.visittrogir.hr\/hr\/\",\"name\":\"Turisti\u010dka zajednica grada Trogira\",\"description\":\"\",\"publisher\":{\"@id\":\"https:\/\/api.visittrogir.hr\/hr\/#organization\"},\"potentialAction\":[{\"@type\":\"SearchAction\",\"target\":{\"@type\":\"EntryPoint\",\"urlTemplate\":\"https:\/\/api.visittrogir.hr\/hr\/?s={search_term_string}\"},\"query-input\":\"required name=search_term_string\"}],\"inLanguage\":\"hr\"},{\"@type\":\"Organization\",\"@id\":\"https:\/\/api.visittrogir.hr\/hr\/#organization\",\"name\":\"Turisti\u010dka zajednica grada Trogira\",\"url\":\"https:\/\/api.visittrogir.hr\/hr\/\",\"logo\":{\"@type\":\"ImageObject\",\"inLanguage\":\"hr\",\"@id\":\"https:\/\/api.visittrogir.hr\/hr\/#\/schema\/logo\/image\/\",\"url\":\"https:\/\/api.visittrogir.hr\/wp-content\/uploads\/2023\/03\/tzgt.jpg\",\"contentUrl\":\"https:\/\/api.visittrogir.hr\/wp-content\/uploads\/2023\/03\/tzgt.jpg\",\"width\":627,\"height\":636,\"caption\":\"Turisti\u010dka zajednica grada Trogira\"},\"image\":{\"@id\":\"https:\/\/api.visittrogir.hr\/hr\/#\/schema\/logo\/image\/\"},\"sameAs\":[\"https:\/\/www.facebook.com\/visit.trogir\",\"https:\/\/twitter.com\/visit_trogir\"]}]}<\/script>\n<!-- \/ Yoast SEO plugin. -->","yoast_head_json":{"title":"TROGIR OUTDOOR FESTIVAL 2025. - SPORT, PRIRODA I ADRENALIN U SRCU DALMACIJE! - Turisti\u010dka zajednica grada Trogira","description":"Ljubitelj ste aktivnog odmora? Odli\u010dno! Onda nas obavezno posjetite tijekom svibnja i sudjelujte uz Trogir Outdoor Festival.","robots":{"index":"noindex","follow":"follow","max-snippet":"max-snippet:-1","max-image-preview":"max-image-preview:large","max-video-preview":"max-video-preview:-1"},"og_locale":"hr_HR","og_type":"article","og_title":"TROGIR OUTDOOR FESTIVAL 2025. - SPORT, PRIRODA I ADRENALIN U SRCU DALMACIJE! - Turisti\u010dka zajednica grada Trogira","og_description":"Ljubitelj ste aktivnog odmora? Odli\u010dno! Onda nas obavezno posjetite tijekom svibnja i sudjelujte uz Trogir Outdoor Festival.","og_url":"https:\/\/api.visittrogir.hr\/hr\/activities\/outdoor-festival\/","og_site_name":"Turisti\u010dka zajednica grada Trogira","article_publisher":"https:\/\/www.facebook.com\/visit.trogir","article_modified_time":"2025-04-15T12:15:30+00:00","og_image":[{"width":1280,"height":800,"url":"https:\/\/api.visittrogir.hr\/wp-content\/uploads\/2025\/03\/TZ-BANNER-OUTDOOR-2025-HR-1280X800-01-1.png","type":"image\/png"}],"twitter_card":"summary_large_image","twitter_site":"@visit_trogir","twitter_misc":{"Procijenjeno vrijeme \u010ditanja":"4 minute"},"schema":{"@context":"https:\/\/schema.org","@graph":[{"@type":"WebPage","@id":"https:\/\/api.visittrogir.hr\/hr\/activities\/outdoor-festival\/","url":"https:\/\/api.visittrogir.hr\/hr\/activities\/outdoor-festival\/","name":"TROGIR OUTDOOR FESTIVAL 2025. - SPORT, PRIRODA I ADRENALIN U SRCU DALMACIJE! - Turisti\u010dka zajednica grada Trogira","isPartOf":{"@id":"https:\/\/api.visittrogir.hr\/hr\/#website"},"datePublished":"2023-07-25T10:17:50+00:00","dateModified":"2025-04-15T12:15:30+00:00","description":"Ljubitelj ste aktivnog odmora? Odli\u010dno! Onda nas obavezno posjetite tijekom svibnja i sudjelujte uz Trogir Outdoor Festival.","breadcrumb":{"@id":"https:\/\/api.visittrogir.hr\/hr\/activities\/outdoor-festival\/#breadcrumb"},"inLanguage":"hr","potentialAction":[{"@type":"ReadAction","target":["https:\/\/api.visittrogir.hr\/hr\/activities\/outdoor-festival\/"]}]},{"@type":"BreadcrumbList","@id":"https:\/\/api.visittrogir.hr\/hr\/activities\/outdoor-festival\/#breadcrumb","itemListElement":[{"@type":"ListItem","position":1,"name":"Home","item":"https:\/\/api.visittrogir.hr\/hr\/"},{"@type":"ListItem","position":2,"name":"Aktivnosti","item":"https:\/\/api.visittrogir.hr\/hr\/activities\/"},{"@type":"ListItem","position":3,"name":"TROGIR OUTDOOR FESTIVAL 2025. &#8211; SPORT, PRIRODA I ADRENALIN U SRCU DALMACIJE!"}]},{"@type":"WebSite","@id":"https:\/\/api.visittrogir.hr\/hr\/#website","url":"https:\/\/api.visittrogir.hr\/hr\/","name":"Turisti\u010dka zajednica grada Trogira","description":"","publisher":{"@id":"https:\/\/api.visittrogir.hr\/hr\/#organization"},"potentialAction":[{"@type":"SearchAction","target":{"@type":"EntryPoint","urlTemplate":"https:\/\/api.visittrogir.hr\/hr\/?s={search_term_string}"},"query-input":"required name=search_term_string"}],"inLanguage":"hr"},{"@type":"Organization","@id":"https:\/\/api.visittrogir.hr\/hr\/#organization","name":"Turisti\u010dka zajednica grada Trogira","url":"https:\/\/api.visittrogir.hr\/hr\/","logo":{"@type":"ImageObject","inLanguage":"hr","@id":"https:\/\/api.visittrogir.hr\/hr\/#\/schema\/logo\/image\/","url":"https:\/\/api.visittrogir.hr\/wp-content\/uploads\/2023\/03\/tzgt.jpg","contentUrl":"https:\/\/api.visittrogir.hr\/wp-content\/uploads\/2023\/03\/tzgt.jpg","width":627,"height":636,"caption":"Turisti\u010dka zajednica grada Trogira"},"image":{"@id":"https:\/\/api.visittrogir.hr\/hr\/#\/schema\/logo\/image\/"},"sameAs":["https:\/\/www.facebook.com\/visit.trogir","https:\/\/twitter.com\/visit_trogir"]}]}},"_links":{"self":[{"href":"https:\/\/api.visittrogir.hr\/hr\/wp-json\/wp\/v2\/pages\/4771","targetHints":{"allow":["GET"]}}],"collection":[{"href":"https:\/\/api.visittrogir.hr\/hr\/wp-json\/wp\/v2\/pages"}],"about":[{"href":"https:\/\/api.visittrogir.hr\/hr\/wp-json\/wp\/v2\/types\/page"}],"author":[{"embeddable":true,"href":"https:\/\/api.visittrogir.hr\/hr\/wp-json\/wp\/v2\/users\/1"}],"replies":[{"embeddable":true,"href":"https:\/\/api.visittrogir.hr\/hr\/wp-json\/wp\/v2\/comments?post=4771"}],"version-history":[{"count":26,"href":"https:\/\/api.visittrogir.hr\/hr\/wp-json\/wp\/v2\/pages\/4771\/revisions"}],"predecessor-version":[{"id":12804,"href":"https:\/\/api.visittrogir.hr\/hr\/wp-json\/wp\/v2\/pages\/4771\/revisions\/12804"}],"up":[{"embeddable":true,"href":"https:\/\/api.visittrogir.hr\/hr\/wp-json\/wp\/v2\/pages\/4764"}],"wp:featuredmedia":[{"embeddable":true,"href":"https:\/\/api.visittrogir.hr\/hr\/wp-json\/wp\/v2\/media\/12798"}],"wp:attachment":[{"href":"https:\/\/api.visittrogir.hr\/hr\/wp-json\/wp\/v2\/media?parent=4771"}],"curies":[{"name":"wp","href":"https:\/\/api.w.org\/{rel}","templated":true}]}}