{"id":484,"date":"2022-11-30T13:42:45","date_gmt":"2022-11-30T13:42:45","guid":{"rendered":"https:\/\/api.visittrogir.hr\/?page_id=484"},"modified":"2024-07-23T13:45:16","modified_gmt":"2024-07-23T13:45:16","slug":"faqs-tourist","status":"publish","type":"page","link":"https:\/\/api.visittrogir.hr\/hr\/faqs-tourist\/","title":{"rendered":"\u010cesta pitanja &#8211; Visit Trogir"},"content":{"rendered":"","protected":false},"excerpt":{"rendered":"","protected":false},"author":1,"featured_media":1719,"parent":0,"menu_order":0,"comment_status":"closed","ping_status":"closed","template":"\/var\/www\/api.visittrogir.hr\/source\/wordpress\/wp-content\/plugins\/tz-trogir-endpoint-customization\/inc\/inc\/templates\/faq-page-template.php","meta":{"footnotes":""},"class_list":["post-484","page","type-page","status-publish","has-post-thumbnail","hentry"],"acf":{"faq":[{"question":"Gdje je i koje je radno vrijeme turisti\u010dke ambulante u Trogiru?","content":"<p>Turisti\u010dka ambulanta u Trogiru nalazi se u zgradi Doma zdravlja (ul. Kardinala A. Stepinca 17, Trogir), te je otvorena samo tijekom ljetnih mjeseci.<\/p>\n<p>Radno vrijeme: UTO-SUB: 13-21h, NED I PON zatvoreno<\/p>\n<p>SAMO u slu\u010daju iznimne potrebe za zdravstvenim uslugama tijekom nedjelje i ponedjeljka javiti se de\u017eurnom timu.<\/p>\n<p>&nbsp;<\/p>\n<p>Molimo ukoliko va\u0161i simptomi ne iziskuju hitnu reakciju lije\u010dnika (ubod morskog je\u017ea, ka\u0161alj, grlobolja, curenje nosa, osip, crvenilo uzrokovano suncem i sl.) ne stvarate nepotrebne gu\u017eve u ambulantama, ve\u0107 posjetite najbli\u017eu ljekarnu (ka\u0161alj, curenje nosa, grlobolja &#8211; sirup, pastile, kapi za nos; crvenilo uzrokovano suncem &#8211; krema za ubla\u017eavanje opeklina od sunca; ubod je\u017ea &#8211; otkloniti sterilnom iglom bodlje koje je mogu\u0107e, za ostale kupiti crnu mast, previjanje rana &#8211; samo u radno vrijeme turisti\u010dke ambulante).<\/p>\n<p>&nbsp;<\/p>\n<p>Zahvaljujemo u ime zdravstvenih djelatnika!<\/p>\n","gallery":false},{"question":"Kada je Trogir osnovan?","content":"<p><em>Osnovan u 3. stolje\u0107u prije Krista od strane gr\u010dkih kolonista, Trogir se razvio u povijesno bogat grad.<\/em><\/p>\n","gallery":["https:\/\/api.visittrogir.hr\/wp-content\/uploads\/2023\/05\/20190609_Trogir0680-300x204-1.jpg","https:\/\/api.visittrogir.hr\/wp-content\/uploads\/2023\/05\/20190417_Trogir0270-300x196-1.jpg","https:\/\/api.visittrogir.hr\/wp-content\/uploads\/2023\/05\/20190614_Trogir1868-300x196-1.jpg"]},{"question":"\u0160to je simbol Trogira?","content":"<p><em>Gr\u010dki bog Kairos je simbol Trogira, reljef se mo\u017ee vidjeti u prekrasnoj kolekciji u benediktinskom samostanu Svetog Nikole koji je osnovan 1064. godine.<\/em><\/p>\n","gallery":["https:\/\/api.visittrogir.hr\/wp-content\/uploads\/2023\/05\/20190613_Trogir1253-300x300-1.jpg","https:\/\/api.visittrogir.hr\/wp-content\/uploads\/2023\/05\/20190609_Trogir0733-300x300-1.jpg"]},{"question":"Tko je Kairos?","content":"<p><em>Kairos je gr\u010dki bog sre\u0107e, ako ga uhvatite za \u010duperak kada proleti &#8211; tako uhvatite svoj sretni trenutak.<\/em><\/p>\n","gallery":["https:\/\/api.visittrogir.hr\/wp-content\/uploads\/2023\/05\/20190613_Trogir1253-300x300-1.jpg"]},{"question":"Po \u010demu je Trogir poznat?","content":"<p><em>Trogir je poznat po svojoj povijesnoj jezgri koja se smatra najo\u0107uvanijim srednjovjekovnim gradom u srednjoj Europi.<\/em><\/p>\n<h1><\/h1>\n<p>&nbsp;<\/p>\n","gallery":["https:\/\/api.visittrogir.hr\/wp-content\/uploads\/2023\/05\/IMG-20220526-WA0001-1-300x300-1.jpg","https:\/\/api.visittrogir.hr\/wp-content\/uploads\/2023\/05\/20190626_Trogir2345_1-300x300-2.jpg","https:\/\/api.visittrogir.hr\/wp-content\/uploads\/2023\/05\/20190625_Trogir2219_1-1-300x207-1.jpg"]},{"question":"Kada je Trogir upisan u UNESCO?","content":"<p><em>Trogir je 1997. godine stavljen na UNESCO-v popis mjesta svjetske ba\u0161tine.<\/em><\/p>\n<p>&nbsp;<\/p>\n<p>&nbsp;<\/p>\n","gallery":false},{"question":"Po \u010demu je katedrala sv. Lovre posebna?","content":"<p><em>\u00a0Iako trogirska katedrala slu\u017ebeno nosi naziv Katedrala Sv. Lovre, me\u0111u lokalnim stanovni\u0161tvom \u010desto mo\u017eete \u010duti kako je nazivaju Katedralom Sv. Ivana, trogirskog za\u0161titnika. Radi se o istoj katedrali, jedinoj u Trogiru. Katedrala je gra\u0111ena kroz pet stolje\u0107a, a mje\u0161avina stilova vidljiva je na zvoniku. Katedrala Sv. Lovre poznata je i po Radovanovom portalu iz 13. stolje\u0107a, remek-djelu hrvatske srednjovjekovne umjetnosti.<\/em><\/p>\n","gallery":["https:\/\/api.visittrogir.hr\/wp-content\/uploads\/2023\/05\/20190625_Trogir2220-300x208-1.jpg"]},{"question":"\u0160to mo\u017eete vidjeti u Trogiru u jednom danu?","content":"<p><em>Zbog njegove relativno male povr\u0161ine, u jednom danu mo\u017eete vidjeti sve najva\u017enije znamenitosti u gradu, jer su jedna od druge udaljene samo nekoliko minuta hoda. Grad muzej, kako ga nazivaju mnogi, svoje posjetitelje osvaja bogatom ponudom. Iako \u0107ete i samom \u0161etnjom srednjovjekovnom ulicama imati osje\u0107aj da putujete kroz vrijeme, od znamenitosti koje morate vidjeti isti\u010demo: Katedralu Sv. Lovre sa veli\u010danstvenim Radovanovim portalom, Kulu Kamerlengo i Kulu Sv. Marka, Gradsku lo\u017eu, Muzej grada u kojem mo\u017eete saznati sve o povijesti Trogira od gr\u010dkog razdoblja pa sve do danas i benediktinski samostan gdje imate priliku vidjeti reljef Kairosa- gr\u010dkog boga sretnog trenutka.<\/em><\/p>\n","gallery":["https:\/\/api.visittrogir.hr\/wp-content\/uploads\/2023\/05\/hl-25098540583-200x300-1.jpg","https:\/\/api.visittrogir.hr\/wp-content\/uploads\/2023\/05\/zvonik-1-300x194-1.jpg"]},{"question":"Gdje mo\u017eemo ostaviti prtljagu na nekoliko sati?","content":"<p><em>U bli\u017eem centru grada postoje dva skladi\u0161ta za prtljagu. Jedno se nalazi u sklopu gradskog kolodvora gdje svoju prtljagu mo\u017eete ostaviti u ormari\u0107ima koji se zaklju\u010davaju, dok je drugo skladi\u0161te udaljeno samo 50ak metara u smjeru Segeta, odmah pored ribarnice, na adresi Ulica Alojzija Stepinca 12A, Trogir.<\/em><\/p>\n","gallery":["https:\/\/api.visittrogir.hr\/wp-content\/uploads\/2023\/05\/20190614_Trogir1544-300x198-1.jpg"]},{"question":"Ima li Trogir gradsku pla\u017eu i gdje se ona nalazi?","content":"<p><em>U starom dijelu grada nema pla\u017ee, ali dvije gradske pla\u017ee nalaze se u neposrednoj blizini, udaljene samo 10ak minuta hoda(jedna na otoku \u010ciovu &#8211; ispred hotela Beach Brown House, a druga na predjelu Brigi &#8211; ispred cafe bara \u010cokolada). Ve\u0107ina trogirskih pla\u017ea nalazi se u naselju Arbanija na otoku \u010ciovu, u ljetnim mjesecima dobro povezanoj brodskim linijama.<\/em><\/p>\n<p>&nbsp;<\/p>\n","gallery":false},{"question":"Kako na otoke?","content":"<p><em>Trogir i obli\u017enje otoke Drvenik Veliki i Drvenik Mali povezuje trajektna linija koja mjesecima sezona polazi nekoliko puta dnevno. Ostale otoke mo\u017eete posjetiti na jednodnevnim turama koje svakodnevno kre\u0107u iz Trogira ili trajektom koji kre\u0107e iz trajektne luke u Splitu, udaljene 30 minuta vo\u017enje od Trogira.<\/em><\/p>\n","gallery":["https:\/\/api.visittrogir.hr\/wp-content\/uploads\/2023\/05\/20190614_Drvenik1631-1536x974-1-300x190-1.jpg"]},{"question":"Gdje na trogirskom podru\u010dju mo\u017eemo voziti biciklu ili hodati u prirodi?","content":"<p><em>Otok \u010ciovo savr\u0161eno je mjesto za vo\u017enju biciklom ili \u0161etnju u prirodu zbog brojnih staza koja se ondje nalaze. Otok tako\u0111er krase bujna mediteranska vegetacija, brojne predromani\u010dke crkve i neistra\u017eene pla\u017ee.<\/em><\/p>\n","gallery":["https:\/\/api.visittrogir.hr\/wp-content\/uploads\/2023\/05\/prioda-1-300x200-1.jpg"]}],"title":"Vi ste pitali, mi odgovaramo"},"translations":{"en":"faqs-tourist","hr":"faqs-tourist"},"yoast_head":"<!-- This site is optimized with the Yoast SEO plugin v20.5 - https:\/\/yoast.com\/wordpress\/plugins\/seo\/ -->\n<title>\u010cesta pitanja - Visit Trogir - Turisti\u010dka zajednica grada Trogira<\/title>\n<meta name=\"description\" content=\"Odgovaramo na Va\u0161a naj\u010de\u0161\u0107e postavljena pitanja. Saznajte vi\u0161e o povijesnom dijelu Trogira kao i njegovoj okolici.\" \/>\n<meta name=\"robots\" content=\"noindex, follow, max-snippet:-1, max-image-preview:large, max-video-preview:-1\" \/>\n<meta property=\"og:locale\" content=\"hr_HR\" \/>\n<meta property=\"og:type\" content=\"article\" \/>\n<meta property=\"og:title\" content=\"\u010cesta pitanja - Visit Trogir - Turisti\u010dka zajednica grada Trogira\" \/>\n<meta property=\"og:description\" content=\"Odgovaramo na Va\u0161a naj\u010de\u0161\u0107e postavljena pitanja. Saznajte vi\u0161e o povijesnom dijelu Trogira kao i njegovoj okolici.\" \/>\n<meta property=\"og:url\" content=\"https:\/\/api.visittrogir.hr\/hr\/faqs-tourist\/\" \/>\n<meta property=\"og:site_name\" content=\"Turisti\u010dka zajednica grada Trogira\" \/>\n<meta property=\"article:publisher\" content=\"https:\/\/www.facebook.com\/visit.trogir\" \/>\n<meta property=\"article:modified_time\" content=\"2024-07-23T13:45:16+00:00\" \/>\n<meta property=\"og:image\" content=\"https:\/\/api.visittrogir.hr\/wp-content\/uploads\/2023\/04\/20190626_Trogir2345_1-scaled.jpg\" \/>\n\t<meta property=\"og:image:width\" content=\"2560\" \/>\n\t<meta property=\"og:image:height\" content=\"2560\" \/>\n\t<meta property=\"og:image:type\" content=\"image\/jpeg\" \/>\n<meta name=\"twitter:card\" content=\"summary_large_image\" \/>\n<meta name=\"twitter:site\" content=\"@visit_trogir\" \/>\n<script type=\"application\/ld+json\" class=\"yoast-schema-graph\">{\"@context\":\"https:\/\/schema.org\",\"@graph\":[{\"@type\":\"WebPage\",\"@id\":\"https:\/\/api.visittrogir.hr\/hr\/faqs-tourist\/\",\"url\":\"https:\/\/api.visittrogir.hr\/hr\/faqs-tourist\/\",\"name\":\"\u010cesta pitanja - Visit Trogir - Turisti\u010dka zajednica grada Trogira\",\"isPartOf\":{\"@id\":\"https:\/\/api.visittrogir.hr\/hr\/#website\"},\"datePublished\":\"2022-11-30T13:42:45+00:00\",\"dateModified\":\"2024-07-23T13:45:16+00:00\",\"description\":\"Odgovaramo na Va\u0161a naj\u010de\u0161\u0107e postavljena pitanja. Saznajte vi\u0161e o povijesnom dijelu Trogira kao i njegovoj okolici.\",\"breadcrumb\":{\"@id\":\"https:\/\/api.visittrogir.hr\/hr\/faqs-tourist\/#breadcrumb\"},\"inLanguage\":\"hr\",\"potentialAction\":[{\"@type\":\"ReadAction\",\"target\":[\"https:\/\/api.visittrogir.hr\/hr\/faqs-tourist\/\"]}]},{\"@type\":\"BreadcrumbList\",\"@id\":\"https:\/\/api.visittrogir.hr\/hr\/faqs-tourist\/#breadcrumb\",\"itemListElement\":[{\"@type\":\"ListItem\",\"position\":1,\"name\":\"Home\",\"item\":\"https:\/\/api.visittrogir.hr\/hr\/\"},{\"@type\":\"ListItem\",\"position\":2,\"name\":\"\u010cesta pitanja &#8211; Visit Trogir\"}]},{\"@type\":\"WebSite\",\"@id\":\"https:\/\/api.visittrogir.hr\/hr\/#website\",\"url\":\"https:\/\/api.visittrogir.hr\/hr\/\",\"name\":\"Turisti\u010dka zajednica grada Trogira\",\"description\":\"\",\"publisher\":{\"@id\":\"https:\/\/api.visittrogir.hr\/hr\/#organization\"},\"potentialAction\":[{\"@type\":\"SearchAction\",\"target\":{\"@type\":\"EntryPoint\",\"urlTemplate\":\"https:\/\/api.visittrogir.hr\/hr\/?s={search_term_string}\"},\"query-input\":\"required name=search_term_string\"}],\"inLanguage\":\"hr\"},{\"@type\":\"Organization\",\"@id\":\"https:\/\/api.visittrogir.hr\/hr\/#organization\",\"name\":\"Turisti\u010dka zajednica grada Trogira\",\"url\":\"https:\/\/api.visittrogir.hr\/hr\/\",\"logo\":{\"@type\":\"ImageObject\",\"inLanguage\":\"hr\",\"@id\":\"https:\/\/api.visittrogir.hr\/hr\/#\/schema\/logo\/image\/\",\"url\":\"https:\/\/api.visittrogir.hr\/wp-content\/uploads\/2023\/03\/tzgt.jpg\",\"contentUrl\":\"https:\/\/api.visittrogir.hr\/wp-content\/uploads\/2023\/03\/tzgt.jpg\",\"width\":627,\"height\":636,\"caption\":\"Turisti\u010dka zajednica grada Trogira\"},\"image\":{\"@id\":\"https:\/\/api.visittrogir.hr\/hr\/#\/schema\/logo\/image\/\"},\"sameAs\":[\"https:\/\/www.facebook.com\/visit.trogir\",\"https:\/\/twitter.com\/visit_trogir\"]}]}<\/script>\n<!-- \/ Yoast SEO plugin. -->","yoast_head_json":{"title":"\u010cesta pitanja - Visit Trogir - Turisti\u010dka zajednica grada Trogira","description":"Odgovaramo na Va\u0161a naj\u010de\u0161\u0107e postavljena pitanja. Saznajte vi\u0161e o povijesnom dijelu Trogira kao i njegovoj okolici.","robots":{"index":"noindex","follow":"follow","max-snippet":"max-snippet:-1","max-image-preview":"max-image-preview:large","max-video-preview":"max-video-preview:-1"},"og_locale":"hr_HR","og_type":"article","og_title":"\u010cesta pitanja - Visit Trogir - Turisti\u010dka zajednica grada Trogira","og_description":"Odgovaramo na Va\u0161a naj\u010de\u0161\u0107e postavljena pitanja. Saznajte vi\u0161e o povijesnom dijelu Trogira kao i njegovoj okolici.","og_url":"https:\/\/api.visittrogir.hr\/hr\/faqs-tourist\/","og_site_name":"Turisti\u010dka zajednica grada Trogira","article_publisher":"https:\/\/www.facebook.com\/visit.trogir","article_modified_time":"2024-07-23T13:45:16+00:00","og_image":[{"width":2560,"height":2560,"url":"https:\/\/api.visittrogir.hr\/wp-content\/uploads\/2023\/04\/20190626_Trogir2345_1-scaled.jpg","type":"image\/jpeg"}],"twitter_card":"summary_large_image","twitter_site":"@visit_trogir","schema":{"@context":"https:\/\/schema.org","@graph":[{"@type":"WebPage","@id":"https:\/\/api.visittrogir.hr\/hr\/faqs-tourist\/","url":"https:\/\/api.visittrogir.hr\/hr\/faqs-tourist\/","name":"\u010cesta pitanja - Visit Trogir - Turisti\u010dka zajednica grada Trogira","isPartOf":{"@id":"https:\/\/api.visittrogir.hr\/hr\/#website"},"datePublished":"2022-11-30T13:42:45+00:00","dateModified":"2024-07-23T13:45:16+00:00","description":"Odgovaramo na Va\u0161a naj\u010de\u0161\u0107e postavljena pitanja. Saznajte vi\u0161e o povijesnom dijelu Trogira kao i njegovoj okolici.","breadcrumb":{"@id":"https:\/\/api.visittrogir.hr\/hr\/faqs-tourist\/#breadcrumb"},"inLanguage":"hr","potentialAction":[{"@type":"ReadAction","target":["https:\/\/api.visittrogir.hr\/hr\/faqs-tourist\/"]}]},{"@type":"BreadcrumbList","@id":"https:\/\/api.visittrogir.hr\/hr\/faqs-tourist\/#breadcrumb","itemListElement":[{"@type":"ListItem","position":1,"name":"Home","item":"https:\/\/api.visittrogir.hr\/hr\/"},{"@type":"ListItem","position":2,"name":"\u010cesta pitanja &#8211; Visit Trogir"}]},{"@type":"WebSite","@id":"https:\/\/api.visittrogir.hr\/hr\/#website","url":"https:\/\/api.visittrogir.hr\/hr\/","name":"Turisti\u010dka zajednica grada Trogira","description":"","publisher":{"@id":"https:\/\/api.visittrogir.hr\/hr\/#organization"},"potentialAction":[{"@type":"SearchAction","target":{"@type":"EntryPoint","urlTemplate":"https:\/\/api.visittrogir.hr\/hr\/?s={search_term_string}"},"query-input":"required name=search_term_string"}],"inLanguage":"hr"},{"@type":"Organization","@id":"https:\/\/api.visittrogir.hr\/hr\/#organization","name":"Turisti\u010dka zajednica grada Trogira","url":"https:\/\/api.visittrogir.hr\/hr\/","logo":{"@type":"ImageObject","inLanguage":"hr","@id":"https:\/\/api.visittrogir.hr\/hr\/#\/schema\/logo\/image\/","url":"https:\/\/api.visittrogir.hr\/wp-content\/uploads\/2023\/03\/tzgt.jpg","contentUrl":"https:\/\/api.visittrogir.hr\/wp-content\/uploads\/2023\/03\/tzgt.jpg","width":627,"height":636,"caption":"Turisti\u010dka zajednica grada Trogira"},"image":{"@id":"https:\/\/api.visittrogir.hr\/hr\/#\/schema\/logo\/image\/"},"sameAs":["https:\/\/www.facebook.com\/visit.trogir","https:\/\/twitter.com\/visit_trogir"]}]}},"_links":{"self":[{"href":"https:\/\/api.visittrogir.hr\/hr\/wp-json\/wp\/v2\/pages\/484","targetHints":{"allow":["GET"]}}],"collection":[{"href":"https:\/\/api.visittrogir.hr\/hr\/wp-json\/wp\/v2\/pages"}],"about":[{"href":"https:\/\/api.visittrogir.hr\/hr\/wp-json\/wp\/v2\/types\/page"}],"author":[{"embeddable":true,"href":"https:\/\/api.visittrogir.hr\/hr\/wp-json\/wp\/v2\/users\/1"}],"replies":[{"embeddable":true,"href":"https:\/\/api.visittrogir.hr\/hr\/wp-json\/wp\/v2\/comments?post=484"}],"version-history":[{"count":39,"href":"https:\/\/api.visittrogir.hr\/hr\/wp-json\/wp\/v2\/pages\/484\/revisions"}],"predecessor-version":[{"id":10354,"href":"https:\/\/api.visittrogir.hr\/hr\/wp-json\/wp\/v2\/pages\/484\/revisions\/10354"}],"wp:featuredmedia":[{"embeddable":true,"href":"https:\/\/api.visittrogir.hr\/hr\/wp-json\/wp\/v2\/media\/1719"}],"wp:attachment":[{"href":"https:\/\/api.visittrogir.hr\/hr\/wp-json\/wp\/v2\/media?parent=484"}],"curies":[{"name":"wp","href":"https:\/\/api.w.org\/{rel}","templated":true}]}}