{"id":762,"date":"2023-02-04T11:38:09","date_gmt":"2023-02-04T11:38:09","guid":{"rendered":"https:\/\/api.visittrogir.hr\/?page_id=762"},"modified":"2023-05-04T11:21:13","modified_gmt":"2023-05-04T11:21:13","slug":"faqs-local","status":"publish","type":"page","link":"https:\/\/api.visittrogir.hr\/hr\/faqs-local\/","title":{"rendered":"\u010cesta pitanja &#8211; Lokalac"},"content":{"rendered":"","protected":false},"excerpt":{"rendered":"","protected":false},"author":1,"featured_media":0,"parent":0,"menu_order":0,"comment_status":"closed","ping_status":"closed","template":"\/var\/www\/api.visittrogir.hr\/source\/wordpress\/wp-content\/plugins\/tz-trogir-endpoint-customization\/inc\/inc\/templates\/faq-page-template.php","meta":{"footnotes":""},"class_list":["post-762","page","type-page","status-publish","hentry"],"acf":{"faq":[{"question":"Koji su rokovi pla\u0107anja turisti\u010dke pristojbe i turisti\u010dke \u010dlanarine?","content":"<p>Rok za jednokratno pla\u0107anje je do 31.07., a ukoliko se pla\u0107a u tri obroka rokovi su sljede\u0107i: prvi obrok do 31.07., drugi do 31.08., te tre\u0107i do 30.09. Vrijedi i za \u010dlanarinu i za pristojbu.<\/p>\n","gallery":false},{"question":"Gdje mo\u017eemo dobiti uplatnice za turisti\u010dku pristojbu i \u010dlanarinu?","content":"<p>Uplatnice se NE \u0160ALJU po\u0161tom, te su sve dostupne putem sustava eVisitor.<\/p>\n","gallery":false},{"question":"Koji je rok za podno\u0161enje TZ2 obrasca Poreznoj upravi, te koja je Porezna uprava nadle\u017ena?","content":"<p>Rok za podno\u0161enje TZ2 obrasca je do 15.01. Obrazac se mo\u017ee podnijeti osobno ili putem sustava egra\u0111ani.<\/p>\n<p>Nadle\u017ena Porezna uprava je u Va\u0161em mjestu prebivali\u0161ta. Za nerezidente (osobe \u010dije je prebivali\u0161te van Republike Hrvatske) nadle\u017ena Porezna uprava je u Zagrebu, Avenija Dubrovnik 32, tel: 01\/6501-111.<\/p>\n","gallery":false},{"question":"Moram li imati cjenik i ku\u0107ni red u smje\u0161tajnom objektu?","content":"<p>Svi iznajmljiva\u010di su obvezni imati cjenik u smje\u0161tajnom objektu na vidljivom mjestu.<\/p>\n<p>Ku\u0107ni red je obvezan za iznajmljiva\u010de koji su registrirani kao obrtnici ili trgova\u010dka dru\u0161tva, dok za privatne iznajmljiva\u010de nije, ali je svakako preporuka imati ga u smje\u0161tajnom objektu kako bi gostu dali do znanja \u0161to je dopu\u0161teno, \u0161to ne, te koje \u0107e sankcije snositi ukoliko se ne budu pridr\u017eavali ku\u0107nog reda.<\/p>\n","gallery":false},{"question":"Koji je rok za prijavu gostiju u eVisitor?","content":"<p>Goste je potrebno prijaviti u roku od 24 sata od dolaska u smje\u0161taj putem sustava eVisitor.<\/p>\n","gallery":false},{"question":"\u0160to je nekomercijalni smje\u0161taj? ","content":"<p>Rije\u010d je smje\u0161taju u ku\u0107ama i stanovima za odmor koji se ne iznajmljuju komercijalno gostima niti se u njima obavlja ugostiteljska djelatnost te ih sezonski ili povremeno koriste i u njima no\u0107e vlasnici tih objekata, \u010dlanovi njihovih obitelji, ostala rodbina i prijatelji, a koje je vlasnik obvezan prijaviti i odjaviti turisti\u010dkoj zajednici op\u0107ine ili grada.<\/p>\n<p>Turisti\u010dku pristojbu pla\u0107aju osobe \u010dije je prebivali\u0161te van op\u0107ine u kojoj je prijavljen nekomercijalni smje\u0161taj.<\/p>\n<p>Turisti\u010dka pristojba se mo\u017ee pla\u0107ati po no\u0107enju ili pau\u0161alno za \u010dlanove obitelji. Osobe sa prebivali\u0161tem van EU pla\u0107aju puni iznos turisti\u010dke pristojbe po no\u0107enju, te nije mogu\u0107 odabir pau\u0161alnog pla\u0107anja.<\/p>\n<p>Za prijavu nekomercijalnog smje\u0161taja potreban je vlasni\u010dki list (ne stariji od 6 mjeseci), te osobna iskaznica.<\/p>\n","gallery":false},{"question":"Kad ukinem Rje\u0161enje o iznajmljivanju moram li platiti turisti\u010dku pristojbu i turisti\u010dku \u010dlanarinu?","content":"<p>Po Zakonu o turisti\u010dkoj pristojbi (NN 52\/19), te po Zakonu o \u010dlanarinama u turisti\u010dkoj zajednici (NN 52\/19) godi\u0161nji pau\u0161alni iznosi se pla\u0107aju po kapacitetu smje\u0161tajnog objekta, te na iznos zadu\u017eenja ne utje\u010de datum izdavanja\/ukidanja Rje\u0161enja niti razdoblje poslovanja obveznika u teku\u0107oj godini.<\/p>\n","gallery":false}],"title":"Vi ste pitali, mi odgovaramo"},"translations":{"en":"faqs-local","hr":"faqs-local"},"yoast_head":"<!-- This site is optimized with the Yoast SEO plugin v20.5 - https:\/\/yoast.com\/wordpress\/plugins\/seo\/ -->\n<title>\u010cesta pitanja - Lokalac - Turisti\u010dka zajednica grada Trogira<\/title>\n<meta name=\"robots\" content=\"noindex, follow, max-snippet:-1, max-image-preview:large, max-video-preview:-1\" \/>\n<meta property=\"og:locale\" content=\"hr_HR\" \/>\n<meta property=\"og:type\" content=\"article\" \/>\n<meta property=\"og:title\" content=\"\u010cesta pitanja - Lokalac - Turisti\u010dka zajednica grada Trogira\" \/>\n<meta property=\"og:url\" content=\"https:\/\/api.visittrogir.hr\/hr\/faqs-local\/\" \/>\n<meta property=\"og:site_name\" content=\"Turisti\u010dka zajednica grada Trogira\" \/>\n<meta property=\"article:publisher\" content=\"https:\/\/www.facebook.com\/visit.trogir\" \/>\n<meta property=\"article:modified_time\" content=\"2023-05-04T11:21:13+00:00\" \/>\n<meta name=\"twitter:card\" content=\"summary_large_image\" \/>\n<meta name=\"twitter:site\" content=\"@visit_trogir\" \/>\n<script type=\"application\/ld+json\" class=\"yoast-schema-graph\">{\"@context\":\"https:\/\/schema.org\",\"@graph\":[{\"@type\":\"WebPage\",\"@id\":\"https:\/\/api.visittrogir.hr\/hr\/faqs-local\/\",\"url\":\"https:\/\/api.visittrogir.hr\/hr\/faqs-local\/\",\"name\":\"\u010cesta pitanja - Lokalac - Turisti\u010dka zajednica grada Trogira\",\"isPartOf\":{\"@id\":\"https:\/\/api.visittrogir.hr\/hr\/#website\"},\"datePublished\":\"2023-02-04T11:38:09+00:00\",\"dateModified\":\"2023-05-04T11:21:13+00:00\",\"breadcrumb\":{\"@id\":\"https:\/\/api.visittrogir.hr\/hr\/faqs-local\/#breadcrumb\"},\"inLanguage\":\"hr\",\"potentialAction\":[{\"@type\":\"ReadAction\",\"target\":[\"https:\/\/api.visittrogir.hr\/hr\/faqs-local\/\"]}]},{\"@type\":\"BreadcrumbList\",\"@id\":\"https:\/\/api.visittrogir.hr\/hr\/faqs-local\/#breadcrumb\",\"itemListElement\":[{\"@type\":\"ListItem\",\"position\":1,\"name\":\"Home\",\"item\":\"https:\/\/api.visittrogir.hr\/hr\/\"},{\"@type\":\"ListItem\",\"position\":2,\"name\":\"\u010cesta pitanja &#8211; Lokalac\"}]},{\"@type\":\"WebSite\",\"@id\":\"https:\/\/api.visittrogir.hr\/hr\/#website\",\"url\":\"https:\/\/api.visittrogir.hr\/hr\/\",\"name\":\"Turisti\u010dka zajednica grada Trogira\",\"description\":\"\",\"publisher\":{\"@id\":\"https:\/\/api.visittrogir.hr\/hr\/#organization\"},\"potentialAction\":[{\"@type\":\"SearchAction\",\"target\":{\"@type\":\"EntryPoint\",\"urlTemplate\":\"https:\/\/api.visittrogir.hr\/hr\/?s={search_term_string}\"},\"query-input\":\"required name=search_term_string\"}],\"inLanguage\":\"hr\"},{\"@type\":\"Organization\",\"@id\":\"https:\/\/api.visittrogir.hr\/hr\/#organization\",\"name\":\"Turisti\u010dka zajednica grada Trogira\",\"url\":\"https:\/\/api.visittrogir.hr\/hr\/\",\"logo\":{\"@type\":\"ImageObject\",\"inLanguage\":\"hr\",\"@id\":\"https:\/\/api.visittrogir.hr\/hr\/#\/schema\/logo\/image\/\",\"url\":\"https:\/\/api.visittrogir.hr\/wp-content\/uploads\/2023\/03\/tzgt.jpg\",\"contentUrl\":\"https:\/\/api.visittrogir.hr\/wp-content\/uploads\/2023\/03\/tzgt.jpg\",\"width\":627,\"height\":636,\"caption\":\"Turisti\u010dka zajednica grada Trogira\"},\"image\":{\"@id\":\"https:\/\/api.visittrogir.hr\/hr\/#\/schema\/logo\/image\/\"},\"sameAs\":[\"https:\/\/www.facebook.com\/visit.trogir\",\"https:\/\/twitter.com\/visit_trogir\"]}]}<\/script>\n<!-- \/ Yoast SEO plugin. -->","yoast_head_json":{"title":"\u010cesta pitanja - Lokalac - Turisti\u010dka zajednica grada Trogira","robots":{"index":"noindex","follow":"follow","max-snippet":"max-snippet:-1","max-image-preview":"max-image-preview:large","max-video-preview":"max-video-preview:-1"},"og_locale":"hr_HR","og_type":"article","og_title":"\u010cesta pitanja - Lokalac - Turisti\u010dka zajednica grada Trogira","og_url":"https:\/\/api.visittrogir.hr\/hr\/faqs-local\/","og_site_name":"Turisti\u010dka zajednica grada Trogira","article_publisher":"https:\/\/www.facebook.com\/visit.trogir","article_modified_time":"2023-05-04T11:21:13+00:00","twitter_card":"summary_large_image","twitter_site":"@visit_trogir","schema":{"@context":"https:\/\/schema.org","@graph":[{"@type":"WebPage","@id":"https:\/\/api.visittrogir.hr\/hr\/faqs-local\/","url":"https:\/\/api.visittrogir.hr\/hr\/faqs-local\/","name":"\u010cesta pitanja - Lokalac - Turisti\u010dka zajednica grada Trogira","isPartOf":{"@id":"https:\/\/api.visittrogir.hr\/hr\/#website"},"datePublished":"2023-02-04T11:38:09+00:00","dateModified":"2023-05-04T11:21:13+00:00","breadcrumb":{"@id":"https:\/\/api.visittrogir.hr\/hr\/faqs-local\/#breadcrumb"},"inLanguage":"hr","potentialAction":[{"@type":"ReadAction","target":["https:\/\/api.visittrogir.hr\/hr\/faqs-local\/"]}]},{"@type":"BreadcrumbList","@id":"https:\/\/api.visittrogir.hr\/hr\/faqs-local\/#breadcrumb","itemListElement":[{"@type":"ListItem","position":1,"name":"Home","item":"https:\/\/api.visittrogir.hr\/hr\/"},{"@type":"ListItem","position":2,"name":"\u010cesta pitanja &#8211; Lokalac"}]},{"@type":"WebSite","@id":"https:\/\/api.visittrogir.hr\/hr\/#website","url":"https:\/\/api.visittrogir.hr\/hr\/","name":"Turisti\u010dka zajednica grada Trogira","description":"","publisher":{"@id":"https:\/\/api.visittrogir.hr\/hr\/#organization"},"potentialAction":[{"@type":"SearchAction","target":{"@type":"EntryPoint","urlTemplate":"https:\/\/api.visittrogir.hr\/hr\/?s={search_term_string}"},"query-input":"required name=search_term_string"}],"inLanguage":"hr"},{"@type":"Organization","@id":"https:\/\/api.visittrogir.hr\/hr\/#organization","name":"Turisti\u010dka zajednica grada Trogira","url":"https:\/\/api.visittrogir.hr\/hr\/","logo":{"@type":"ImageObject","inLanguage":"hr","@id":"https:\/\/api.visittrogir.hr\/hr\/#\/schema\/logo\/image\/","url":"https:\/\/api.visittrogir.hr\/wp-content\/uploads\/2023\/03\/tzgt.jpg","contentUrl":"https:\/\/api.visittrogir.hr\/wp-content\/uploads\/2023\/03\/tzgt.jpg","width":627,"height":636,"caption":"Turisti\u010dka zajednica grada Trogira"},"image":{"@id":"https:\/\/api.visittrogir.hr\/hr\/#\/schema\/logo\/image\/"},"sameAs":["https:\/\/www.facebook.com\/visit.trogir","https:\/\/twitter.com\/visit_trogir"]}]}},"_links":{"self":[{"href":"https:\/\/api.visittrogir.hr\/hr\/wp-json\/wp\/v2\/pages\/762","targetHints":{"allow":["GET"]}}],"collection":[{"href":"https:\/\/api.visittrogir.hr\/hr\/wp-json\/wp\/v2\/pages"}],"about":[{"href":"https:\/\/api.visittrogir.hr\/hr\/wp-json\/wp\/v2\/types\/page"}],"author":[{"embeddable":true,"href":"https:\/\/api.visittrogir.hr\/hr\/wp-json\/wp\/v2\/users\/1"}],"replies":[{"embeddable":true,"href":"https:\/\/api.visittrogir.hr\/hr\/wp-json\/wp\/v2\/comments?post=762"}],"version-history":[{"count":14,"href":"https:\/\/api.visittrogir.hr\/hr\/wp-json\/wp\/v2\/pages\/762\/revisions"}],"predecessor-version":[{"id":2195,"href":"https:\/\/api.visittrogir.hr\/hr\/wp-json\/wp\/v2\/pages\/762\/revisions\/2195"}],"wp:attachment":[{"href":"https:\/\/api.visittrogir.hr\/hr\/wp-json\/wp\/v2\/media?parent=762"}],"curies":[{"name":"wp","href":"https:\/\/api.w.org\/{rel}","templated":true}]}}