{"id":814,"date":"2023-02-06T09:33:19","date_gmt":"2023-02-06T09:33:19","guid":{"rendered":"https:\/\/api.visittrogir.hr\/?page_id=814"},"modified":"2025-10-14T12:25:09","modified_gmt":"2025-10-14T12:25:09","slug":"reports","status":"publish","type":"page","link":"https:\/\/api.visittrogir.hr\/hr\/documents-and-info\/reports\/","title":{"rendered":"Odluke"},"content":{"rendered":"","protected":false},"excerpt":{"rendered":"","protected":false},"author":1,"featured_media":0,"parent":649,"menu_order":0,"comment_status":"closed","ping_status":"closed","template":"\/var\/www\/api.visittrogir.hr\/source\/wordpress\/wp-content\/plugins\/tz-trogir-endpoint-customization\/inc\/inc\/templates\/documents-page-template.php","meta":{"footnotes":""},"class_list":["post-814","page","type-page","status-publish","hentry"],"acf":{"title":"Odluke","files":[{"image":{"ID":13859,"id":13859,"title":"2275400-200","filename":"2275400-200.png","filesize":5199,"url":"https:\/\/api.visittrogir.hr\/wp-content\/uploads\/2025\/10\/2275400-200.png","link":"https:\/\/api.visittrogir.hr\/hr\/documents-and-info\/reports\/2275400-200\/","alt":"","author":"1","description":"","caption":"","name":"2275400-200","status":"inherit","uploaded_to":814,"date":"2025-10-14 12:22:09","modified":"2025-10-14 12:22:09","menu_order":0,"mime_type":"image\/png","type":"image","subtype":"png","icon":"https:\/\/api.visittrogir.hr\/wp-includes\/images\/media\/default.png","width":200,"height":200,"sizes":{"thumbnail":"https:\/\/api.visittrogir.hr\/wp-content\/uploads\/2025\/10\/2275400-200-150x150.png","thumbnail-width":150,"thumbnail-height":150,"medium":"https:\/\/api.visittrogir.hr\/wp-content\/uploads\/2025\/10\/2275400-200.png","medium-width":200,"medium-height":200,"medium_large":"https:\/\/api.visittrogir.hr\/wp-content\/uploads\/2025\/10\/2275400-200.png","medium_large-width":200,"medium_large-height":200,"large":"https:\/\/api.visittrogir.hr\/wp-content\/uploads\/2025\/10\/2275400-200.png","large-width":200,"large-height":200,"1536x1536":"https:\/\/api.visittrogir.hr\/wp-content\/uploads\/2025\/10\/2275400-200.png","1536x1536-width":200,"1536x1536-height":200,"2048x2048":"https:\/\/api.visittrogir.hr\/wp-content\/uploads\/2025\/10\/2275400-200.png","2048x2048-width":200,"2048x2048-height":200}},"title":"Turisti\u010dka pristojba za 2026. godinu ","description":"Odluka o visini turisti\u010dke pristojbe za 2026. godinu na podru\u010dju Splitsko-dalmatinske \u017eupanije ","file_type":"upload","file":"https:\/\/api.visittrogir.hr\/wp-content\/uploads\/2025\/10\/Odluka-o-visini-turisticke-pristojbe-za-2026.-godinu-za-opcine-i-gradove-na-podrucju-Splitsko-dalmatinske-zupanije.pdf","link":""},{"image":{"ID":10186,"id":10186,"title":"cost-icon-png-1","filename":"cost-icon-png-1.webp","filesize":3134,"url":"https:\/\/api.visittrogir.hr\/wp-content\/uploads\/2024\/07\/cost-icon-png-1.webp","link":"https:\/\/api.visittrogir.hr\/hr\/documents-and-info\/reports\/cost-icon-png-1-2\/","alt":"","author":"1","description":"","caption":"","name":"cost-icon-png-1-2","status":"inherit","uploaded_to":814,"date":"2024-07-10 10:15:08","modified":"2024-07-10 10:15:08","menu_order":0,"mime_type":"image\/webp","type":"image","subtype":"webp","icon":"https:\/\/api.visittrogir.hr\/wp-includes\/images\/media\/default.png","width":86,"height":86,"sizes":{"thumbnail":"https:\/\/api.visittrogir.hr\/wp-content\/uploads\/2024\/07\/cost-icon-png-1.webp","thumbnail-width":86,"thumbnail-height":86,"medium":"https:\/\/api.visittrogir.hr\/wp-content\/uploads\/2024\/07\/cost-icon-png-1.webp","medium-width":86,"medium-height":86,"medium_large":"https:\/\/api.visittrogir.hr\/wp-content\/uploads\/2024\/07\/cost-icon-png-1.webp","medium_large-width":86,"medium_large-height":86,"large":"https:\/\/api.visittrogir.hr\/wp-content\/uploads\/2024\/07\/cost-icon-png-1.webp","large-width":86,"large-height":86,"1536x1536":"https:\/\/api.visittrogir.hr\/wp-content\/uploads\/2024\/07\/cost-icon-png-1.webp","1536x1536-width":86,"1536x1536-height":86,"2048x2048":"https:\/\/api.visittrogir.hr\/wp-content\/uploads\/2024\/07\/cost-icon-png-1.webp","2048x2048-width":86,"2048x2048-height":86}},"title":"Turisti\u010dka pristojba za 2025. godinu","description":"Odluka o visini turisti\u010dke pristojbe za 2025. godinu","file_type":"upload","file":"https:\/\/api.visittrogir.hr\/wp-content\/uploads\/2024\/07\/61c8li3rkwbryys.pdf","link":""},{"image":{"ID":2042,"id":2042,"title":"cost-icon-png-1","filename":"cost-icon-png-1.webp","filesize":3134,"url":"https:\/\/api.visittrogir.hr\/wp-content\/uploads\/2023\/05\/cost-icon-png-1.webp","link":"https:\/\/api.visittrogir.hr\/hr\/documents-and-info\/forms\/cost-icon-png-1\/","alt":"","author":"1","description":"","caption":"","name":"cost-icon-png-1","status":"inherit","uploaded_to":651,"date":"2023-05-03 11:43:20","modified":"2023-05-03 11:43:20","menu_order":0,"mime_type":"image\/webp","type":"image","subtype":"webp","icon":"https:\/\/api.visittrogir.hr\/wp-includes\/images\/media\/default.png","width":86,"height":86,"sizes":{"thumbnail":"https:\/\/api.visittrogir.hr\/wp-content\/uploads\/2023\/05\/cost-icon-png-1.webp","thumbnail-width":86,"thumbnail-height":86,"medium":"https:\/\/api.visittrogir.hr\/wp-content\/uploads\/2023\/05\/cost-icon-png-1.webp","medium-width":86,"medium-height":86,"medium_large":"https:\/\/api.visittrogir.hr\/wp-content\/uploads\/2023\/05\/cost-icon-png-1.webp","medium_large-width":86,"medium_large-height":86,"large":"https:\/\/api.visittrogir.hr\/wp-content\/uploads\/2023\/05\/cost-icon-png-1.webp","large-width":86,"large-height":86,"1536x1536":"https:\/\/api.visittrogir.hr\/wp-content\/uploads\/2023\/05\/cost-icon-png-1.webp","1536x1536-width":86,"1536x1536-height":86,"2048x2048":"https:\/\/api.visittrogir.hr\/wp-content\/uploads\/2023\/05\/cost-icon-png-1.webp","2048x2048-width":86,"2048x2048-height":86}},"title":"Turisti\u010dka pristojba za 2024. godinu","description":"Odluka o visini turisti\u010dke pristojbe za 2024. godinu","file_type":"upload","file":"https:\/\/api.visittrogir.hr\/wp-content\/uploads\/2023\/11\/Odluka-o-visini-turisticke-pristojbe-za-2024.-godinu-za-opcine-i-gradove-na-podrucju-Splitsko-dalmatinske-zupanije.pdf","link":""},{"image":{"ID":2042,"id":2042,"title":"cost-icon-png-1","filename":"cost-icon-png-1.webp","filesize":3134,"url":"https:\/\/api.visittrogir.hr\/wp-content\/uploads\/2023\/05\/cost-icon-png-1.webp","link":"https:\/\/api.visittrogir.hr\/hr\/documents-and-info\/forms\/cost-icon-png-1\/","alt":"","author":"1","description":"","caption":"","name":"cost-icon-png-1","status":"inherit","uploaded_to":651,"date":"2023-05-03 11:43:20","modified":"2023-05-03 11:43:20","menu_order":0,"mime_type":"image\/webp","type":"image","subtype":"webp","icon":"https:\/\/api.visittrogir.hr\/wp-includes\/images\/media\/default.png","width":86,"height":86,"sizes":{"thumbnail":"https:\/\/api.visittrogir.hr\/wp-content\/uploads\/2023\/05\/cost-icon-png-1.webp","thumbnail-width":86,"thumbnail-height":86,"medium":"https:\/\/api.visittrogir.hr\/wp-content\/uploads\/2023\/05\/cost-icon-png-1.webp","medium-width":86,"medium-height":86,"medium_large":"https:\/\/api.visittrogir.hr\/wp-content\/uploads\/2023\/05\/cost-icon-png-1.webp","medium_large-width":86,"medium_large-height":86,"large":"https:\/\/api.visittrogir.hr\/wp-content\/uploads\/2023\/05\/cost-icon-png-1.webp","large-width":86,"large-height":86,"1536x1536":"https:\/\/api.visittrogir.hr\/wp-content\/uploads\/2023\/05\/cost-icon-png-1.webp","1536x1536-width":86,"1536x1536-height":86,"2048x2048":"https:\/\/api.visittrogir.hr\/wp-content\/uploads\/2023\/05\/cost-icon-png-1.webp","2048x2048-width":86,"2048x2048-height":86}},"title":"Turisti\u010dka \u010dlanarina za 2023. godinu","description":"Visina turisti\u010dke \u010dlanarine za 2023. godinu","file_type":"upload","file":"https:\/\/api.visittrogir.hr\/wp-content\/uploads\/2023\/05\/Clanarina-2023.-godine.pdf","link":""},{"image":{"ID":2044,"id":2044,"title":"359-3592857_contact-form-comments-fill-i","filename":"359-3592857_contact-form-comments-fill-i.webp","filesize":1690,"url":"https:\/\/api.visittrogir.hr\/wp-content\/uploads\/2023\/05\/359-3592857_contact-form-comments-fill-i.webp","link":"https:\/\/api.visittrogir.hr\/hr\/documents-and-info\/forms\/359-3592857_contact-form-comments-fill-i\/","alt":"","author":"1","description":"","caption":"","name":"359-3592857_contact-form-comments-fill-i","status":"inherit","uploaded_to":651,"date":"2023-05-03 11:43:21","modified":"2023-05-03 11:43:21","menu_order":0,"mime_type":"image\/webp","type":"image","subtype":"webp","icon":"https:\/\/api.visittrogir.hr\/wp-includes\/images\/media\/default.png","width":86,"height":86,"sizes":{"thumbnail":"https:\/\/api.visittrogir.hr\/wp-content\/uploads\/2023\/05\/359-3592857_contact-form-comments-fill-i.webp","thumbnail-width":86,"thumbnail-height":86,"medium":"https:\/\/api.visittrogir.hr\/wp-content\/uploads\/2023\/05\/359-3592857_contact-form-comments-fill-i.webp","medium-width":86,"medium-height":86,"medium_large":"https:\/\/api.visittrogir.hr\/wp-content\/uploads\/2023\/05\/359-3592857_contact-form-comments-fill-i.webp","medium_large-width":86,"medium_large-height":86,"large":"https:\/\/api.visittrogir.hr\/wp-content\/uploads\/2023\/05\/359-3592857_contact-form-comments-fill-i.webp","large-width":86,"large-height":86,"1536x1536":"https:\/\/api.visittrogir.hr\/wp-content\/uploads\/2023\/05\/359-3592857_contact-form-comments-fill-i.webp","1536x1536-width":86,"1536x1536-height":86,"2048x2048":"https:\/\/api.visittrogir.hr\/wp-content\/uploads\/2023\/05\/359-3592857_contact-form-comments-fill-i.webp","2048x2048-width":86,"2048x2048-height":86}},"title":"Odluka o privremenoj zabrani radova 2024. Trogir","description":"Kalendarsko razdoblje i vrijeme trajanja zabrane","file_type":"upload","file":"https:\/\/api.visittrogir.hr\/wp-content\/uploads\/2024\/06\/Sluzbeni-glasnik-34_23.pdf","link":""},{"image":{"ID":2044,"id":2044,"title":"359-3592857_contact-form-comments-fill-i","filename":"359-3592857_contact-form-comments-fill-i.webp","filesize":1690,"url":"https:\/\/api.visittrogir.hr\/wp-content\/uploads\/2023\/05\/359-3592857_contact-form-comments-fill-i.webp","link":"https:\/\/api.visittrogir.hr\/hr\/documents-and-info\/forms\/359-3592857_contact-form-comments-fill-i\/","alt":"","author":"1","description":"","caption":"","name":"359-3592857_contact-form-comments-fill-i","status":"inherit","uploaded_to":651,"date":"2023-05-03 11:43:21","modified":"2023-05-03 11:43:21","menu_order":0,"mime_type":"image\/webp","type":"image","subtype":"webp","icon":"https:\/\/api.visittrogir.hr\/wp-includes\/images\/media\/default.png","width":86,"height":86,"sizes":{"thumbnail":"https:\/\/api.visittrogir.hr\/wp-content\/uploads\/2023\/05\/359-3592857_contact-form-comments-fill-i.webp","thumbnail-width":86,"thumbnail-height":86,"medium":"https:\/\/api.visittrogir.hr\/wp-content\/uploads\/2023\/05\/359-3592857_contact-form-comments-fill-i.webp","medium-width":86,"medium-height":86,"medium_large":"https:\/\/api.visittrogir.hr\/wp-content\/uploads\/2023\/05\/359-3592857_contact-form-comments-fill-i.webp","medium_large-width":86,"medium_large-height":86,"large":"https:\/\/api.visittrogir.hr\/wp-content\/uploads\/2023\/05\/359-3592857_contact-form-comments-fill-i.webp","large-width":86,"large-height":86,"1536x1536":"https:\/\/api.visittrogir.hr\/wp-content\/uploads\/2023\/05\/359-3592857_contact-form-comments-fill-i.webp","1536x1536-width":86,"1536x1536-height":86,"2048x2048":"https:\/\/api.visittrogir.hr\/wp-content\/uploads\/2023\/05\/359-3592857_contact-form-comments-fill-i.webp","2048x2048-width":86,"2048x2048-height":86}},"title":"Odluka o zabrani radova na prostoru grada Trogira za 2023. godinu","description":"Kalendarsko razdoblje i vrijeme trajanja zabrane","file_type":"upload","file":"https:\/\/api.visittrogir.hr\/wp-content\/uploads\/2023\/07\/Odluka-o-zabrani-radova-TG-ZA-2023-Sl-glasnik-24_230615_123650-1.pdf","link":""}]},"translations":{"en":"reports","hr":"reports"},"yoast_head":"<!-- This site is optimized with the Yoast SEO plugin v20.5 - https:\/\/yoast.com\/wordpress\/plugins\/seo\/ -->\n<title>Odluke - Turisti\u010dka zajednica grada Trogira<\/title>\n<meta name=\"robots\" content=\"noindex, follow, max-snippet:-1, max-image-preview:large, max-video-preview:-1\" \/>\n<meta property=\"og:locale\" content=\"hr_HR\" \/>\n<meta property=\"og:type\" content=\"article\" \/>\n<meta property=\"og:title\" content=\"Odluke - Turisti\u010dka zajednica grada Trogira\" \/>\n<meta property=\"og:url\" content=\"https:\/\/api.visittrogir.hr\/hr\/documents-and-info\/reports\/\" \/>\n<meta property=\"og:site_name\" content=\"Turisti\u010dka zajednica grada Trogira\" \/>\n<meta property=\"article:publisher\" content=\"https:\/\/www.facebook.com\/visit.trogir\" \/>\n<meta property=\"article:modified_time\" content=\"2025-10-14T12:25:09+00:00\" \/>\n<meta name=\"twitter:card\" content=\"summary_large_image\" \/>\n<meta name=\"twitter:site\" content=\"@visit_trogir\" \/>\n<script type=\"application\/ld+json\" class=\"yoast-schema-graph\">{\"@context\":\"https:\/\/schema.org\",\"@graph\":[{\"@type\":\"WebPage\",\"@id\":\"https:\/\/api.visittrogir.hr\/hr\/documents-and-info\/reports\/\",\"url\":\"https:\/\/api.visittrogir.hr\/hr\/documents-and-info\/reports\/\",\"name\":\"Odluke - Turisti\u010dka zajednica grada Trogira\",\"isPartOf\":{\"@id\":\"https:\/\/api.visittrogir.hr\/hr\/#website\"},\"datePublished\":\"2023-02-06T09:33:19+00:00\",\"dateModified\":\"2025-10-14T12:25:09+00:00\",\"breadcrumb\":{\"@id\":\"https:\/\/api.visittrogir.hr\/hr\/documents-and-info\/reports\/#breadcrumb\"},\"inLanguage\":\"hr\",\"potentialAction\":[{\"@type\":\"ReadAction\",\"target\":[\"https:\/\/api.visittrogir.hr\/hr\/documents-and-info\/reports\/\"]}]},{\"@type\":\"BreadcrumbList\",\"@id\":\"https:\/\/api.visittrogir.hr\/hr\/documents-and-info\/reports\/#breadcrumb\",\"itemListElement\":[{\"@type\":\"ListItem\",\"position\":1,\"name\":\"Home\",\"item\":\"https:\/\/api.visittrogir.hr\/hr\/\"},{\"@type\":\"ListItem\",\"position\":2,\"name\":\"Dokumenti i informacije\",\"item\":\"https:\/\/api.visittrogir.hr\/hr\/documents-and-info\/\"},{\"@type\":\"ListItem\",\"position\":3,\"name\":\"Odluke\"}]},{\"@type\":\"WebSite\",\"@id\":\"https:\/\/api.visittrogir.hr\/hr\/#website\",\"url\":\"https:\/\/api.visittrogir.hr\/hr\/\",\"name\":\"Turisti\u010dka zajednica grada Trogira\",\"description\":\"\",\"publisher\":{\"@id\":\"https:\/\/api.visittrogir.hr\/hr\/#organization\"},\"potentialAction\":[{\"@type\":\"SearchAction\",\"target\":{\"@type\":\"EntryPoint\",\"urlTemplate\":\"https:\/\/api.visittrogir.hr\/hr\/?s={search_term_string}\"},\"query-input\":\"required name=search_term_string\"}],\"inLanguage\":\"hr\"},{\"@type\":\"Organization\",\"@id\":\"https:\/\/api.visittrogir.hr\/hr\/#organization\",\"name\":\"Turisti\u010dka zajednica grada Trogira\",\"url\":\"https:\/\/api.visittrogir.hr\/hr\/\",\"logo\":{\"@type\":\"ImageObject\",\"inLanguage\":\"hr\",\"@id\":\"https:\/\/api.visittrogir.hr\/hr\/#\/schema\/logo\/image\/\",\"url\":\"https:\/\/api.visittrogir.hr\/wp-content\/uploads\/2023\/03\/tzgt.jpg\",\"contentUrl\":\"https:\/\/api.visittrogir.hr\/wp-content\/uploads\/2023\/03\/tzgt.jpg\",\"width\":627,\"height\":636,\"caption\":\"Turisti\u010dka zajednica grada Trogira\"},\"image\":{\"@id\":\"https:\/\/api.visittrogir.hr\/hr\/#\/schema\/logo\/image\/\"},\"sameAs\":[\"https:\/\/www.facebook.com\/visit.trogir\",\"https:\/\/twitter.com\/visit_trogir\"]}]}<\/script>\n<!-- \/ Yoast SEO plugin. -->","yoast_head_json":{"title":"Odluke - Turisti\u010dka zajednica grada Trogira","robots":{"index":"noindex","follow":"follow","max-snippet":"max-snippet:-1","max-image-preview":"max-image-preview:large","max-video-preview":"max-video-preview:-1"},"og_locale":"hr_HR","og_type":"article","og_title":"Odluke - Turisti\u010dka zajednica grada Trogira","og_url":"https:\/\/api.visittrogir.hr\/hr\/documents-and-info\/reports\/","og_site_name":"Turisti\u010dka zajednica grada Trogira","article_publisher":"https:\/\/www.facebook.com\/visit.trogir","article_modified_time":"2025-10-14T12:25:09+00:00","twitter_card":"summary_large_image","twitter_site":"@visit_trogir","schema":{"@context":"https:\/\/schema.org","@graph":[{"@type":"WebPage","@id":"https:\/\/api.visittrogir.hr\/hr\/documents-and-info\/reports\/","url":"https:\/\/api.visittrogir.hr\/hr\/documents-and-info\/reports\/","name":"Odluke - Turisti\u010dka zajednica grada Trogira","isPartOf":{"@id":"https:\/\/api.visittrogir.hr\/hr\/#website"},"datePublished":"2023-02-06T09:33:19+00:00","dateModified":"2025-10-14T12:25:09+00:00","breadcrumb":{"@id":"https:\/\/api.visittrogir.hr\/hr\/documents-and-info\/reports\/#breadcrumb"},"inLanguage":"hr","potentialAction":[{"@type":"ReadAction","target":["https:\/\/api.visittrogir.hr\/hr\/documents-and-info\/reports\/"]}]},{"@type":"BreadcrumbList","@id":"https:\/\/api.visittrogir.hr\/hr\/documents-and-info\/reports\/#breadcrumb","itemListElement":[{"@type":"ListItem","position":1,"name":"Home","item":"https:\/\/api.visittrogir.hr\/hr\/"},{"@type":"ListItem","position":2,"name":"Dokumenti i informacije","item":"https:\/\/api.visittrogir.hr\/hr\/documents-and-info\/"},{"@type":"ListItem","position":3,"name":"Odluke"}]},{"@type":"WebSite","@id":"https:\/\/api.visittrogir.hr\/hr\/#website","url":"https:\/\/api.visittrogir.hr\/hr\/","name":"Turisti\u010dka zajednica grada Trogira","description":"","publisher":{"@id":"https:\/\/api.visittrogir.hr\/hr\/#organization"},"potentialAction":[{"@type":"SearchAction","target":{"@type":"EntryPoint","urlTemplate":"https:\/\/api.visittrogir.hr\/hr\/?s={search_term_string}"},"query-input":"required name=search_term_string"}],"inLanguage":"hr"},{"@type":"Organization","@id":"https:\/\/api.visittrogir.hr\/hr\/#organization","name":"Turisti\u010dka zajednica grada Trogira","url":"https:\/\/api.visittrogir.hr\/hr\/","logo":{"@type":"ImageObject","inLanguage":"hr","@id":"https:\/\/api.visittrogir.hr\/hr\/#\/schema\/logo\/image\/","url":"https:\/\/api.visittrogir.hr\/wp-content\/uploads\/2023\/03\/tzgt.jpg","contentUrl":"https:\/\/api.visittrogir.hr\/wp-content\/uploads\/2023\/03\/tzgt.jpg","width":627,"height":636,"caption":"Turisti\u010dka zajednica grada Trogira"},"image":{"@id":"https:\/\/api.visittrogir.hr\/hr\/#\/schema\/logo\/image\/"},"sameAs":["https:\/\/www.facebook.com\/visit.trogir","https:\/\/twitter.com\/visit_trogir"]}]}},"_links":{"self":[{"href":"https:\/\/api.visittrogir.hr\/hr\/wp-json\/wp\/v2\/pages\/814","targetHints":{"allow":["GET"]}}],"collection":[{"href":"https:\/\/api.visittrogir.hr\/hr\/wp-json\/wp\/v2\/pages"}],"about":[{"href":"https:\/\/api.visittrogir.hr\/hr\/wp-json\/wp\/v2\/types\/page"}],"author":[{"embeddable":true,"href":"https:\/\/api.visittrogir.hr\/hr\/wp-json\/wp\/v2\/users\/1"}],"replies":[{"embeddable":true,"href":"https:\/\/api.visittrogir.hr\/hr\/wp-json\/wp\/v2\/comments?post=814"}],"version-history":[{"count":16,"href":"https:\/\/api.visittrogir.hr\/hr\/wp-json\/wp\/v2\/pages\/814\/revisions"}],"predecessor-version":[{"id":13864,"href":"https:\/\/api.visittrogir.hr\/hr\/wp-json\/wp\/v2\/pages\/814\/revisions\/13864"}],"up":[{"embeddable":true,"href":"https:\/\/api.visittrogir.hr\/hr\/wp-json\/wp\/v2\/pages\/649"}],"wp:attachment":[{"href":"https:\/\/api.visittrogir.hr\/hr\/wp-json\/wp\/v2\/media?parent=814"}],"curies":[{"name":"wp","href":"https:\/\/api.w.org\/{rel}","templated":true}]}}