{"id":818,"date":"2023-02-06T09:33:39","date_gmt":"2023-02-06T09:33:39","guid":{"rendered":"https:\/\/api.visittrogir.hr\/?page_id=818"},"modified":"2025-05-15T08:55:22","modified_gmt":"2025-05-15T08:55:22","slug":"other-documents","status":"publish","type":"page","link":"https:\/\/api.visittrogir.hr\/hr\/documents-and-info\/other-documents\/","title":{"rendered":"Ostali dokumenti"},"content":{"rendered":"","protected":false},"excerpt":{"rendered":"","protected":false},"author":1,"featured_media":0,"parent":649,"menu_order":0,"comment_status":"closed","ping_status":"closed","template":"\/var\/www\/api.visittrogir.hr\/source\/wordpress\/wp-content\/plugins\/tz-trogir-endpoint-customization\/inc\/inc\/templates\/documents-page-template.php","meta":{"footnotes":""},"class_list":["post-818","page","type-page","status-publish","hentry"],"acf":{"title":"Ostali dokumenti","files":[{"image":{"ID":2092,"id":2092,"title":"5","filename":"5.png","filesize":24485,"url":"https:\/\/api.visittrogir.hr\/wp-content\/uploads\/2023\/05\/5.png","link":"https:\/\/api.visittrogir.hr\/hr\/public_calls\/natjecaj-za-izbor-direktora-15-02-2022\/attachment\/5\/","alt":"","author":"1","description":"","caption":"","name":"5","status":"inherit","uploaded_to":2085,"date":"2023-05-03 12:39:04","modified":"2023-05-03 12:39:04","menu_order":0,"mime_type":"image\/png","type":"image","subtype":"png","icon":"https:\/\/api.visittrogir.hr\/wp-includes\/images\/media\/default.png","width":1000,"height":1000,"sizes":{"thumbnail":"https:\/\/api.visittrogir.hr\/wp-content\/uploads\/2023\/05\/5-150x150.png","thumbnail-width":150,"thumbnail-height":150,"medium":"https:\/\/api.visittrogir.hr\/wp-content\/uploads\/2023\/05\/5-300x300.png","medium-width":300,"medium-height":300,"medium_large":"https:\/\/api.visittrogir.hr\/wp-content\/uploads\/2023\/05\/5-768x768.png","medium_large-width":768,"medium_large-height":768,"large":"https:\/\/api.visittrogir.hr\/wp-content\/uploads\/2023\/05\/5.png","large-width":1000,"large-height":1000,"1536x1536":"https:\/\/api.visittrogir.hr\/wp-content\/uploads\/2023\/05\/5.png","1536x1536-width":1000,"1536x1536-height":1000,"2048x2048":"https:\/\/api.visittrogir.hr\/wp-content\/uploads\/2023\/05\/5.png","2048x2048-width":1000,"2048x2048-height":1000}},"title":"Revizija 2021. godine ","description":"Zaklju\u010dak i mi\u0161ljenje o provedenom nadzoru nad poslovanjem Turisti\u010dke zajednice grada Trogira za 2021. godinu","file_type":"upload","file":"https:\/\/api.visittrogir.hr\/wp-content\/uploads\/2023\/05\/Zakljucak-i-misljenje-o-provedenom-nadzoru-poslovanja-TZG-Trogira.pdf","link":""},{"image":{"ID":2092,"id":2092,"title":"5","filename":"5.png","filesize":24485,"url":"https:\/\/api.visittrogir.hr\/wp-content\/uploads\/2023\/05\/5.png","link":"https:\/\/api.visittrogir.hr\/hr\/public_calls\/natjecaj-za-izbor-direktora-15-02-2022\/attachment\/5\/","alt":"","author":"1","description":"","caption":"","name":"5","status":"inherit","uploaded_to":2085,"date":"2023-05-03 12:39:04","modified":"2023-05-03 12:39:04","menu_order":0,"mime_type":"image\/png","type":"image","subtype":"png","icon":"https:\/\/api.visittrogir.hr\/wp-includes\/images\/media\/default.png","width":1000,"height":1000,"sizes":{"thumbnail":"https:\/\/api.visittrogir.hr\/wp-content\/uploads\/2023\/05\/5-150x150.png","thumbnail-width":150,"thumbnail-height":150,"medium":"https:\/\/api.visittrogir.hr\/wp-content\/uploads\/2023\/05\/5-300x300.png","medium-width":300,"medium-height":300,"medium_large":"https:\/\/api.visittrogir.hr\/wp-content\/uploads\/2023\/05\/5-768x768.png","medium_large-width":768,"medium_large-height":768,"large":"https:\/\/api.visittrogir.hr\/wp-content\/uploads\/2023\/05\/5.png","large-width":1000,"large-height":1000,"1536x1536":"https:\/\/api.visittrogir.hr\/wp-content\/uploads\/2023\/05\/5.png","1536x1536-width":1000,"1536x1536-height":1000,"2048x2048":"https:\/\/api.visittrogir.hr\/wp-content\/uploads\/2023\/05\/5.png","2048x2048-width":1000,"2048x2048-height":1000}},"title":"Revizija 2022. godine","description":"Zaklju\u010dak i mi\u0161ljenje o provedenom nadzoru nad poslovanjem Turisti\u010dke zajednice grada Trogira za 2022. godinu","file_type":"upload","file":"https:\/\/api.visittrogir.hr\/wp-content\/uploads\/2024\/04\/revizija-2022.pdf","link":""},{"image":{"ID":8776,"id":8776,"title":"5","filename":"5.png","filesize":24485,"url":"https:\/\/api.visittrogir.hr\/wp-content\/uploads\/2024\/02\/5.png","link":"https:\/\/api.visittrogir.hr\/hr\/public_calls\/javni-poziv-za-kandidiranje-manifestacija-za-dodjelu-potpora-iz-programa-potpore-turistickim-manifestacijama-u-2024-godini\/5-7\/","alt":"","author":"1","description":"","caption":"","name":"5-7","status":"inherit","uploaded_to":8769,"date":"2024-02-01 07:44:39","modified":"2024-02-01 07:44:39","menu_order":0,"mime_type":"image\/png","type":"image","subtype":"png","icon":"https:\/\/api.visittrogir.hr\/wp-includes\/images\/media\/default.png","width":1000,"height":1000,"sizes":{"thumbnail":"https:\/\/api.visittrogir.hr\/wp-content\/uploads\/2024\/02\/5-150x150.png","thumbnail-width":150,"thumbnail-height":150,"medium":"https:\/\/api.visittrogir.hr\/wp-content\/uploads\/2024\/02\/5-300x300.png","medium-width":300,"medium-height":300,"medium_large":"https:\/\/api.visittrogir.hr\/wp-content\/uploads\/2024\/02\/5-768x768.png","medium_large-width":768,"medium_large-height":768,"large":"https:\/\/api.visittrogir.hr\/wp-content\/uploads\/2024\/02\/5.png","large-width":1000,"large-height":1000,"1536x1536":"https:\/\/api.visittrogir.hr\/wp-content\/uploads\/2024\/02\/5.png","1536x1536-width":1000,"1536x1536-height":1000,"2048x2048":"https:\/\/api.visittrogir.hr\/wp-content\/uploads\/2024\/02\/5.png","2048x2048-width":1000,"2048x2048-height":1000}},"title":"Revizija 2023. godine","description":"Zaklju\u010dak i mi\u0161ljenje o provedenom nadzoru nad poslovanjem Turisti\u010dke zajednice grada Trogira za 2023. godinu","file_type":"upload","file":"https:\/\/api.visittrogir.hr\/wp-content\/uploads\/2024\/05\/Revizija-za-2023.-godinu.pdf","link":""},{"image":{"ID":12588,"id":12588,"title":"5","filename":"5.png","filesize":24485,"url":"https:\/\/api.visittrogir.hr\/wp-content\/uploads\/2025\/03\/5.png","link":"https:\/\/api.visittrogir.hr\/hr\/public_calls\/javni-natjecaj-za-davanje-u-zakup-javne-povrsine-u-sklopu-manifestacije-fjaka-pjat-street-food-festival\/5-10\/","alt":"","author":"1","description":"","caption":"","name":"5-10","status":"inherit","uploaded_to":12587,"date":"2025-03-19 11:14:49","modified":"2025-03-19 11:14:49","menu_order":0,"mime_type":"image\/png","type":"image","subtype":"png","icon":"https:\/\/api.visittrogir.hr\/wp-includes\/images\/media\/default.png","width":1000,"height":1000,"sizes":{"thumbnail":"https:\/\/api.visittrogir.hr\/wp-content\/uploads\/2025\/03\/5-150x150.png","thumbnail-width":150,"thumbnail-height":150,"medium":"https:\/\/api.visittrogir.hr\/wp-content\/uploads\/2025\/03\/5-300x300.png","medium-width":300,"medium-height":300,"medium_large":"https:\/\/api.visittrogir.hr\/wp-content\/uploads\/2025\/03\/5-768x768.png","medium_large-width":768,"medium_large-height":768,"large":"https:\/\/api.visittrogir.hr\/wp-content\/uploads\/2025\/03\/5.png","large-width":1000,"large-height":1000,"1536x1536":"https:\/\/api.visittrogir.hr\/wp-content\/uploads\/2025\/03\/5.png","1536x1536-width":1000,"1536x1536-height":1000,"2048x2048":"https:\/\/api.visittrogir.hr\/wp-content\/uploads\/2025\/03\/5.png","2048x2048-width":1000,"2048x2048-height":1000}},"title":"Revizija 2024. godine","description":"Zaklju\u010dak i mi\u0161ljenje o provedenom nadzoru nad poslovanjem Turisti\u010dke zajednice grada Trogira za 2024. godinu","file_type":"upload","file":"https:\/\/api.visittrogir.hr\/wp-content\/uploads\/2025\/05\/Izvjestaj-2024.pdf","link":""}]},"translations":{"en":"other-documents","hr":"other-documents"},"yoast_head":"<!-- This site is optimized with the Yoast SEO plugin v20.5 - https:\/\/yoast.com\/wordpress\/plugins\/seo\/ -->\n<title>Ostali dokumenti - Turisti\u010dka zajednica grada Trogira<\/title>\n<meta name=\"robots\" content=\"noindex, follow, max-snippet:-1, max-image-preview:large, max-video-preview:-1\" \/>\n<meta property=\"og:locale\" content=\"hr_HR\" \/>\n<meta property=\"og:type\" content=\"article\" \/>\n<meta property=\"og:title\" content=\"Ostali dokumenti - Turisti\u010dka zajednica grada Trogira\" \/>\n<meta property=\"og:url\" content=\"https:\/\/api.visittrogir.hr\/hr\/documents-and-info\/other-documents\/\" \/>\n<meta property=\"og:site_name\" content=\"Turisti\u010dka zajednica grada Trogira\" \/>\n<meta property=\"article:publisher\" content=\"https:\/\/www.facebook.com\/visit.trogir\" \/>\n<meta property=\"article:modified_time\" content=\"2025-05-15T08:55:22+00:00\" \/>\n<meta name=\"twitter:card\" content=\"summary_large_image\" \/>\n<meta name=\"twitter:site\" content=\"@visit_trogir\" \/>\n<script type=\"application\/ld+json\" class=\"yoast-schema-graph\">{\"@context\":\"https:\/\/schema.org\",\"@graph\":[{\"@type\":\"WebPage\",\"@id\":\"https:\/\/api.visittrogir.hr\/hr\/documents-and-info\/other-documents\/\",\"url\":\"https:\/\/api.visittrogir.hr\/hr\/documents-and-info\/other-documents\/\",\"name\":\"Ostali dokumenti - Turisti\u010dka zajednica grada Trogira\",\"isPartOf\":{\"@id\":\"https:\/\/api.visittrogir.hr\/hr\/#website\"},\"datePublished\":\"2023-02-06T09:33:39+00:00\",\"dateModified\":\"2025-05-15T08:55:22+00:00\",\"breadcrumb\":{\"@id\":\"https:\/\/api.visittrogir.hr\/hr\/documents-and-info\/other-documents\/#breadcrumb\"},\"inLanguage\":\"hr\",\"potentialAction\":[{\"@type\":\"ReadAction\",\"target\":[\"https:\/\/api.visittrogir.hr\/hr\/documents-and-info\/other-documents\/\"]}]},{\"@type\":\"BreadcrumbList\",\"@id\":\"https:\/\/api.visittrogir.hr\/hr\/documents-and-info\/other-documents\/#breadcrumb\",\"itemListElement\":[{\"@type\":\"ListItem\",\"position\":1,\"name\":\"Home\",\"item\":\"https:\/\/api.visittrogir.hr\/hr\/\"},{\"@type\":\"ListItem\",\"position\":2,\"name\":\"Dokumenti i informacije\",\"item\":\"https:\/\/api.visittrogir.hr\/hr\/documents-and-info\/\"},{\"@type\":\"ListItem\",\"position\":3,\"name\":\"Ostali dokumenti\"}]},{\"@type\":\"WebSite\",\"@id\":\"https:\/\/api.visittrogir.hr\/hr\/#website\",\"url\":\"https:\/\/api.visittrogir.hr\/hr\/\",\"name\":\"Turisti\u010dka zajednica grada Trogira\",\"description\":\"\",\"publisher\":{\"@id\":\"https:\/\/api.visittrogir.hr\/hr\/#organization\"},\"potentialAction\":[{\"@type\":\"SearchAction\",\"target\":{\"@type\":\"EntryPoint\",\"urlTemplate\":\"https:\/\/api.visittrogir.hr\/hr\/?s={search_term_string}\"},\"query-input\":\"required name=search_term_string\"}],\"inLanguage\":\"hr\"},{\"@type\":\"Organization\",\"@id\":\"https:\/\/api.visittrogir.hr\/hr\/#organization\",\"name\":\"Turisti\u010dka zajednica grada Trogira\",\"url\":\"https:\/\/api.visittrogir.hr\/hr\/\",\"logo\":{\"@type\":\"ImageObject\",\"inLanguage\":\"hr\",\"@id\":\"https:\/\/api.visittrogir.hr\/hr\/#\/schema\/logo\/image\/\",\"url\":\"https:\/\/api.visittrogir.hr\/wp-content\/uploads\/2023\/03\/tzgt.jpg\",\"contentUrl\":\"https:\/\/api.visittrogir.hr\/wp-content\/uploads\/2023\/03\/tzgt.jpg\",\"width\":627,\"height\":636,\"caption\":\"Turisti\u010dka zajednica grada Trogira\"},\"image\":{\"@id\":\"https:\/\/api.visittrogir.hr\/hr\/#\/schema\/logo\/image\/\"},\"sameAs\":[\"https:\/\/www.facebook.com\/visit.trogir\",\"https:\/\/twitter.com\/visit_trogir\"]}]}<\/script>\n<!-- \/ Yoast SEO plugin. -->","yoast_head_json":{"title":"Ostali dokumenti - Turisti\u010dka zajednica grada Trogira","robots":{"index":"noindex","follow":"follow","max-snippet":"max-snippet:-1","max-image-preview":"max-image-preview:large","max-video-preview":"max-video-preview:-1"},"og_locale":"hr_HR","og_type":"article","og_title":"Ostali dokumenti - Turisti\u010dka zajednica grada Trogira","og_url":"https:\/\/api.visittrogir.hr\/hr\/documents-and-info\/other-documents\/","og_site_name":"Turisti\u010dka zajednica grada Trogira","article_publisher":"https:\/\/www.facebook.com\/visit.trogir","article_modified_time":"2025-05-15T08:55:22+00:00","twitter_card":"summary_large_image","twitter_site":"@visit_trogir","schema":{"@context":"https:\/\/schema.org","@graph":[{"@type":"WebPage","@id":"https:\/\/api.visittrogir.hr\/hr\/documents-and-info\/other-documents\/","url":"https:\/\/api.visittrogir.hr\/hr\/documents-and-info\/other-documents\/","name":"Ostali dokumenti - Turisti\u010dka zajednica grada Trogira","isPartOf":{"@id":"https:\/\/api.visittrogir.hr\/hr\/#website"},"datePublished":"2023-02-06T09:33:39+00:00","dateModified":"2025-05-15T08:55:22+00:00","breadcrumb":{"@id":"https:\/\/api.visittrogir.hr\/hr\/documents-and-info\/other-documents\/#breadcrumb"},"inLanguage":"hr","potentialAction":[{"@type":"ReadAction","target":["https:\/\/api.visittrogir.hr\/hr\/documents-and-info\/other-documents\/"]}]},{"@type":"BreadcrumbList","@id":"https:\/\/api.visittrogir.hr\/hr\/documents-and-info\/other-documents\/#breadcrumb","itemListElement":[{"@type":"ListItem","position":1,"name":"Home","item":"https:\/\/api.visittrogir.hr\/hr\/"},{"@type":"ListItem","position":2,"name":"Dokumenti i informacije","item":"https:\/\/api.visittrogir.hr\/hr\/documents-and-info\/"},{"@type":"ListItem","position":3,"name":"Ostali dokumenti"}]},{"@type":"WebSite","@id":"https:\/\/api.visittrogir.hr\/hr\/#website","url":"https:\/\/api.visittrogir.hr\/hr\/","name":"Turisti\u010dka zajednica grada Trogira","description":"","publisher":{"@id":"https:\/\/api.visittrogir.hr\/hr\/#organization"},"potentialAction":[{"@type":"SearchAction","target":{"@type":"EntryPoint","urlTemplate":"https:\/\/api.visittrogir.hr\/hr\/?s={search_term_string}"},"query-input":"required name=search_term_string"}],"inLanguage":"hr"},{"@type":"Organization","@id":"https:\/\/api.visittrogir.hr\/hr\/#organization","name":"Turisti\u010dka zajednica grada Trogira","url":"https:\/\/api.visittrogir.hr\/hr\/","logo":{"@type":"ImageObject","inLanguage":"hr","@id":"https:\/\/api.visittrogir.hr\/hr\/#\/schema\/logo\/image\/","url":"https:\/\/api.visittrogir.hr\/wp-content\/uploads\/2023\/03\/tzgt.jpg","contentUrl":"https:\/\/api.visittrogir.hr\/wp-content\/uploads\/2023\/03\/tzgt.jpg","width":627,"height":636,"caption":"Turisti\u010dka zajednica grada Trogira"},"image":{"@id":"https:\/\/api.visittrogir.hr\/hr\/#\/schema\/logo\/image\/"},"sameAs":["https:\/\/www.facebook.com\/visit.trogir","https:\/\/twitter.com\/visit_trogir"]}]}},"_links":{"self":[{"href":"https:\/\/api.visittrogir.hr\/hr\/wp-json\/wp\/v2\/pages\/818","targetHints":{"allow":["GET"]}}],"collection":[{"href":"https:\/\/api.visittrogir.hr\/hr\/wp-json\/wp\/v2\/pages"}],"about":[{"href":"https:\/\/api.visittrogir.hr\/hr\/wp-json\/wp\/v2\/types\/page"}],"author":[{"embeddable":true,"href":"https:\/\/api.visittrogir.hr\/hr\/wp-json\/wp\/v2\/users\/1"}],"replies":[{"embeddable":true,"href":"https:\/\/api.visittrogir.hr\/hr\/wp-json\/wp\/v2\/comments?post=818"}],"version-history":[{"count":11,"href":"https:\/\/api.visittrogir.hr\/hr\/wp-json\/wp\/v2\/pages\/818\/revisions"}],"predecessor-version":[{"id":13035,"href":"https:\/\/api.visittrogir.hr\/hr\/wp-json\/wp\/v2\/pages\/818\/revisions\/13035"}],"up":[{"embeddable":true,"href":"https:\/\/api.visittrogir.hr\/hr\/wp-json\/wp\/v2\/pages\/649"}],"wp:attachment":[{"href":"https:\/\/api.visittrogir.hr\/hr\/wp-json\/wp\/v2\/media?parent=818"}],"curies":[{"name":"wp","href":"https:\/\/api.w.org\/{rel}","templated":true}]}}