{"id":911,"date":"2023-03-09T12:30:58","date_gmt":"2023-03-09T12:30:58","guid":{"rendered":"https:\/\/api.visittrogir.hr\/?page_id=911"},"modified":"2023-10-02T09:25:10","modified_gmt":"2023-10-02T09:25:10","slug":"tourist","status":"publish","type":"page","link":"https:\/\/api.visittrogir.hr\/hr\/tourist\/","title":{"rendered":"Turist"},"content":{"rendered":"","protected":false},"excerpt":{"rendered":"","protected":false},"author":1,"featured_media":0,"parent":0,"menu_order":0,"comment_status":"closed","ping_status":"closed","template":"\/var\/www\/api.visittrogir.hr\/source\/wordpress\/wp-content\/plugins\/tz-trogir-endpoint-customization\/inc\/inc\/templates\/tourist-page-template.php","meta":{"footnotes":""},"class_list":["post-911","page","type-page","status-publish","hentry"],"acf":{"hero_msg":"Dobro do\u0161li u grad majstora","events":"Aktivnosti","events_empty":"Trenutno nema aktivnih doga\u0111anja","blogs":"Blog","blogs_empty":"Trenutno nema blogova","master":{"title_gold":"Majstori","title_gray":"Obilje\u017eili","content":"<p style=\"text-align: center;\">Zahvaljuju\u0107i svojem geografskom polo\u017eaju Trogir je od pamtivijeka bio idealno mjesto za \u017eivot. S prirodno za\u0161ti\u0107enom lukom, brojnim izvorima pitke vode, plodnim tlom u zale\u0111u grada te s kamenom iz lokalnih kamenoloma Trogir je neprekinuto nastanjen ve\u0107 vi\u0161e od 3600 godina. Ovaj nadahnjuju\u0107i mediteranski grad jo\u0161 je od vremena starih Grka privla\u010dio brojne majstore koji su ovdje \u017eivjeli i stvarali. Razni umjetnici ovdje su prona\u0161li inspiraciju i ostavili brojne tragove svojeg djelovanja.<\/p>\n<p style=\"text-align: center;\">Trogir je grad majstora, grad koji nas polako, ali uvjerljivo, uvla\u010di u za\u010darani labirint ljepote, u uske kamene uli\u010dice sazdane od \u017eutoga glatkog kamena, toplih boja poslijepodnevnog sunca. Ovaj je grad majstora svoju pri\u010du zapo\u010deo portalom Majstora Radovana, Muscardellom, Ale\u0161ijem, Firentincem, Duknovi\u0107em i Bla\u017eom Jurjevom Trogiraninom. Ti majstori ozna\u010dili su prekretnicu u povijesti Trogira, smjestiv\u0161i ga u sam svjetski umjetni\u010dki vrh.<\/p>\n"},"walk_banner":{"title":"Virtualna \u0161etnja","text":"Istra\u017eite Trogir, sve njegove jedinstvene znamenitosti i skrivene pitoreskne uli\u010dice kroz virtualnu \u0161etnju!","btn":"\u0160etnja 360\u00b0"},"outdoor_banner":{"title":"Trogir Outdoor Festival","text":"Iskusite aktivan odmor u Trogiru tijekom svibnja, uz Trogir Outdoor Festival s raznolikim utrkama, triatlonom i jedrenjem.","btn":"Posjeti stranicu"},"social":{"title":"Pove\u017ei se na dru\u0161tvenim mre\u017eama","text":"Objavite svoju omiljenu uspomenu i ozna\u010dite nas s #markedbymasters.","instagram_btn":"Posjeti instagram","facebook_btn":"Posjeti facebook"}},"translations":{"en":"tourist","hr":"tourist"},"yoast_head":"<!-- This site is optimized with the Yoast SEO plugin v20.5 - https:\/\/yoast.com\/wordpress\/plugins\/seo\/ -->\n<title>Turist - Turisti\u010dka zajednica grada Trogira<\/title>\n<meta name=\"robots\" content=\"noindex, follow, max-snippet:-1, max-image-preview:large, max-video-preview:-1\" \/>\n<meta property=\"og:locale\" content=\"hr_HR\" \/>\n<meta property=\"og:type\" content=\"article\" \/>\n<meta property=\"og:title\" content=\"Turist - Turisti\u010dka zajednica grada Trogira\" \/>\n<meta property=\"og:url\" content=\"https:\/\/api.visittrogir.hr\/hr\/tourist\/\" \/>\n<meta property=\"og:site_name\" content=\"Turisti\u010dka zajednica grada Trogira\" \/>\n<meta property=\"article:publisher\" content=\"https:\/\/www.facebook.com\/visit.trogir\" \/>\n<meta property=\"article:modified_time\" content=\"2023-10-02T09:25:10+00:00\" \/>\n<meta name=\"twitter:card\" content=\"summary_large_image\" \/>\n<meta name=\"twitter:site\" content=\"@visit_trogir\" \/>\n<script type=\"application\/ld+json\" class=\"yoast-schema-graph\">{\"@context\":\"https:\/\/schema.org\",\"@graph\":[{\"@type\":\"WebPage\",\"@id\":\"https:\/\/api.visittrogir.hr\/hr\/tourist\/\",\"url\":\"https:\/\/api.visittrogir.hr\/hr\/tourist\/\",\"name\":\"Turist - Turisti\u010dka zajednica grada Trogira\",\"isPartOf\":{\"@id\":\"https:\/\/api.visittrogir.hr\/hr\/#website\"},\"datePublished\":\"2023-03-09T12:30:58+00:00\",\"dateModified\":\"2023-10-02T09:25:10+00:00\",\"breadcrumb\":{\"@id\":\"https:\/\/api.visittrogir.hr\/hr\/tourist\/#breadcrumb\"},\"inLanguage\":\"hr\",\"potentialAction\":[{\"@type\":\"ReadAction\",\"target\":[\"https:\/\/api.visittrogir.hr\/hr\/tourist\/\"]}]},{\"@type\":\"BreadcrumbList\",\"@id\":\"https:\/\/api.visittrogir.hr\/hr\/tourist\/#breadcrumb\",\"itemListElement\":[{\"@type\":\"ListItem\",\"position\":1,\"name\":\"Home\",\"item\":\"https:\/\/api.visittrogir.hr\/hr\/\"},{\"@type\":\"ListItem\",\"position\":2,\"name\":\"Turist\"}]},{\"@type\":\"WebSite\",\"@id\":\"https:\/\/api.visittrogir.hr\/hr\/#website\",\"url\":\"https:\/\/api.visittrogir.hr\/hr\/\",\"name\":\"Turisti\u010dka zajednica grada Trogira\",\"description\":\"\",\"publisher\":{\"@id\":\"https:\/\/api.visittrogir.hr\/hr\/#organization\"},\"potentialAction\":[{\"@type\":\"SearchAction\",\"target\":{\"@type\":\"EntryPoint\",\"urlTemplate\":\"https:\/\/api.visittrogir.hr\/hr\/?s={search_term_string}\"},\"query-input\":\"required name=search_term_string\"}],\"inLanguage\":\"hr\"},{\"@type\":\"Organization\",\"@id\":\"https:\/\/api.visittrogir.hr\/hr\/#organization\",\"name\":\"Turisti\u010dka zajednica grada Trogira\",\"url\":\"https:\/\/api.visittrogir.hr\/hr\/\",\"logo\":{\"@type\":\"ImageObject\",\"inLanguage\":\"hr\",\"@id\":\"https:\/\/api.visittrogir.hr\/hr\/#\/schema\/logo\/image\/\",\"url\":\"https:\/\/api.visittrogir.hr\/wp-content\/uploads\/2023\/03\/tzgt.jpg\",\"contentUrl\":\"https:\/\/api.visittrogir.hr\/wp-content\/uploads\/2023\/03\/tzgt.jpg\",\"width\":627,\"height\":636,\"caption\":\"Turisti\u010dka zajednica grada Trogira\"},\"image\":{\"@id\":\"https:\/\/api.visittrogir.hr\/hr\/#\/schema\/logo\/image\/\"},\"sameAs\":[\"https:\/\/www.facebook.com\/visit.trogir\",\"https:\/\/twitter.com\/visit_trogir\"]}]}<\/script>\n<!-- \/ Yoast SEO plugin. -->","yoast_head_json":{"title":"Turist - Turisti\u010dka zajednica grada Trogira","robots":{"index":"noindex","follow":"follow","max-snippet":"max-snippet:-1","max-image-preview":"max-image-preview:large","max-video-preview":"max-video-preview:-1"},"og_locale":"hr_HR","og_type":"article","og_title":"Turist - Turisti\u010dka zajednica grada Trogira","og_url":"https:\/\/api.visittrogir.hr\/hr\/tourist\/","og_site_name":"Turisti\u010dka zajednica grada Trogira","article_publisher":"https:\/\/www.facebook.com\/visit.trogir","article_modified_time":"2023-10-02T09:25:10+00:00","twitter_card":"summary_large_image","twitter_site":"@visit_trogir","schema":{"@context":"https:\/\/schema.org","@graph":[{"@type":"WebPage","@id":"https:\/\/api.visittrogir.hr\/hr\/tourist\/","url":"https:\/\/api.visittrogir.hr\/hr\/tourist\/","name":"Turist - Turisti\u010dka zajednica grada Trogira","isPartOf":{"@id":"https:\/\/api.visittrogir.hr\/hr\/#website"},"datePublished":"2023-03-09T12:30:58+00:00","dateModified":"2023-10-02T09:25:10+00:00","breadcrumb":{"@id":"https:\/\/api.visittrogir.hr\/hr\/tourist\/#breadcrumb"},"inLanguage":"hr","potentialAction":[{"@type":"ReadAction","target":["https:\/\/api.visittrogir.hr\/hr\/tourist\/"]}]},{"@type":"BreadcrumbList","@id":"https:\/\/api.visittrogir.hr\/hr\/tourist\/#breadcrumb","itemListElement":[{"@type":"ListItem","position":1,"name":"Home","item":"https:\/\/api.visittrogir.hr\/hr\/"},{"@type":"ListItem","position":2,"name":"Turist"}]},{"@type":"WebSite","@id":"https:\/\/api.visittrogir.hr\/hr\/#website","url":"https:\/\/api.visittrogir.hr\/hr\/","name":"Turisti\u010dka zajednica grada Trogira","description":"","publisher":{"@id":"https:\/\/api.visittrogir.hr\/hr\/#organization"},"potentialAction":[{"@type":"SearchAction","target":{"@type":"EntryPoint","urlTemplate":"https:\/\/api.visittrogir.hr\/hr\/?s={search_term_string}"},"query-input":"required name=search_term_string"}],"inLanguage":"hr"},{"@type":"Organization","@id":"https:\/\/api.visittrogir.hr\/hr\/#organization","name":"Turisti\u010dka zajednica grada Trogira","url":"https:\/\/api.visittrogir.hr\/hr\/","logo":{"@type":"ImageObject","inLanguage":"hr","@id":"https:\/\/api.visittrogir.hr\/hr\/#\/schema\/logo\/image\/","url":"https:\/\/api.visittrogir.hr\/wp-content\/uploads\/2023\/03\/tzgt.jpg","contentUrl":"https:\/\/api.visittrogir.hr\/wp-content\/uploads\/2023\/03\/tzgt.jpg","width":627,"height":636,"caption":"Turisti\u010dka zajednica grada Trogira"},"image":{"@id":"https:\/\/api.visittrogir.hr\/hr\/#\/schema\/logo\/image\/"},"sameAs":["https:\/\/www.facebook.com\/visit.trogir","https:\/\/twitter.com\/visit_trogir"]}]}},"_links":{"self":[{"href":"https:\/\/api.visittrogir.hr\/hr\/wp-json\/wp\/v2\/pages\/911","targetHints":{"allow":["GET"]}}],"collection":[{"href":"https:\/\/api.visittrogir.hr\/hr\/wp-json\/wp\/v2\/pages"}],"about":[{"href":"https:\/\/api.visittrogir.hr\/hr\/wp-json\/wp\/v2\/types\/page"}],"author":[{"embeddable":true,"href":"https:\/\/api.visittrogir.hr\/hr\/wp-json\/wp\/v2\/users\/1"}],"replies":[{"embeddable":true,"href":"https:\/\/api.visittrogir.hr\/hr\/wp-json\/wp\/v2\/comments?post=911"}],"version-history":[{"count":5,"href":"https:\/\/api.visittrogir.hr\/hr\/wp-json\/wp\/v2\/pages\/911\/revisions"}],"predecessor-version":[{"id":6999,"href":"https:\/\/api.visittrogir.hr\/hr\/wp-json\/wp\/v2\/pages\/911\/revisions\/6999"}],"wp:attachment":[{"href":"https:\/\/api.visittrogir.hr\/hr\/wp-json\/wp\/v2\/media?parent=911"}],"curies":[{"name":"wp","href":"https:\/\/api.w.org\/{rel}","templated":true}]}}