{"id":924,"date":"2023-03-15T11:45:53","date_gmt":"2023-03-15T11:45:53","guid":{"rendered":"https:\/\/api.visittrogir.hr\/?page_id=924"},"modified":"2023-04-27T11:51:13","modified_gmt":"2023-04-27T11:51:13","slug":"masters","status":"publish","type":"page","link":"https:\/\/api.visittrogir.hr\/hr\/masters\/","title":{"rendered":"Majstori"},"content":{"rendered":"","protected":false},"excerpt":{"rendered":"","protected":false},"author":1,"featured_media":0,"parent":0,"menu_order":0,"comment_status":"closed","ping_status":"closed","template":"\/var\/www\/api.visittrogir.hr\/source\/wordpress\/wp-content\/plugins\/tz-trogir-endpoint-customization\/inc\/inc\/templates\/masters-page-template.php","meta":{"footnotes":""},"class_list":["post-924","page","type-page","status-publish","hentry"],"acf":{"page_title":"Dobrodo\u0161li u Trogir - grad majstora!","page_sections":[{"title":"<p>Grad koji ostavlja neizbrisiv trag<\/p>\n","content":"<p>Trogir u svojim kamenim uli\u010dicama \u010duva brojne tragove doma\u0107ih i svjetskih majstora koji pozivaju na otkrivanje. Vje\u0161to urezani u kamene fasade grada, naizgled bezna\u010dajni zarezi, udubljenja, crtice, polumjeseci, cvjetovi, listovi i gran\u010dice, sjekire, nacrti, trlje, otkrivaju se tek pomnom oku znati\u017eeljnog promatra\u010da koji u njima vidi sve bogatstvo umjetnosti, ali i radosti svakodnevnog \u017eivota ujedinjenog u Trogiru.<\/p>\n<p>Znakovi ili tragovi koje su ostavili majstori nikada ne\u0107e oti\u0107i u zaborav. Svjedo\u010de o tome da su ti ljudi ovdje ne samo stvarali, na \u0161to upu\u0107uju podignuta zdanja, nego da su ovdje i u\u017eivali u \u017eivotu, \u0161to pokazuju razli\u010dite igre urezane oko crkve Ivana Krstitelja i na ulazu u katedralu.<\/p>\n"},{"title":"<p style=\"text-align: center;\">Trogir se urezuje u srce i um i te\u0161ko odlazi u zaborav. Jednom kad ga posjetimo uvijek je s nama!<\/p>\n","content":"<p style=\"text-align: center;\">Trogir je jedinstveni primjer u povijesti europskog graditeljstva i grad je s najve\u0107im brojem takvih kamenih tragova, odnosno znakova u Europi. Svaki od njih nosi svoje zna\u010denje. Neki su obilje\u017eavali zavr\u0161etak gradnje i radova, neki su potpis majstora, a neki pak predstavljaju zavjetne molitve, osobne pe\u010date majstora te igre poput \u0161aha i trlje koje su slu\u017eile za zabavu i razonodu majstora u predahu od gradnje.<\/p>\n<p style=\"text-align: center;\">Nenametljivi, a opet tako sna\u017eno prisutni, ovi znakovi u kamenu najlak\u0161e se uo\u010davaju na pro\u010deljima i unutra\u0161njim zidovima katedrale Sv. Lovre i crkve Sv. Ivana Krstitelja.<\/p>\n"},{"title":"<p style=\"text-align: center;\">Tragovima suvremenih majstora<\/p>\n","content":"<p>No\u0161eni istim vjekovnim nadahnu\u0107em, tradiciju majstorstva u Trogiru neumorno \u010duvaju i suvremeni majstori umjetnosti, obrtni\u0161tva i gastronomije. Njihove majstorske radionice otkrit \u0107e vam sasvim drugi svijet, onaj koji pobu\u0111uje znati\u017eelju i ispunjava vas osje\u0107ajem sre\u0107e i zadovoljstva.<\/p>\n<p>Suvremeni slikari, kipari i klesari svojim djelima urezuju se u pam\u0107enje i u srce. Majstorice od rafiola i majstori roga\u010da, vina, maslinovog ulja nude neponovljive do\u017eivljaje za nepce, dok majstori ko\u017eari, majstori od ve\u0161tita i majstori koraljnog nakita svojim radovima prenose duh grada svuda po svijetu.<\/p>\n<p>Posjetite brojne trogirske konobe i restorane s raznovrsnom i ma\u0161tovitom gastronomskom ponudom. Ne zaboravite ku\u0161ati tradicionalne specijalitete, poput pa\u0161ticade i rafiola. Majstorice od rafiola od ovog ukusnog deserta kreiraju prava mala umjetni\u010dka djela i neponovljive do\u017eivljaje za nepce kojima \u0107ete se uvijek htjeti vratiti.<\/p>\n"}],"story_section":[{"info":"TRE\u0106E STOLJE\u0106E PRIJE KRISTA","text":"Trogir su osnovali gr\u010dki kolonisti."},{"info":"1064. G","text":"Utemeljen samostan sv. Nikole, jedini \u017eenski samostan u Trogiru koji je i danas u funkciji."},{"info":"1240. G","text":"Zavr\u0161en radovanov portal, monumentalno i jedinstveno djelo velikog hrvatskog umjetnika."},{"info":"1271. G","text":"U jednoj od ku\u0107a na glavnom gradskom trgu osniva se prva ljekarna u europi."},{"info":"KRAJ 13. STOLJE\u0106A","text":"Sagra\u0111ena gradska lo\u017ea, jedna od najpoznatijih kulturnih znamenitosti u Trogiru."},{"info":"1322. G","text":"Napisan prvi statut grada Trogira."},{"info":"15. STOLJE\u0106E","text":"Sagre\u0111ena kula Kamerlengo."},{"info":"1938. G","text":"Zavr\u0161en reljef bana i biskupa Petra Berislavi\u0107a u gradskoj lo\u017eI, djelo Ivana Me\u0161trovi\u0107a."},{"info":"1997. G","text":"Trogir je uvr\u0161ten na listu Unesco-ve kulturne ba\u0161tine."}]},"translations":{"en":"masters","hr":"masters"},"yoast_head":"<!-- This site is optimized with the Yoast SEO plugin v20.5 - https:\/\/yoast.com\/wordpress\/plugins\/seo\/ -->\n<title>Majstori - Turisti\u010dka zajednica grada Trogira<\/title>\n<meta name=\"robots\" content=\"noindex, follow, max-snippet:-1, max-image-preview:large, max-video-preview:-1\" \/>\n<meta property=\"og:locale\" content=\"hr_HR\" \/>\n<meta property=\"og:type\" content=\"article\" \/>\n<meta property=\"og:title\" content=\"Majstori - Turisti\u010dka zajednica grada Trogira\" \/>\n<meta property=\"og:url\" content=\"https:\/\/api.visittrogir.hr\/hr\/masters\/\" \/>\n<meta property=\"og:site_name\" content=\"Turisti\u010dka zajednica grada Trogira\" \/>\n<meta property=\"article:publisher\" content=\"https:\/\/www.facebook.com\/visit.trogir\" \/>\n<meta property=\"article:modified_time\" content=\"2023-04-27T11:51:13+00:00\" \/>\n<meta name=\"twitter:card\" content=\"summary_large_image\" \/>\n<meta name=\"twitter:site\" content=\"@visit_trogir\" \/>\n<script type=\"application\/ld+json\" class=\"yoast-schema-graph\">{\"@context\":\"https:\/\/schema.org\",\"@graph\":[{\"@type\":\"WebPage\",\"@id\":\"https:\/\/api.visittrogir.hr\/hr\/masters\/\",\"url\":\"https:\/\/api.visittrogir.hr\/hr\/masters\/\",\"name\":\"Majstori - Turisti\u010dka zajednica grada Trogira\",\"isPartOf\":{\"@id\":\"https:\/\/api.visittrogir.hr\/hr\/#website\"},\"datePublished\":\"2023-03-15T11:45:53+00:00\",\"dateModified\":\"2023-04-27T11:51:13+00:00\",\"breadcrumb\":{\"@id\":\"https:\/\/api.visittrogir.hr\/hr\/masters\/#breadcrumb\"},\"inLanguage\":\"hr\",\"potentialAction\":[{\"@type\":\"ReadAction\",\"target\":[\"https:\/\/api.visittrogir.hr\/hr\/masters\/\"]}]},{\"@type\":\"BreadcrumbList\",\"@id\":\"https:\/\/api.visittrogir.hr\/hr\/masters\/#breadcrumb\",\"itemListElement\":[{\"@type\":\"ListItem\",\"position\":1,\"name\":\"Home\",\"item\":\"https:\/\/api.visittrogir.hr\/hr\/\"},{\"@type\":\"ListItem\",\"position\":2,\"name\":\"Majstori\"}]},{\"@type\":\"WebSite\",\"@id\":\"https:\/\/api.visittrogir.hr\/hr\/#website\",\"url\":\"https:\/\/api.visittrogir.hr\/hr\/\",\"name\":\"Turisti\u010dka zajednica grada Trogira\",\"description\":\"\",\"publisher\":{\"@id\":\"https:\/\/api.visittrogir.hr\/hr\/#organization\"},\"potentialAction\":[{\"@type\":\"SearchAction\",\"target\":{\"@type\":\"EntryPoint\",\"urlTemplate\":\"https:\/\/api.visittrogir.hr\/hr\/?s={search_term_string}\"},\"query-input\":\"required name=search_term_string\"}],\"inLanguage\":\"hr\"},{\"@type\":\"Organization\",\"@id\":\"https:\/\/api.visittrogir.hr\/hr\/#organization\",\"name\":\"Turisti\u010dka zajednica grada Trogira\",\"url\":\"https:\/\/api.visittrogir.hr\/hr\/\",\"logo\":{\"@type\":\"ImageObject\",\"inLanguage\":\"hr\",\"@id\":\"https:\/\/api.visittrogir.hr\/hr\/#\/schema\/logo\/image\/\",\"url\":\"https:\/\/api.visittrogir.hr\/wp-content\/uploads\/2023\/03\/tzgt.jpg\",\"contentUrl\":\"https:\/\/api.visittrogir.hr\/wp-content\/uploads\/2023\/03\/tzgt.jpg\",\"width\":627,\"height\":636,\"caption\":\"Turisti\u010dka zajednica grada Trogira\"},\"image\":{\"@id\":\"https:\/\/api.visittrogir.hr\/hr\/#\/schema\/logo\/image\/\"},\"sameAs\":[\"https:\/\/www.facebook.com\/visit.trogir\",\"https:\/\/twitter.com\/visit_trogir\"]}]}<\/script>\n<!-- \/ Yoast SEO plugin. -->","yoast_head_json":{"title":"Majstori - Turisti\u010dka zajednica grada Trogira","robots":{"index":"noindex","follow":"follow","max-snippet":"max-snippet:-1","max-image-preview":"max-image-preview:large","max-video-preview":"max-video-preview:-1"},"og_locale":"hr_HR","og_type":"article","og_title":"Majstori - Turisti\u010dka zajednica grada Trogira","og_url":"https:\/\/api.visittrogir.hr\/hr\/masters\/","og_site_name":"Turisti\u010dka zajednica grada Trogira","article_publisher":"https:\/\/www.facebook.com\/visit.trogir","article_modified_time":"2023-04-27T11:51:13+00:00","twitter_card":"summary_large_image","twitter_site":"@visit_trogir","schema":{"@context":"https:\/\/schema.org","@graph":[{"@type":"WebPage","@id":"https:\/\/api.visittrogir.hr\/hr\/masters\/","url":"https:\/\/api.visittrogir.hr\/hr\/masters\/","name":"Majstori - Turisti\u010dka zajednica grada Trogira","isPartOf":{"@id":"https:\/\/api.visittrogir.hr\/hr\/#website"},"datePublished":"2023-03-15T11:45:53+00:00","dateModified":"2023-04-27T11:51:13+00:00","breadcrumb":{"@id":"https:\/\/api.visittrogir.hr\/hr\/masters\/#breadcrumb"},"inLanguage":"hr","potentialAction":[{"@type":"ReadAction","target":["https:\/\/api.visittrogir.hr\/hr\/masters\/"]}]},{"@type":"BreadcrumbList","@id":"https:\/\/api.visittrogir.hr\/hr\/masters\/#breadcrumb","itemListElement":[{"@type":"ListItem","position":1,"name":"Home","item":"https:\/\/api.visittrogir.hr\/hr\/"},{"@type":"ListItem","position":2,"name":"Majstori"}]},{"@type":"WebSite","@id":"https:\/\/api.visittrogir.hr\/hr\/#website","url":"https:\/\/api.visittrogir.hr\/hr\/","name":"Turisti\u010dka zajednica grada Trogira","description":"","publisher":{"@id":"https:\/\/api.visittrogir.hr\/hr\/#organization"},"potentialAction":[{"@type":"SearchAction","target":{"@type":"EntryPoint","urlTemplate":"https:\/\/api.visittrogir.hr\/hr\/?s={search_term_string}"},"query-input":"required name=search_term_string"}],"inLanguage":"hr"},{"@type":"Organization","@id":"https:\/\/api.visittrogir.hr\/hr\/#organization","name":"Turisti\u010dka zajednica grada Trogira","url":"https:\/\/api.visittrogir.hr\/hr\/","logo":{"@type":"ImageObject","inLanguage":"hr","@id":"https:\/\/api.visittrogir.hr\/hr\/#\/schema\/logo\/image\/","url":"https:\/\/api.visittrogir.hr\/wp-content\/uploads\/2023\/03\/tzgt.jpg","contentUrl":"https:\/\/api.visittrogir.hr\/wp-content\/uploads\/2023\/03\/tzgt.jpg","width":627,"height":636,"caption":"Turisti\u010dka zajednica grada Trogira"},"image":{"@id":"https:\/\/api.visittrogir.hr\/hr\/#\/schema\/logo\/image\/"},"sameAs":["https:\/\/www.facebook.com\/visit.trogir","https:\/\/twitter.com\/visit_trogir"]}]}},"_links":{"self":[{"href":"https:\/\/api.visittrogir.hr\/hr\/wp-json\/wp\/v2\/pages\/924","targetHints":{"allow":["GET"]}}],"collection":[{"href":"https:\/\/api.visittrogir.hr\/hr\/wp-json\/wp\/v2\/pages"}],"about":[{"href":"https:\/\/api.visittrogir.hr\/hr\/wp-json\/wp\/v2\/types\/page"}],"author":[{"embeddable":true,"href":"https:\/\/api.visittrogir.hr\/hr\/wp-json\/wp\/v2\/users\/1"}],"replies":[{"embeddable":true,"href":"https:\/\/api.visittrogir.hr\/hr\/wp-json\/wp\/v2\/comments?post=924"}],"version-history":[{"count":2,"href":"https:\/\/api.visittrogir.hr\/hr\/wp-json\/wp\/v2\/pages\/924\/revisions"}],"predecessor-version":[{"id":1884,"href":"https:\/\/api.visittrogir.hr\/hr\/wp-json\/wp\/v2\/pages\/924\/revisions\/1884"}],"wp:attachment":[{"href":"https:\/\/api.visittrogir.hr\/hr\/wp-json\/wp\/v2\/media?parent=924"}],"curies":[{"name":"wp","href":"https:\/\/api.w.org\/{rel}","templated":true}]}}